{"id":81863,"date":"2026-02-10T20:48:25","date_gmt":"2026-02-10T18:48:25","guid":{"rendered":"https:\/\/emikafashion.com\/?post_type=product&#038;p=81863"},"modified":"2026-04-22T12:06:10","modified_gmt":"2026-04-22T09:06:10","slug":"feminique-smooth-knit-dress-with-lace-detailing-230396","status":"publish","type":"product","link":"https:\/\/emikafashion.com\/et\/product\/feminique-smooth-knit-dress-with-lace-detailing-230396\/","title":{"rendered":"Feminique Smooth-Knit Dress with Lace Detailing"},"content":{"rendered":"<p>Feminine, refined, and effortlessly comfortable \u2014 this dress is perfect for both everyday elegance and special occasions. The minimalist silhouette is complemented by a delicate lace hem, adding lightness and a romantic touch.<\/p>\n<p>Made from high-quality smooth-knit jersey, it drapes softly, keeps its shape, and feels pleasant against the skin.<br \/>\n\u2022 68% viscose \u2014 soft and breathable<br \/>\n\u2022 18% elastane \u2014 flexible and comfortable<br \/>\n\u2022 14% nylon \u2014 durable and polished<\/p>\n<p>The straight, softly fitted cut highlights the figure without clinging too tightly. A high neckline and long sleeves make it ideal for the cooler season, while the lace trim adds a sophisticated, feminine finish.<br \/>\nLength: 105 cm<\/p>\n","protected":false},"excerpt":{"rendered":"<p>Feminine, refined, and effortlessly comfortable \u2014 this dress is perfect for both everyday elegance and special occasions. The minimalist silhouette is complemented by a delicate lace hem, adding lightness and a romantic touch. Made from high-quality smooth-knit jersey, it drapes softly, keeps its shape, and feels pleasant against the skin. \u2022 68% viscose \u2014 soft [&#8230;]\n","protected":false},"featured_media":84007,"template":"","meta":[],"product_brand":[],"product_cat":[247,249],"product_tag":[],"class_list":{"0":"post-81863","1":"product","2":"type-product","3":"status-publish","4":"has-post-thumbnail","6":"product_cat-casual-dresses","7":"product_cat-warm-knitted-dresses","9":"first","10":"instock","11":"taxable","12":"shipping-taxable","13":"purchasable","14":"product-type-variable"},"yoast_head":"<!-- This site is optimized with the Yoast SEO plugin v26.2 - https:\/\/yoast.com\/wordpress\/plugins\/seo\/ -->\n<title>Feminique Smooth-Knit Dress with Lace Detailing - Emika Fashion - naiste riided, kleidid, \u00f5htukleidid, kokteilikleidid, peokleidid, pidulikud kleidid, p\u00fckskost\u00fc\u00fcmid, seelikud, l\u00fchikesed p\u00fcksid, korsetid, pluusid | Eesti, Tallinn |<\/title>\n<meta name=\"robots\" content=\"index, follow, max-snippet:-1, max-image-preview:large, max-video-preview:-1\" \/>\n<link rel=\"canonical\" href=\"https:\/\/emikafashion.com\/et\/product\/feminique-smooth-knit-dress-with-lace-detailing-230396\/\" \/>\n<meta property=\"og:locale\" content=\"et_EE\" \/>\n<meta property=\"og:type\" content=\"article\" \/>\n<meta property=\"og:title\" content=\"Feminique Smooth-Knit Dress with Lace Detailing - Emika Fashion - naiste riided, kleidid, \u00f5htukleidid, kokteilikleidid, peokleidid, pidulikud kleidid, p\u00fckskost\u00fc\u00fcmid, seelikud, l\u00fchikesed p\u00fcksid, korsetid, pluusid | Eesti, Tallinn |\" \/>\n<meta property=\"og:description\" content=\"Feminine, refined, and effortlessly comfortable \u2014 this dress is perfect for both everyday elegance and special occasions. The minimalist silhouette is complemented by a delicate lace hem, adding lightness and a romantic touch. Made from high-quality smooth-knit jersey, it drapes softly, keeps its shape, and feels pleasant against the skin. \u2022 68% viscose \u2014 soft [...]\" \/>\n<meta property=\"og:url\" content=\"https:\/\/emikafashion.com\/et\/product\/feminique-smooth-knit-dress-with-lace-detailing-230396\/\" \/>\n<meta property=\"og:site_name\" content=\"Emika Fashion - naiste riided, kleidid, \u00f5htukleidid, kokteilikleidid, peokleidid, pidulikud kleidid, p\u00fckskost\u00fc\u00fcmid, seelikud, l\u00fchikesed p\u00fcksid, korsetid, pluusid | Eesti, Tallinn |\" \/>\n<meta property=\"article:publisher\" content=\"https:\/\/www.facebook.com\/profile.php?id=100071972389525\" \/>\n<meta property=\"article:modified_time\" content=\"2026-04-22T09:06:10+00:00\" \/>\n<meta property=\"og:image\" content=\"https:\/\/emikafashion.com\/wp-content\/uploads\/2026\/02\/01-img_3740-cadr.webp\" \/>\n\t<meta property=\"og:image:width\" content=\"800\" \/>\n\t<meta property=\"og:image:height\" content=\"1067\" \/>\n\t<meta property=\"og:image:type\" content=\"image\/webp\" \/>\n<meta name=\"twitter:card\" content=\"summary_large_image\" \/>\n<script type=\"application\/ld+json\" class=\"yoast-schema-graph\">{\"@context\":\"https:\/\/schema.org\",\"@graph\":[{\"@type\":\"WebPage\",\"@id\":\"https:\/\/emikafashion.com\/et\/product\/feminique-smooth-knit-dress-with-lace-detailing-230396\/\",\"url\":\"https:\/\/emikafashion.com\/et\/product\/feminique-smooth-knit-dress-with-lace-detailing-230396\/\",\"name\":\"Feminique Smooth-Knit Dress with Lace Detailing - Emika Fashion - naiste riided, kleidid, \u00f5htukleidid, kokteilikleidid, peokleidid, pidulikud kleidid, p\u00fckskost\u00fc\u00fcmid, seelikud, l\u00fchikesed p\u00fcksid, korsetid, pluusid | Eesti, Tallinn |\",\"isPartOf\":{\"@id\":\"https:\/\/emikafashion.com\/et\/#website\"},\"primaryImageOfPage\":{\"@id\":\"https:\/\/emikafashion.com\/et\/product\/feminique-smooth-knit-dress-with-lace-detailing-230396\/#primaryimage\"},\"image\":{\"@id\":\"https:\/\/emikafashion.com\/et\/product\/feminique-smooth-knit-dress-with-lace-detailing-230396\/#primaryimage\"},\"thumbnailUrl\":\"https:\/\/emikafashion.com\/wp-content\/uploads\/2026\/02\/01-img_3740-cadr.webp\",\"datePublished\":\"2026-02-10T18:48:25+00:00\",\"dateModified\":\"2026-04-22T09:06:10+00:00\",\"breadcrumb\":{\"@id\":\"https:\/\/emikafashion.com\/et\/product\/feminique-smooth-knit-dress-with-lace-detailing-230396\/#breadcrumb\"},\"inLanguage\":\"et\",\"potentialAction\":[{\"@type\":\"ReadAction\",\"target\":[\"https:\/\/emikafashion.com\/et\/product\/feminique-smooth-knit-dress-with-lace-detailing-230396\/\"]}]},{\"@type\":\"ImageObject\",\"inLanguage\":\"et\",\"@id\":\"https:\/\/emikafashion.com\/et\/product\/feminique-smooth-knit-dress-with-lace-detailing-230396\/#primaryimage\",\"url\":\"https:\/\/emikafashion.com\/wp-content\/uploads\/2026\/02\/01-img_3740-cadr.webp\",\"contentUrl\":\"https:\/\/emikafashion.com\/wp-content\/uploads\/2026\/02\/01-img_3740-cadr.webp\",\"width\":800,\"height\":1067},{\"@type\":\"BreadcrumbList\",\"@id\":\"https:\/\/emikafashion.com\/et\/product\/feminique-smooth-knit-dress-with-lace-detailing-230396\/#breadcrumb\",\"itemListElement\":[{\"@type\":\"ListItem\",\"position\":1,\"name\":\"Home\",\"item\":\"https:\/\/emikafashion.com\/et\/\"},{\"@type\":\"ListItem\",\"position\":2,\"name\":\"Pood\",\"item\":\"https:\/\/emikafashion.com\/et\/pood\/\"},{\"@type\":\"ListItem\",\"position\":3,\"name\":\"Feminique Smooth-Knit Dress with Lace Detailing\"}]},{\"@type\":\"WebSite\",\"@id\":\"https:\/\/emikafashion.com\/et\/#website\",\"url\":\"https:\/\/emikafashion.com\/et\/\",\"name\":\"Emika Fashion - Women's Clothes, Dresses, Evening Dresses, Cocktail Dresses, Party Dresses, Pantsuits, Skirts, Shorts, Corsets, Blouses | Europe |\",\"description\":\"Naiste riided | Naistemoe pood | Kleidid\",\"publisher\":{\"@id\":\"https:\/\/emikafashion.com\/et\/#organization\"},\"potentialAction\":[{\"@type\":\"SearchAction\",\"target\":{\"@type\":\"EntryPoint\",\"urlTemplate\":\"https:\/\/emikafashion.com\/et\/?s={search_term_string}\"},\"query-input\":{\"@type\":\"PropertyValueSpecification\",\"valueRequired\":true,\"valueName\":\"search_term_string\"}}],\"inLanguage\":\"et\"},{\"@type\":\"Organization\",\"@id\":\"https:\/\/emikafashion.com\/et\/#organization\",\"name\":\"Emika Fashion O\u00dc\",\"url\":\"https:\/\/emikafashion.com\/et\/\",\"logo\":{\"@type\":\"ImageObject\",\"inLanguage\":\"et\",\"@id\":\"https:\/\/emikafashion.com\/et\/#\/schema\/logo\/image\/\",\"url\":\"https:\/\/emikafashion.com\/wp-content\/uploads\/2023\/11\/emika-fashion_logo-flat.svg\",\"contentUrl\":\"https:\/\/emikafashion.com\/wp-content\/uploads\/2023\/11\/emika-fashion_logo-flat.svg\",\"width\":1,\"height\":1,\"caption\":\"Emika Fashion O\u00dc\"},\"image\":{\"@id\":\"https:\/\/emikafashion.com\/et\/#\/schema\/logo\/image\/\"},\"sameAs\":[\"https:\/\/www.facebook.com\/profile.php?id=100071972389525\",\"https:\/\/www.instagram.com\/emika_fashion_official\/\"]}]}<\/script>\n<!-- \/ Yoast SEO plugin. -->","yoast_head_json":{"title":"Feminique Smooth-Knit Dress with Lace Detailing - Emika Fashion - naiste riided, kleidid, \u00f5htukleidid, kokteilikleidid, peokleidid, pidulikud kleidid, p\u00fckskost\u00fc\u00fcmid, seelikud, l\u00fchikesed p\u00fcksid, korsetid, pluusid | Eesti, Tallinn |","robots":{"index":"index","follow":"follow","max-snippet":"max-snippet:-1","max-image-preview":"max-image-preview:large","max-video-preview":"max-video-preview:-1"},"canonical":"https:\/\/emikafashion.com\/et\/product\/feminique-smooth-knit-dress-with-lace-detailing-230396\/","og_locale":"et_EE","og_type":"article","og_title":"Feminique Smooth-Knit Dress with Lace Detailing - Emika Fashion - naiste riided, kleidid, \u00f5htukleidid, kokteilikleidid, peokleidid, pidulikud kleidid, p\u00fckskost\u00fc\u00fcmid, seelikud, l\u00fchikesed p\u00fcksid, korsetid, pluusid | Eesti, Tallinn |","og_description":"Feminine, refined, and effortlessly comfortable \u2014 this dress is perfect for both everyday elegance and special occasions. The minimalist silhouette is complemented by a delicate lace hem, adding lightness and a romantic touch. Made from high-quality smooth-knit jersey, it drapes softly, keeps its shape, and feels pleasant against the skin. \u2022 68% viscose \u2014 soft [...]","og_url":"https:\/\/emikafashion.com\/et\/product\/feminique-smooth-knit-dress-with-lace-detailing-230396\/","og_site_name":"Emika Fashion - naiste riided, kleidid, \u00f5htukleidid, kokteilikleidid, peokleidid, pidulikud kleidid, p\u00fckskost\u00fc\u00fcmid, seelikud, l\u00fchikesed p\u00fcksid, korsetid, pluusid | Eesti, Tallinn |","article_publisher":"https:\/\/www.facebook.com\/profile.php?id=100071972389525","article_modified_time":"2026-04-22T09:06:10+00:00","og_image":[{"width":800,"height":1067,"url":"https:\/\/emikafashion.com\/wp-content\/uploads\/2026\/02\/01-img_3740-cadr.webp","type":"image\/webp"}],"twitter_card":"summary_large_image","schema":{"@context":"https:\/\/schema.org","@graph":[{"@type":"WebPage","@id":"https:\/\/emikafashion.com\/et\/product\/feminique-smooth-knit-dress-with-lace-detailing-230396\/","url":"https:\/\/emikafashion.com\/et\/product\/feminique-smooth-knit-dress-with-lace-detailing-230396\/","name":"Feminique Smooth-Knit Dress with Lace Detailing - Emika Fashion - naiste riided, kleidid, \u00f5htukleidid, kokteilikleidid, peokleidid, pidulikud kleidid, p\u00fckskost\u00fc\u00fcmid, seelikud, l\u00fchikesed p\u00fcksid, korsetid, pluusid | Eesti, Tallinn |","isPartOf":{"@id":"https:\/\/emikafashion.com\/et\/#website"},"primaryImageOfPage":{"@id":"https:\/\/emikafashion.com\/et\/product\/feminique-smooth-knit-dress-with-lace-detailing-230396\/#primaryimage"},"image":{"@id":"https:\/\/emikafashion.com\/et\/product\/feminique-smooth-knit-dress-with-lace-detailing-230396\/#primaryimage"},"thumbnailUrl":"https:\/\/emikafashion.com\/wp-content\/uploads\/2026\/02\/01-img_3740-cadr.webp","datePublished":"2026-02-10T18:48:25+00:00","dateModified":"2026-04-22T09:06:10+00:00","breadcrumb":{"@id":"https:\/\/emikafashion.com\/et\/product\/feminique-smooth-knit-dress-with-lace-detailing-230396\/#breadcrumb"},"inLanguage":"et","potentialAction":[{"@type":"ReadAction","target":["https:\/\/emikafashion.com\/et\/product\/feminique-smooth-knit-dress-with-lace-detailing-230396\/"]}]},{"@type":"ImageObject","inLanguage":"et","@id":"https:\/\/emikafashion.com\/et\/product\/feminique-smooth-knit-dress-with-lace-detailing-230396\/#primaryimage","url":"https:\/\/emikafashion.com\/wp-content\/uploads\/2026\/02\/01-img_3740-cadr.webp","contentUrl":"https:\/\/emikafashion.com\/wp-content\/uploads\/2026\/02\/01-img_3740-cadr.webp","width":800,"height":1067},{"@type":"BreadcrumbList","@id":"https:\/\/emikafashion.com\/et\/product\/feminique-smooth-knit-dress-with-lace-detailing-230396\/#breadcrumb","itemListElement":[{"@type":"ListItem","position":1,"name":"Home","item":"https:\/\/emikafashion.com\/et\/"},{"@type":"ListItem","position":2,"name":"Pood","item":"https:\/\/emikafashion.com\/et\/pood\/"},{"@type":"ListItem","position":3,"name":"Feminique Smooth-Knit Dress with Lace Detailing"}]},{"@type":"WebSite","@id":"https:\/\/emikafashion.com\/et\/#website","url":"https:\/\/emikafashion.com\/et\/","name":"Emika Fashion - Women's Clothes, Dresses, Evening Dresses, Cocktail Dresses, Party Dresses, Pantsuits, Skirts, Shorts, Corsets, Blouses | Europe |","description":"Naiste riided | Naistemoe pood | Kleidid","publisher":{"@id":"https:\/\/emikafashion.com\/et\/#organization"},"potentialAction":[{"@type":"SearchAction","target":{"@type":"EntryPoint","urlTemplate":"https:\/\/emikafashion.com\/et\/?s={search_term_string}"},"query-input":{"@type":"PropertyValueSpecification","valueRequired":true,"valueName":"search_term_string"}}],"inLanguage":"et"},{"@type":"Organization","@id":"https:\/\/emikafashion.com\/et\/#organization","name":"Emika Fashion O\u00dc","url":"https:\/\/emikafashion.com\/et\/","logo":{"@type":"ImageObject","inLanguage":"et","@id":"https:\/\/emikafashion.com\/et\/#\/schema\/logo\/image\/","url":"https:\/\/emikafashion.com\/wp-content\/uploads\/2023\/11\/emika-fashion_logo-flat.svg","contentUrl":"https:\/\/emikafashion.com\/wp-content\/uploads\/2023\/11\/emika-fashion_logo-flat.svg","width":1,"height":1,"caption":"Emika Fashion O\u00dc"},"image":{"@id":"https:\/\/emikafashion.com\/et\/#\/schema\/logo\/image\/"},"sameAs":["https:\/\/www.facebook.com\/profile.php?id=100071972389525","https:\/\/www.instagram.com\/emika_fashion_official\/"]}]}},"_links":{"self":[{"href":"https:\/\/emikafashion.com\/et\/wp-json\/wp\/v2\/product\/81863","targetHints":{"allow":["GET"]}}],"collection":[{"href":"https:\/\/emikafashion.com\/et\/wp-json\/wp\/v2\/product"}],"about":[{"href":"https:\/\/emikafashion.com\/et\/wp-json\/wp\/v2\/types\/product"}],"wp:featuredmedia":[{"embeddable":true,"href":"https:\/\/emikafashion.com\/et\/wp-json\/wp\/v2\/media\/84007"}],"wp:attachment":[{"href":"https:\/\/emikafashion.com\/et\/wp-json\/wp\/v2\/media?parent=81863"}],"wp:term":[{"taxonomy":"product_brand","embeddable":true,"href":"https:\/\/emikafashion.com\/et\/wp-json\/wp\/v2\/product_brand?post=81863"},{"taxonomy":"product_cat","embeddable":true,"href":"https:\/\/emikafashion.com\/et\/wp-json\/wp\/v2\/product_cat?post=81863"},{"taxonomy":"product_tag","embeddable":true,"href":"https:\/\/emikafashion.com\/et\/wp-json\/wp\/v2\/product_tag?post=81863"}],"curies":[{"name":"wp","href":"https:\/\/api.w.org\/{rel}","templated":true}]}}