{"id":7942,"date":"2025-01-18T10:00:35","date_gmt":"2025-01-18T08:00:35","guid":{"rendered":"https:\/\/emikafashion.com\/product\/tunic\/"},"modified":"2026-04-13T20:47:23","modified_gmt":"2026-04-13T17:47:23","slug":"tunic-dress-2475","status":"publish","type":"product","link":"https:\/\/emikafashion.com\/et\/product\/tunic-dress-2475\/","title":{"rendered":"Tunic Dress"},"content":{"rendered":"<p>This stylish straight-cut tunic is made from warm and soft natural yarn with elastane, ensuring it retains its shape beautifully. It&#8217;s a versatile and comfortable garment that can be worn as a dress or paired with pants and other bottoms.<\/p>\n<p>Length of the garment is approximately 88 cm (+- 2 cm), and the width under the neckline is 52 cm.<br \/>\nComposition:<br \/>\n50% &#8211; Modal<br \/>\n20% &#8211; Silk<br \/>\n15% &#8211; Nylon<br \/>\n15% &#8211; Lycra<br \/>\n\n\t<section class=\"section\" id=\"section_1729374901\">\n\t\t<div class=\"section-bg fill\" >\n\t\t\t\t\t\t\t\t\t\n\t\t\t\n\n\t\t<\/div>\n\n\t\t\n\n\t\t<div class=\"section-content relative\">\n\t\t\t\n\n<div class=\"row row-small steps-simple-headline\"  id=\"row-1670307053\">\n\n\n\t<div id=\"col-1592580480\" class=\"col medium-4 small-12 large-12\"  >\n\t\t\t\t<div class=\"col-inner text-left\"  >\n\t\t\t\n\t\t\t\n\n\t<div id=\"text-773570663\" class=\"text\">\n\t\t\n\n<h3>Care instructions:<\/h3>\n\t\t\n<style>\n#text-773570663 {\n  font-size: 2rem;\n  text-align: left;\n}\n@media (min-width:550px) {\n  #text-773570663 {\n    font-size: 1.5rem;\n  }\n}\n<\/style>\n\t<\/div>\n\t\n\n\t\t<\/div>\n\t\t\t\t\t<\/div>\n\n\t\n<div class=\"row row-small align-middle\"  id=\"row-1787053820\">\n\n\n\t<div id=\"col-1918834368\" class=\"col medium-3 small-12 large-1\"  >\n\t\t\t\t<div class=\"col-inner\"  >\n\t\t\t\n\t\t\t\n\n\t<div id=\"text-1690372430\" class=\"text\">\n\t\t\n\n<!--<img loading=\"lazy\" decoding=\"async\" class=\"alignnone wp-image-6184 size-full\" src=\"https:\/\/emikafashion.com\/wp-content\/uploads\/2023\/10\/circle_cross_icon.png\" alt=\"\" width=\"57\" height=\"39\" \/>-->\n\t\t\n<style>\n#text-1690372430 {\n  text-align: center;\n}\n<\/style>\n\t<\/div>\n\t\n\n\t\t<\/div>\n\t\t\t\t\n<style>\n#col-1918834368 > .col-inner {\n  padding: 50px 0px 0px 0px;\n}\n<\/style>\n\t<\/div>\n\n\t\n\n\t<div id=\"col-963446780\" class=\"col medium-9 small-12 large-11\"  >\n\t\t\t\t<div class=\"col-inner\"  >\n\t\t\t\n\t\t\t\n\n<p><strong>Hand or machine wash on a delicate cycle.<\/strong><br \/>\nFor machine washing, turn the item inside out and place it in a laundry bag.<br \/>\nUse a delicate or cotton setting at 30\u00b0C and select a low spin cycle.<br \/>\nWhen hand washing, also turn the item inside out and wash gently, avoiding excessive friction.<\/p>\n\n\t\t<\/div>\n\t\t\t\t\t<\/div>\n\n\t\n\n<\/div>\n<div class=\"row row-small align-middle\"  id=\"row-503529606\">\n\n\n\t<div id=\"col-83507249\" class=\"col medium-3 small-12 large-1\"  >\n\t\t\t\t<div class=\"col-inner\"  >\n\t\t\t\n\t\t\t\n\n\t<div id=\"text-1978598954\" class=\"text\">\n\t\t\n\n<!--<img loading=\"lazy\" decoding=\"async\" class=\"alignnone wp-image-6185 size-full\" src=\"https:\/\/emikafashion.com\/wp-content\/uploads\/2023\/10\/iron_cross_icon.png\" alt=\"\" width=\"57\" height=\"41\" \/>-->\n\t\t\n<style>\n#text-1978598954 {\n  text-align: center;\n}\n<\/style>\n\t<\/div>\n\t\n\n\t\t<\/div>\n\t\t\t\t\n<style>\n#col-83507249 > .col-inner {\n  padding: 50px 0px 0px 0px;\n}\n<\/style>\n\t<\/div>\n\n\t\n\n\t<div id=\"col-958155746\" class=\"col medium-9 small-12 large-11\"  >\n\t\t\t\t<div class=\"col-inner\"  >\n\t\t\t\n\t\t\t\n\n<p><strong>Avoid soaking or vigorous rinsing, as this can damage the delicate fabric.<\/strong><\/p>\n\n\t\t<\/div>\n\t\t\t\t\t<\/div>\n\n\t\n\n<\/div>\n<div class=\"row row-small align-middle\"  id=\"row-584544725\">\n\n\n\t<div id=\"col-1082175094\" class=\"col medium-3 small-12 large-1\"  >\n\t\t\t\t<div class=\"col-inner\"  >\n\t\t\t\n\t\t\t\n\n\t<div id=\"text-3073863493\" class=\"text\">\n\t\t\n\n<!--<img loading=\"lazy\" decoding=\"async\" class=\"alignnone wp-image-6186 size-full\" src=\"https:\/\/emikafashion.com\/wp-content\/uploads\/2023\/10\/30-icon.png\" alt=\"\" width=\"57\" height=\"52\" \/>-->\n\t\t\n<style>\n#text-3073863493 {\n  text-align: center;\n}\n<\/style>\n\t<\/div>\n\t\n\n\t\t<\/div>\n\t\t\t\t\n<style>\n#col-1082175094 > .col-inner {\n  padding: 50px 0px 0px 0px;\n}\n<\/style>\n\t<\/div>\n\n\t\n\n\t<div id=\"col-1507546145\" class=\"col medium-9 small-12 large-11\"  >\n\t\t\t\t<div class=\"col-inner\"  >\n\t\t\t\n\t\t\t\n\n<p><strong>Dry Cleaning<\/strong><br \/>\nIf the item is very precious to you and you don't want to spend a lot of time on care, you can entrust it to a dry cleaner.<\/p>\n\n\t\t<\/div>\n\t\t\t\t\t<\/div>\n\n\t\n\n<\/div>\n<div class=\"row row-small align-middle\"  id=\"row-1544091951\">\n\n\n\t<div id=\"col-1745623865\" class=\"col medium-3 small-12 large-1\"  >\n\t\t\t\t<div class=\"col-inner\"  >\n\t\t\t\n\t\t\t\n\n\t<div id=\"text-2888508632\" class=\"text\">\n\t\t\n\n<!--<img loading=\"lazy\" decoding=\"async\" class=\"alignnone wp-image-5754 size-full\" src=\"https:\/\/emikafashion.com\/wp-content\/uploads\/2023\/10\/low-heat.png\" alt=\"\" width=\"57\" height=\"57\" \/>-->\n\t\t\n<style>\n#text-2888508632 {\n  text-align: center;\n}\n<\/style>\n\t<\/div>\n\t\n\n\t\t<\/div>\n\t\t\t\t\n<style>\n#col-1745623865 > .col-inner {\n  padding: 50px 0px 0px 0px;\n}\n<\/style>\n\t<\/div>\n\n\t\n\n\t<div id=\"col-557344954\" class=\"col medium-9 small-12 large-11\"  >\n\t\t\t\t<div class=\"col-inner\"  >\n\t\t\t\n\t\t\t\n\n<p><strong>Gentle Drying<\/strong><br \/>\nDo not wring the clothing after washing; remove excess moisture with a terry towel. Wrap the item in the towel and press it gently but firmly. Then lay the item flat in a shaded area, occasionally flipping it to help it dry faster.<\/p>\n\n\t\t<\/div>\n\t\t\t\t\t<\/div>\n\n\t\n\n<\/div>\n<div class=\"row row-small align-middle\"  id=\"row-2036686676\">\n\n\n\t<div id=\"col-1707747329\" class=\"col medium-3 small-12 large-1\"  >\n\t\t\t\t<div class=\"col-inner\"  >\n\t\t\t\n\t\t\t\n\n\t<div id=\"text-1059217259\" class=\"text\">\n\t\t\n\n<!--<img loading=\"lazy\" decoding=\"async\" class=\"alignnone wp-image-5748 size-full\" src=\"https:\/\/emikafashion.com\/wp-content\/uploads\/2023\/10\/dont-bleach.png\" alt=\"\" width=\"57\" height=\"56\" \/>-->\n\t\t\n<style>\n#text-1059217259 {\n  text-align: center;\n}\n<\/style>\n\t<\/div>\n\t\n\n\t\t<\/div>\n\t\t\t\t\n<style>\n#col-1707747329 > .col-inner {\n  padding: 50px 0px 0px 0px;\n}\n<\/style>\n\t<\/div>\n\n\t\n\n\t<div id=\"col-4911386\" class=\"col medium-9 small-12 large-11\"  >\n\t\t\t\t<div class=\"col-inner\"  >\n\t\t\t\n\t\t\t\n\n<p><strong>Ironing is possible<\/strong><br \/>\nWe recommend ironing from the inside at temperatures up to 110\u00b0C.<br \/>\nFollow these recommendations to keep your favorite items in excellent condition.<\/p>\n\n\t\t<\/div>\n\t\t\t\t\t<\/div>\n\n\t\n\n<\/div>\n\n<\/div>\n\n\t\t<\/div>\n\n\t\t\n<style>\n#section_1729374901 {\n  padding-top: 0px;\n  padding-bottom: 0px;\n}\n@media (min-width:550px) {\n  #section_1729374901 {\n    padding-top: 10px;\n    padding-bottom: 10px;\n  }\n}\n@media (min-width:850px) {\n  #section_1729374901 {\n    padding-top: 60px;\n    padding-bottom: 60px;\n  }\n}\n<\/style>\n\t<\/section>\n\t\n","protected":false},"excerpt":{"rendered":"<p>This stylish straight-cut tunic is made from warm and soft natural yarn with elastane, ensuring it retains its shape beautifully. It&#8217;s a versatile and comfortable garment that can be worn as a dress or paired with pants and other bottoms. Length of the garment is approximately 88 cm (+- 2 cm), and the width under [&#8230;]\n","protected":false},"featured_media":35332,"template":"","meta":[],"product_brand":[],"product_cat":[240,247,248,249],"product_tag":[],"class_list":{"0":"post-7942","1":"product","2":"type-product","3":"status-publish","4":"has-post-thumbnail","6":"product_cat-dresses","7":"product_cat-casual-dresses","8":"product_cat-luxury-cotton-dresses","9":"product_cat-warm-knitted-dresses","11":"first","12":"outofstock","13":"sale","14":"taxable","15":"shipping-taxable","16":"purchasable","17":"product-type-variable"},"yoast_head":"<!-- This site is optimized with the Yoast SEO plugin v26.2 - https:\/\/yoast.com\/wordpress\/plugins\/seo\/ -->\n<title>Tunic Dress - Emika Fashion - naiste riided, kleidid, \u00f5htukleidid, kokteilikleidid, peokleidid, pidulikud kleidid, p\u00fckskost\u00fc\u00fcmid, seelikud, l\u00fchikesed p\u00fcksid, korsetid, pluusid | Eesti, Tallinn |<\/title>\n<meta name=\"robots\" content=\"index, follow, max-snippet:-1, max-image-preview:large, max-video-preview:-1\" \/>\n<link rel=\"canonical\" href=\"https:\/\/emikafashion.com\/et\/product\/tunic-dress-2475\/\" \/>\n<meta property=\"og:locale\" content=\"et_EE\" \/>\n<meta property=\"og:type\" content=\"article\" \/>\n<meta property=\"og:title\" content=\"Tunic Dress - Emika Fashion - naiste riided, kleidid, \u00f5htukleidid, kokteilikleidid, peokleidid, pidulikud kleidid, p\u00fckskost\u00fc\u00fcmid, seelikud, l\u00fchikesed p\u00fcksid, korsetid, pluusid | Eesti, Tallinn |\" \/>\n<meta property=\"og:description\" content=\"This stylish straight-cut tunic is made from warm and soft natural yarn with elastane, ensuring it retains its shape beautifully. It&#8217;s a versatile and comfortable garment that can be worn as a dress or paired with pants and other bottoms. Length of the garment is approximately 88 cm (+- 2 cm), and the width under [...]\" \/>\n<meta property=\"og:url\" content=\"https:\/\/emikafashion.com\/et\/product\/tunic-dress-2475\/\" \/>\n<meta property=\"og:site_name\" content=\"Emika Fashion - naiste riided, kleidid, \u00f5htukleidid, kokteilikleidid, peokleidid, pidulikud kleidid, p\u00fckskost\u00fc\u00fcmid, seelikud, l\u00fchikesed p\u00fcksid, korsetid, pluusid | Eesti, Tallinn |\" \/>\n<meta property=\"article:publisher\" content=\"https:\/\/www.facebook.com\/profile.php?id=100071972389525\" \/>\n<meta property=\"article:modified_time\" content=\"2026-04-13T17:47:23+00:00\" \/>\n<meta property=\"og:image\" content=\"https:\/\/emikafashion.com\/wp-content\/uploads\/2024\/02\/img_2339-lucd.jpg\" \/>\n\t<meta property=\"og:image:width\" content=\"800\" \/>\n\t<meta property=\"og:image:height\" content=\"1200\" \/>\n\t<meta property=\"og:image:type\" content=\"image\/jpeg\" \/>\n<meta name=\"twitter:card\" content=\"summary_large_image\" \/>\n<script type=\"application\/ld+json\" class=\"yoast-schema-graph\">{\"@context\":\"https:\/\/schema.org\",\"@graph\":[{\"@type\":\"WebPage\",\"@id\":\"https:\/\/emikafashion.com\/et\/product\/tunic-dress-2475\/\",\"url\":\"https:\/\/emikafashion.com\/et\/product\/tunic-dress-2475\/\",\"name\":\"Tunic Dress - Emika Fashion - naiste riided, kleidid, \u00f5htukleidid, kokteilikleidid, peokleidid, pidulikud kleidid, p\u00fckskost\u00fc\u00fcmid, seelikud, l\u00fchikesed p\u00fcksid, korsetid, pluusid | Eesti, Tallinn |\",\"isPartOf\":{\"@id\":\"https:\/\/emikafashion.com\/et\/#website\"},\"primaryImageOfPage\":{\"@id\":\"https:\/\/emikafashion.com\/et\/product\/tunic-dress-2475\/#primaryimage\"},\"image\":{\"@id\":\"https:\/\/emikafashion.com\/et\/product\/tunic-dress-2475\/#primaryimage\"},\"thumbnailUrl\":\"https:\/\/emikafashion.com\/wp-content\/uploads\/2024\/02\/img_2339-lucd.jpg\",\"datePublished\":\"2025-01-18T08:00:35+00:00\",\"dateModified\":\"2026-04-13T17:47:23+00:00\",\"breadcrumb\":{\"@id\":\"https:\/\/emikafashion.com\/et\/product\/tunic-dress-2475\/#breadcrumb\"},\"inLanguage\":\"et\",\"potentialAction\":[{\"@type\":\"ReadAction\",\"target\":[\"https:\/\/emikafashion.com\/et\/product\/tunic-dress-2475\/\"]}]},{\"@type\":\"ImageObject\",\"inLanguage\":\"et\",\"@id\":\"https:\/\/emikafashion.com\/et\/product\/tunic-dress-2475\/#primaryimage\",\"url\":\"https:\/\/emikafashion.com\/wp-content\/uploads\/2024\/02\/img_2339-lucd.jpg\",\"contentUrl\":\"https:\/\/emikafashion.com\/wp-content\/uploads\/2024\/02\/img_2339-lucd.jpg\",\"width\":800,\"height\":1200},{\"@type\":\"BreadcrumbList\",\"@id\":\"https:\/\/emikafashion.com\/et\/product\/tunic-dress-2475\/#breadcrumb\",\"itemListElement\":[{\"@type\":\"ListItem\",\"position\":1,\"name\":\"Home\",\"item\":\"https:\/\/emikafashion.com\/et\/\"},{\"@type\":\"ListItem\",\"position\":2,\"name\":\"Pood\",\"item\":\"https:\/\/emikafashion.com\/et\/pood\/\"},{\"@type\":\"ListItem\",\"position\":3,\"name\":\"Tunic Dress\"}]},{\"@type\":\"WebSite\",\"@id\":\"https:\/\/emikafashion.com\/et\/#website\",\"url\":\"https:\/\/emikafashion.com\/et\/\",\"name\":\"Emika Fashion - Women's Clothes, Dresses, Evening Dresses, Cocktail Dresses, Party Dresses, Pantsuits, Skirts, Shorts, Corsets, Blouses | Europe |\",\"description\":\"Naiste riided | Naistemoe pood | Kleidid\",\"publisher\":{\"@id\":\"https:\/\/emikafashion.com\/et\/#organization\"},\"potentialAction\":[{\"@type\":\"SearchAction\",\"target\":{\"@type\":\"EntryPoint\",\"urlTemplate\":\"https:\/\/emikafashion.com\/et\/?s={search_term_string}\"},\"query-input\":{\"@type\":\"PropertyValueSpecification\",\"valueRequired\":true,\"valueName\":\"search_term_string\"}}],\"inLanguage\":\"et\"},{\"@type\":\"Organization\",\"@id\":\"https:\/\/emikafashion.com\/et\/#organization\",\"name\":\"Emika Fashion O\u00dc\",\"url\":\"https:\/\/emikafashion.com\/et\/\",\"logo\":{\"@type\":\"ImageObject\",\"inLanguage\":\"et\",\"@id\":\"https:\/\/emikafashion.com\/et\/#\/schema\/logo\/image\/\",\"url\":\"https:\/\/emikafashion.com\/wp-content\/uploads\/2023\/11\/emika-fashion_logo-flat.svg\",\"contentUrl\":\"https:\/\/emikafashion.com\/wp-content\/uploads\/2023\/11\/emika-fashion_logo-flat.svg\",\"width\":1,\"height\":1,\"caption\":\"Emika Fashion O\u00dc\"},\"image\":{\"@id\":\"https:\/\/emikafashion.com\/et\/#\/schema\/logo\/image\/\"},\"sameAs\":[\"https:\/\/www.facebook.com\/profile.php?id=100071972389525\",\"https:\/\/www.instagram.com\/emika_fashion_official\/\"]}]}<\/script>\n<!-- \/ Yoast SEO plugin. -->","yoast_head_json":{"title":"Tunic Dress - Emika Fashion - naiste riided, kleidid, \u00f5htukleidid, kokteilikleidid, peokleidid, pidulikud kleidid, p\u00fckskost\u00fc\u00fcmid, seelikud, l\u00fchikesed p\u00fcksid, korsetid, pluusid | Eesti, Tallinn |","robots":{"index":"index","follow":"follow","max-snippet":"max-snippet:-1","max-image-preview":"max-image-preview:large","max-video-preview":"max-video-preview:-1"},"canonical":"https:\/\/emikafashion.com\/et\/product\/tunic-dress-2475\/","og_locale":"et_EE","og_type":"article","og_title":"Tunic Dress - Emika Fashion - naiste riided, kleidid, \u00f5htukleidid, kokteilikleidid, peokleidid, pidulikud kleidid, p\u00fckskost\u00fc\u00fcmid, seelikud, l\u00fchikesed p\u00fcksid, korsetid, pluusid | Eesti, Tallinn |","og_description":"This stylish straight-cut tunic is made from warm and soft natural yarn with elastane, ensuring it retains its shape beautifully. It&#8217;s a versatile and comfortable garment that can be worn as a dress or paired with pants and other bottoms. Length of the garment is approximately 88 cm (+- 2 cm), and the width under [...]","og_url":"https:\/\/emikafashion.com\/et\/product\/tunic-dress-2475\/","og_site_name":"Emika Fashion - naiste riided, kleidid, \u00f5htukleidid, kokteilikleidid, peokleidid, pidulikud kleidid, p\u00fckskost\u00fc\u00fcmid, seelikud, l\u00fchikesed p\u00fcksid, korsetid, pluusid | Eesti, Tallinn |","article_publisher":"https:\/\/www.facebook.com\/profile.php?id=100071972389525","article_modified_time":"2026-04-13T17:47:23+00:00","og_image":[{"width":800,"height":1200,"url":"https:\/\/emikafashion.com\/wp-content\/uploads\/2024\/02\/img_2339-lucd.jpg","type":"image\/jpeg"}],"twitter_card":"summary_large_image","schema":{"@context":"https:\/\/schema.org","@graph":[{"@type":"WebPage","@id":"https:\/\/emikafashion.com\/et\/product\/tunic-dress-2475\/","url":"https:\/\/emikafashion.com\/et\/product\/tunic-dress-2475\/","name":"Tunic Dress - Emika Fashion - naiste riided, kleidid, \u00f5htukleidid, kokteilikleidid, peokleidid, pidulikud kleidid, p\u00fckskost\u00fc\u00fcmid, seelikud, l\u00fchikesed p\u00fcksid, korsetid, pluusid | Eesti, Tallinn |","isPartOf":{"@id":"https:\/\/emikafashion.com\/et\/#website"},"primaryImageOfPage":{"@id":"https:\/\/emikafashion.com\/et\/product\/tunic-dress-2475\/#primaryimage"},"image":{"@id":"https:\/\/emikafashion.com\/et\/product\/tunic-dress-2475\/#primaryimage"},"thumbnailUrl":"https:\/\/emikafashion.com\/wp-content\/uploads\/2024\/02\/img_2339-lucd.jpg","datePublished":"2025-01-18T08:00:35+00:00","dateModified":"2026-04-13T17:47:23+00:00","breadcrumb":{"@id":"https:\/\/emikafashion.com\/et\/product\/tunic-dress-2475\/#breadcrumb"},"inLanguage":"et","potentialAction":[{"@type":"ReadAction","target":["https:\/\/emikafashion.com\/et\/product\/tunic-dress-2475\/"]}]},{"@type":"ImageObject","inLanguage":"et","@id":"https:\/\/emikafashion.com\/et\/product\/tunic-dress-2475\/#primaryimage","url":"https:\/\/emikafashion.com\/wp-content\/uploads\/2024\/02\/img_2339-lucd.jpg","contentUrl":"https:\/\/emikafashion.com\/wp-content\/uploads\/2024\/02\/img_2339-lucd.jpg","width":800,"height":1200},{"@type":"BreadcrumbList","@id":"https:\/\/emikafashion.com\/et\/product\/tunic-dress-2475\/#breadcrumb","itemListElement":[{"@type":"ListItem","position":1,"name":"Home","item":"https:\/\/emikafashion.com\/et\/"},{"@type":"ListItem","position":2,"name":"Pood","item":"https:\/\/emikafashion.com\/et\/pood\/"},{"@type":"ListItem","position":3,"name":"Tunic Dress"}]},{"@type":"WebSite","@id":"https:\/\/emikafashion.com\/et\/#website","url":"https:\/\/emikafashion.com\/et\/","name":"Emika Fashion - Women's Clothes, Dresses, Evening Dresses, Cocktail Dresses, Party Dresses, Pantsuits, Skirts, Shorts, Corsets, Blouses | Europe |","description":"Naiste riided | Naistemoe pood | Kleidid","publisher":{"@id":"https:\/\/emikafashion.com\/et\/#organization"},"potentialAction":[{"@type":"SearchAction","target":{"@type":"EntryPoint","urlTemplate":"https:\/\/emikafashion.com\/et\/?s={search_term_string}"},"query-input":{"@type":"PropertyValueSpecification","valueRequired":true,"valueName":"search_term_string"}}],"inLanguage":"et"},{"@type":"Organization","@id":"https:\/\/emikafashion.com\/et\/#organization","name":"Emika Fashion O\u00dc","url":"https:\/\/emikafashion.com\/et\/","logo":{"@type":"ImageObject","inLanguage":"et","@id":"https:\/\/emikafashion.com\/et\/#\/schema\/logo\/image\/","url":"https:\/\/emikafashion.com\/wp-content\/uploads\/2023\/11\/emika-fashion_logo-flat.svg","contentUrl":"https:\/\/emikafashion.com\/wp-content\/uploads\/2023\/11\/emika-fashion_logo-flat.svg","width":1,"height":1,"caption":"Emika Fashion O\u00dc"},"image":{"@id":"https:\/\/emikafashion.com\/et\/#\/schema\/logo\/image\/"},"sameAs":["https:\/\/www.facebook.com\/profile.php?id=100071972389525","https:\/\/www.instagram.com\/emika_fashion_official\/"]}]}},"_links":{"self":[{"href":"https:\/\/emikafashion.com\/et\/wp-json\/wp\/v2\/product\/7942","targetHints":{"allow":["GET"]}}],"collection":[{"href":"https:\/\/emikafashion.com\/et\/wp-json\/wp\/v2\/product"}],"about":[{"href":"https:\/\/emikafashion.com\/et\/wp-json\/wp\/v2\/types\/product"}],"wp:featuredmedia":[{"embeddable":true,"href":"https:\/\/emikafashion.com\/et\/wp-json\/wp\/v2\/media\/35332"}],"wp:attachment":[{"href":"https:\/\/emikafashion.com\/et\/wp-json\/wp\/v2\/media?parent=7942"}],"wp:term":[{"taxonomy":"product_brand","embeddable":true,"href":"https:\/\/emikafashion.com\/et\/wp-json\/wp\/v2\/product_brand?post=7942"},{"taxonomy":"product_cat","embeddable":true,"href":"https:\/\/emikafashion.com\/et\/wp-json\/wp\/v2\/product_cat?post=7942"},{"taxonomy":"product_tag","embeddable":true,"href":"https:\/\/emikafashion.com\/et\/wp-json\/wp\/v2\/product_tag?post=7942"}],"curies":[{"name":"wp","href":"https:\/\/api.w.org\/{rel}","templated":true}]}}