{"id":73146,"date":"2025-07-08T07:00:15","date_gmt":"2025-07-08T04:00:15","guid":{"rendered":"https:\/\/emikafashion.com\/?post_type=product&#038;p=73146"},"modified":"2026-04-16T18:34:59","modified_gmt":"2026-04-16T15:34:59","slug":"melora-a-dreamy-summer-dress-full-of-lightness-and-romance-230294","status":"publish","type":"product","link":"https:\/\/emikafashion.com\/et\/product\/melora-a-dreamy-summer-dress-full-of-lightness-and-romance-230294\/","title":{"rendered":"Melora \u2014 a dreamy summer dress, full of lightness and romance"},"content":{"rendered":"<p>Lightweight and romantic, this chiffon dress in a soft pink floral print is perfect for summer evenings and special occasions.<br \/>\nFeaturing a layered ruffle skirt and delicate puff sleeves, it brings a feminine and graceful silhouette.<br \/>\nThe fitted bodice highlights the waist beautifully, offering a flattering and elegant fit.<\/p>\n<p>Fabric: chiffon<br \/>\nColor: powder print<br \/>\nSizes: XS, S, M<\/p>\n","protected":false},"excerpt":{"rendered":"<p>Lightweight and romantic, this chiffon dress in a soft pink floral print is perfect for summer evenings and special occasions. Featuring a layered ruffle skirt and delicate puff sleeves, it brings a feminine and graceful silhouette. The fitted bodice highlights the waist beautifully, offering a flattering and elegant fit. Fabric: chiffon Color: powder print Sizes: [&#8230;]\n","protected":false},"featured_media":73927,"template":"","meta":[],"product_brand":[],"product_cat":[608,415,586],"product_tag":[],"class_list":{"0":"post-73146","1":"product","2":"type-product","3":"status-publish","4":"has-post-thumbnail","6":"product_cat-summer-collection","7":"product_cat-summer-dresses","8":"product_cat-available-only-online","10":"first","11":"instock","12":"taxable","13":"shipping-taxable","14":"purchasable","15":"product-type-variable"},"yoast_head":"<!-- This site is optimized with the Yoast SEO plugin v26.2 - https:\/\/yoast.com\/wordpress\/plugins\/seo\/ -->\n<title>Melora \u2014 a dreamy summer dress, full of lightness and romance - Emika Fashion - naiste riided, kleidid, \u00f5htukleidid, kokteilikleidid, peokleidid, pidulikud kleidid, p\u00fckskost\u00fc\u00fcmid, seelikud, l\u00fchikesed p\u00fcksid, korsetid, pluusid | Eesti, Tallinn |<\/title>\n<meta name=\"robots\" content=\"index, follow, max-snippet:-1, max-image-preview:large, max-video-preview:-1\" \/>\n<link rel=\"canonical\" href=\"https:\/\/emikafashion.com\/et\/product\/melora-a-dreamy-summer-dress-full-of-lightness-and-romance-230294\/\" \/>\n<meta property=\"og:locale\" content=\"et_EE\" \/>\n<meta property=\"og:type\" content=\"article\" \/>\n<meta property=\"og:title\" content=\"Melora \u2014 a dreamy summer dress, full of lightness and romance - Emika Fashion - naiste riided, kleidid, \u00f5htukleidid, kokteilikleidid, peokleidid, pidulikud kleidid, p\u00fckskost\u00fc\u00fcmid, seelikud, l\u00fchikesed p\u00fcksid, korsetid, pluusid | Eesti, Tallinn |\" \/>\n<meta property=\"og:description\" content=\"Lightweight and romantic, this chiffon dress in a soft pink floral print is perfect for summer evenings and special occasions. Featuring a layered ruffle skirt and delicate puff sleeves, it brings a feminine and graceful silhouette. The fitted bodice highlights the waist beautifully, offering a flattering and elegant fit. Fabric: chiffon Color: powder print Sizes: [...]\" \/>\n<meta property=\"og:url\" content=\"https:\/\/emikafashion.com\/et\/product\/melora-a-dreamy-summer-dress-full-of-lightness-and-romance-230294\/\" \/>\n<meta property=\"og:site_name\" content=\"Emika Fashion - naiste riided, kleidid, \u00f5htukleidid, kokteilikleidid, peokleidid, pidulikud kleidid, p\u00fckskost\u00fc\u00fcmid, seelikud, l\u00fchikesed p\u00fcksid, korsetid, pluusid | Eesti, Tallinn |\" \/>\n<meta property=\"article:publisher\" content=\"https:\/\/www.facebook.com\/profile.php?id=100071972389525\" \/>\n<meta property=\"article:modified_time\" content=\"2026-04-16T15:34:59+00:00\" \/>\n<meta property=\"og:image\" content=\"https:\/\/emikafashion.com\/wp-content\/uploads\/2025\/07\/01-img_7503-sudr.jpg\" \/>\n\t<meta property=\"og:image:width\" content=\"800\" \/>\n\t<meta property=\"og:image:height\" content=\"999\" \/>\n\t<meta property=\"og:image:type\" content=\"image\/jpeg\" \/>\n<meta name=\"twitter:card\" content=\"summary_large_image\" \/>\n<script type=\"application\/ld+json\" class=\"yoast-schema-graph\">{\"@context\":\"https:\/\/schema.org\",\"@graph\":[{\"@type\":\"WebPage\",\"@id\":\"https:\/\/emikafashion.com\/et\/product\/melora-a-dreamy-summer-dress-full-of-lightness-and-romance-230294\/\",\"url\":\"https:\/\/emikafashion.com\/et\/product\/melora-a-dreamy-summer-dress-full-of-lightness-and-romance-230294\/\",\"name\":\"Melora \u2014 a dreamy summer dress, full of lightness and romance - Emika Fashion - naiste riided, kleidid, \u00f5htukleidid, kokteilikleidid, peokleidid, pidulikud kleidid, p\u00fckskost\u00fc\u00fcmid, seelikud, l\u00fchikesed p\u00fcksid, korsetid, pluusid | Eesti, Tallinn |\",\"isPartOf\":{\"@id\":\"https:\/\/emikafashion.com\/et\/#website\"},\"primaryImageOfPage\":{\"@id\":\"https:\/\/emikafashion.com\/et\/product\/melora-a-dreamy-summer-dress-full-of-lightness-and-romance-230294\/#primaryimage\"},\"image\":{\"@id\":\"https:\/\/emikafashion.com\/et\/product\/melora-a-dreamy-summer-dress-full-of-lightness-and-romance-230294\/#primaryimage\"},\"thumbnailUrl\":\"https:\/\/emikafashion.com\/wp-content\/uploads\/2025\/07\/01-img_7503-sudr.jpg\",\"datePublished\":\"2025-07-08T04:00:15+00:00\",\"dateModified\":\"2026-04-16T15:34:59+00:00\",\"breadcrumb\":{\"@id\":\"https:\/\/emikafashion.com\/et\/product\/melora-a-dreamy-summer-dress-full-of-lightness-and-romance-230294\/#breadcrumb\"},\"inLanguage\":\"et\",\"potentialAction\":[{\"@type\":\"ReadAction\",\"target\":[\"https:\/\/emikafashion.com\/et\/product\/melora-a-dreamy-summer-dress-full-of-lightness-and-romance-230294\/\"]}]},{\"@type\":\"ImageObject\",\"inLanguage\":\"et\",\"@id\":\"https:\/\/emikafashion.com\/et\/product\/melora-a-dreamy-summer-dress-full-of-lightness-and-romance-230294\/#primaryimage\",\"url\":\"https:\/\/emikafashion.com\/wp-content\/uploads\/2025\/07\/01-img_7503-sudr.jpg\",\"contentUrl\":\"https:\/\/emikafashion.com\/wp-content\/uploads\/2025\/07\/01-img_7503-sudr.jpg\",\"width\":800,\"height\":999},{\"@type\":\"BreadcrumbList\",\"@id\":\"https:\/\/emikafashion.com\/et\/product\/melora-a-dreamy-summer-dress-full-of-lightness-and-romance-230294\/#breadcrumb\",\"itemListElement\":[{\"@type\":\"ListItem\",\"position\":1,\"name\":\"Home\",\"item\":\"https:\/\/emikafashion.com\/et\/\"},{\"@type\":\"ListItem\",\"position\":2,\"name\":\"Pood\",\"item\":\"https:\/\/emikafashion.com\/et\/pood\/\"},{\"@type\":\"ListItem\",\"position\":3,\"name\":\"Melora \u2014 a dreamy summer dress, full of lightness and romance\"}]},{\"@type\":\"WebSite\",\"@id\":\"https:\/\/emikafashion.com\/et\/#website\",\"url\":\"https:\/\/emikafashion.com\/et\/\",\"name\":\"Emika Fashion - Women's Clothes, Dresses, Evening Dresses, Cocktail Dresses, Party Dresses, Pantsuits, Skirts, Shorts, Corsets, Blouses | Europe |\",\"description\":\"Naiste riided | Naistemoe pood | Kleidid\",\"publisher\":{\"@id\":\"https:\/\/emikafashion.com\/et\/#organization\"},\"potentialAction\":[{\"@type\":\"SearchAction\",\"target\":{\"@type\":\"EntryPoint\",\"urlTemplate\":\"https:\/\/emikafashion.com\/et\/?s={search_term_string}\"},\"query-input\":{\"@type\":\"PropertyValueSpecification\",\"valueRequired\":true,\"valueName\":\"search_term_string\"}}],\"inLanguage\":\"et\"},{\"@type\":\"Organization\",\"@id\":\"https:\/\/emikafashion.com\/et\/#organization\",\"name\":\"Emika Fashion O\u00dc\",\"url\":\"https:\/\/emikafashion.com\/et\/\",\"logo\":{\"@type\":\"ImageObject\",\"inLanguage\":\"et\",\"@id\":\"https:\/\/emikafashion.com\/et\/#\/schema\/logo\/image\/\",\"url\":\"https:\/\/emikafashion.com\/wp-content\/uploads\/2023\/11\/emika-fashion_logo-flat.svg\",\"contentUrl\":\"https:\/\/emikafashion.com\/wp-content\/uploads\/2023\/11\/emika-fashion_logo-flat.svg\",\"width\":1,\"height\":1,\"caption\":\"Emika Fashion O\u00dc\"},\"image\":{\"@id\":\"https:\/\/emikafashion.com\/et\/#\/schema\/logo\/image\/\"},\"sameAs\":[\"https:\/\/www.facebook.com\/profile.php?id=100071972389525\",\"https:\/\/www.instagram.com\/emika_fashion_official\/\"]}]}<\/script>\n<!-- \/ Yoast SEO plugin. -->","yoast_head_json":{"title":"Melora \u2014 a dreamy summer dress, full of lightness and romance - Emika Fashion - naiste riided, kleidid, \u00f5htukleidid, kokteilikleidid, peokleidid, pidulikud kleidid, p\u00fckskost\u00fc\u00fcmid, seelikud, l\u00fchikesed p\u00fcksid, korsetid, pluusid | Eesti, Tallinn |","robots":{"index":"index","follow":"follow","max-snippet":"max-snippet:-1","max-image-preview":"max-image-preview:large","max-video-preview":"max-video-preview:-1"},"canonical":"https:\/\/emikafashion.com\/et\/product\/melora-a-dreamy-summer-dress-full-of-lightness-and-romance-230294\/","og_locale":"et_EE","og_type":"article","og_title":"Melora \u2014 a dreamy summer dress, full of lightness and romance - Emika Fashion - naiste riided, kleidid, \u00f5htukleidid, kokteilikleidid, peokleidid, pidulikud kleidid, p\u00fckskost\u00fc\u00fcmid, seelikud, l\u00fchikesed p\u00fcksid, korsetid, pluusid | Eesti, Tallinn |","og_description":"Lightweight and romantic, this chiffon dress in a soft pink floral print is perfect for summer evenings and special occasions. Featuring a layered ruffle skirt and delicate puff sleeves, it brings a feminine and graceful silhouette. The fitted bodice highlights the waist beautifully, offering a flattering and elegant fit. Fabric: chiffon Color: powder print Sizes: [...]","og_url":"https:\/\/emikafashion.com\/et\/product\/melora-a-dreamy-summer-dress-full-of-lightness-and-romance-230294\/","og_site_name":"Emika Fashion - naiste riided, kleidid, \u00f5htukleidid, kokteilikleidid, peokleidid, pidulikud kleidid, p\u00fckskost\u00fc\u00fcmid, seelikud, l\u00fchikesed p\u00fcksid, korsetid, pluusid | Eesti, Tallinn |","article_publisher":"https:\/\/www.facebook.com\/profile.php?id=100071972389525","article_modified_time":"2026-04-16T15:34:59+00:00","og_image":[{"width":800,"height":999,"url":"https:\/\/emikafashion.com\/wp-content\/uploads\/2025\/07\/01-img_7503-sudr.jpg","type":"image\/jpeg"}],"twitter_card":"summary_large_image","schema":{"@context":"https:\/\/schema.org","@graph":[{"@type":"WebPage","@id":"https:\/\/emikafashion.com\/et\/product\/melora-a-dreamy-summer-dress-full-of-lightness-and-romance-230294\/","url":"https:\/\/emikafashion.com\/et\/product\/melora-a-dreamy-summer-dress-full-of-lightness-and-romance-230294\/","name":"Melora \u2014 a dreamy summer dress, full of lightness and romance - Emika Fashion - naiste riided, kleidid, \u00f5htukleidid, kokteilikleidid, peokleidid, pidulikud kleidid, p\u00fckskost\u00fc\u00fcmid, seelikud, l\u00fchikesed p\u00fcksid, korsetid, pluusid | Eesti, Tallinn |","isPartOf":{"@id":"https:\/\/emikafashion.com\/et\/#website"},"primaryImageOfPage":{"@id":"https:\/\/emikafashion.com\/et\/product\/melora-a-dreamy-summer-dress-full-of-lightness-and-romance-230294\/#primaryimage"},"image":{"@id":"https:\/\/emikafashion.com\/et\/product\/melora-a-dreamy-summer-dress-full-of-lightness-and-romance-230294\/#primaryimage"},"thumbnailUrl":"https:\/\/emikafashion.com\/wp-content\/uploads\/2025\/07\/01-img_7503-sudr.jpg","datePublished":"2025-07-08T04:00:15+00:00","dateModified":"2026-04-16T15:34:59+00:00","breadcrumb":{"@id":"https:\/\/emikafashion.com\/et\/product\/melora-a-dreamy-summer-dress-full-of-lightness-and-romance-230294\/#breadcrumb"},"inLanguage":"et","potentialAction":[{"@type":"ReadAction","target":["https:\/\/emikafashion.com\/et\/product\/melora-a-dreamy-summer-dress-full-of-lightness-and-romance-230294\/"]}]},{"@type":"ImageObject","inLanguage":"et","@id":"https:\/\/emikafashion.com\/et\/product\/melora-a-dreamy-summer-dress-full-of-lightness-and-romance-230294\/#primaryimage","url":"https:\/\/emikafashion.com\/wp-content\/uploads\/2025\/07\/01-img_7503-sudr.jpg","contentUrl":"https:\/\/emikafashion.com\/wp-content\/uploads\/2025\/07\/01-img_7503-sudr.jpg","width":800,"height":999},{"@type":"BreadcrumbList","@id":"https:\/\/emikafashion.com\/et\/product\/melora-a-dreamy-summer-dress-full-of-lightness-and-romance-230294\/#breadcrumb","itemListElement":[{"@type":"ListItem","position":1,"name":"Home","item":"https:\/\/emikafashion.com\/et\/"},{"@type":"ListItem","position":2,"name":"Pood","item":"https:\/\/emikafashion.com\/et\/pood\/"},{"@type":"ListItem","position":3,"name":"Melora \u2014 a dreamy summer dress, full of lightness and romance"}]},{"@type":"WebSite","@id":"https:\/\/emikafashion.com\/et\/#website","url":"https:\/\/emikafashion.com\/et\/","name":"Emika Fashion - Women's Clothes, Dresses, Evening Dresses, Cocktail Dresses, Party Dresses, Pantsuits, Skirts, Shorts, Corsets, Blouses | Europe |","description":"Naiste riided | Naistemoe pood | Kleidid","publisher":{"@id":"https:\/\/emikafashion.com\/et\/#organization"},"potentialAction":[{"@type":"SearchAction","target":{"@type":"EntryPoint","urlTemplate":"https:\/\/emikafashion.com\/et\/?s={search_term_string}"},"query-input":{"@type":"PropertyValueSpecification","valueRequired":true,"valueName":"search_term_string"}}],"inLanguage":"et"},{"@type":"Organization","@id":"https:\/\/emikafashion.com\/et\/#organization","name":"Emika Fashion O\u00dc","url":"https:\/\/emikafashion.com\/et\/","logo":{"@type":"ImageObject","inLanguage":"et","@id":"https:\/\/emikafashion.com\/et\/#\/schema\/logo\/image\/","url":"https:\/\/emikafashion.com\/wp-content\/uploads\/2023\/11\/emika-fashion_logo-flat.svg","contentUrl":"https:\/\/emikafashion.com\/wp-content\/uploads\/2023\/11\/emika-fashion_logo-flat.svg","width":1,"height":1,"caption":"Emika Fashion O\u00dc"},"image":{"@id":"https:\/\/emikafashion.com\/et\/#\/schema\/logo\/image\/"},"sameAs":["https:\/\/www.facebook.com\/profile.php?id=100071972389525","https:\/\/www.instagram.com\/emika_fashion_official\/"]}]}},"_links":{"self":[{"href":"https:\/\/emikafashion.com\/et\/wp-json\/wp\/v2\/product\/73146","targetHints":{"allow":["GET"]}}],"collection":[{"href":"https:\/\/emikafashion.com\/et\/wp-json\/wp\/v2\/product"}],"about":[{"href":"https:\/\/emikafashion.com\/et\/wp-json\/wp\/v2\/types\/product"}],"wp:featuredmedia":[{"embeddable":true,"href":"https:\/\/emikafashion.com\/et\/wp-json\/wp\/v2\/media\/73927"}],"wp:attachment":[{"href":"https:\/\/emikafashion.com\/et\/wp-json\/wp\/v2\/media?parent=73146"}],"wp:term":[{"taxonomy":"product_brand","embeddable":true,"href":"https:\/\/emikafashion.com\/et\/wp-json\/wp\/v2\/product_brand?post=73146"},{"taxonomy":"product_cat","embeddable":true,"href":"https:\/\/emikafashion.com\/et\/wp-json\/wp\/v2\/product_cat?post=73146"},{"taxonomy":"product_tag","embeddable":true,"href":"https:\/\/emikafashion.com\/et\/wp-json\/wp\/v2\/product_tag?post=73146"}],"curies":[{"name":"wp","href":"https:\/\/api.w.org\/{rel}","templated":true}]}}