{"id":71985,"date":"2025-06-10T06:30:32","date_gmt":"2025-06-10T03:30:32","guid":{"rendered":"https:\/\/emikafashion.com\/?post_type=product&#038;p=71985"},"modified":"2026-04-17T20:33:19","modified_gmt":"2026-04-17T17:33:19","slug":"stylish-summer-linen-three-piece-set-230275","status":"publish","type":"product","link":"https:\/\/emikafashion.com\/et\/product\/stylish-summer-linen-three-piece-set-230275\/","title":{"rendered":"Stylish Summer Linen Three-Piece Set"},"content":{"rendered":"<p>Elevate your wardrobe with this stylish three-piece set made from breathable natural linen. Featuring elegant mocha and chocolate tones, the set offers both comfort and sophistication \u2014 perfect for modern women who value effortless style.<\/p>\n<p>Set includes:<br \/>\n\u2022 High-waisted wide-leg pants<br \/>\n\u2022 Cropped top with soft, romantic draping<br \/>\n\u2022 Oversized shirt<\/p>\n<p>Ideal for lounging at home or creating refined everyday looks.<br \/>\nA perfect blend of style, femininity, and comfort.<\/p>\n<p>Color: Mocha , Chocolate<br \/>\nSizes: S, M, L<br \/>\nMaterial: 100% Natural Linen<\/p>\n","protected":false},"excerpt":{"rendered":"<p>Elevate your wardrobe with this stylish three-piece set made from breathable natural linen. Featuring elegant mocha and chocolate tones, the set offers both comfort and sophistication \u2014 perfect for modern women who value effortless style. Set includes: \u2022 High-waisted wide-leg pants \u2022 Cropped top with soft, romantic draping \u2022 Oversized shirt Ideal for lounging at [&#8230;]\n","protected":false},"featured_media":72531,"template":"","meta":[],"product_brand":[],"product_cat":[608,458,369,586],"product_tag":[],"class_list":{"0":"post-71985","1":"product","2":"type-product","3":"status-publish","4":"has-post-thumbnail","6":"product_cat-summer-collection","7":"product_cat-summer-suits","8":"product_cat-pants-suits","9":"product_cat-available-only-online","11":"first","12":"instock","13":"taxable","14":"shipping-taxable","15":"purchasable","16":"product-type-variable"},"yoast_head":"<!-- This site is optimized with the Yoast SEO plugin v26.2 - https:\/\/yoast.com\/wordpress\/plugins\/seo\/ -->\n<title>Stylish Summer Linen Three-Piece Set - Emika Fashion - naiste riided, kleidid, \u00f5htukleidid, kokteilikleidid, peokleidid, pidulikud kleidid, p\u00fckskost\u00fc\u00fcmid, seelikud, l\u00fchikesed p\u00fcksid, korsetid, pluusid | Eesti, Tallinn |<\/title>\n<meta name=\"robots\" content=\"index, follow, max-snippet:-1, max-image-preview:large, max-video-preview:-1\" \/>\n<link rel=\"canonical\" href=\"https:\/\/emikafashion.com\/et\/product\/stylish-summer-linen-three-piece-set-230275\/\" \/>\n<meta property=\"og:locale\" content=\"et_EE\" \/>\n<meta property=\"og:type\" content=\"article\" \/>\n<meta property=\"og:title\" content=\"Stylish Summer Linen Three-Piece Set - Emika Fashion - naiste riided, kleidid, \u00f5htukleidid, kokteilikleidid, peokleidid, pidulikud kleidid, p\u00fckskost\u00fc\u00fcmid, seelikud, l\u00fchikesed p\u00fcksid, korsetid, pluusid | Eesti, Tallinn |\" \/>\n<meta property=\"og:description\" content=\"Elevate your wardrobe with this stylish three-piece set made from breathable natural linen. Featuring elegant mocha and chocolate tones, the set offers both comfort and sophistication \u2014 perfect for modern women who value effortless style. Set includes: \u2022 High-waisted wide-leg pants \u2022 Cropped top with soft, romantic draping \u2022 Oversized shirt Ideal for lounging at [...]\" \/>\n<meta property=\"og:url\" content=\"https:\/\/emikafashion.com\/et\/product\/stylish-summer-linen-three-piece-set-230275\/\" \/>\n<meta property=\"og:site_name\" content=\"Emika Fashion - naiste riided, kleidid, \u00f5htukleidid, kokteilikleidid, peokleidid, pidulikud kleidid, p\u00fckskost\u00fc\u00fcmid, seelikud, l\u00fchikesed p\u00fcksid, korsetid, pluusid | Eesti, Tallinn |\" \/>\n<meta property=\"article:publisher\" content=\"https:\/\/www.facebook.com\/profile.php?id=100071972389525\" \/>\n<meta property=\"article:modified_time\" content=\"2026-04-17T17:33:19+00:00\" \/>\n<meta property=\"og:image\" content=\"https:\/\/emikafashion.com\/wp-content\/uploads\/2025\/06\/01-img_5620-susu.jpg\" \/>\n\t<meta property=\"og:image:width\" content=\"800\" \/>\n\t<meta property=\"og:image:height\" content=\"1421\" \/>\n\t<meta property=\"og:image:type\" content=\"image\/jpeg\" \/>\n<meta name=\"twitter:card\" content=\"summary_large_image\" \/>\n<script type=\"application\/ld+json\" class=\"yoast-schema-graph\">{\"@context\":\"https:\/\/schema.org\",\"@graph\":[{\"@type\":\"WebPage\",\"@id\":\"https:\/\/emikafashion.com\/et\/product\/stylish-summer-linen-three-piece-set-230275\/\",\"url\":\"https:\/\/emikafashion.com\/et\/product\/stylish-summer-linen-three-piece-set-230275\/\",\"name\":\"Stylish Summer Linen Three-Piece Set - Emika Fashion - naiste riided, kleidid, \u00f5htukleidid, kokteilikleidid, peokleidid, pidulikud kleidid, p\u00fckskost\u00fc\u00fcmid, seelikud, l\u00fchikesed p\u00fcksid, korsetid, pluusid | Eesti, Tallinn |\",\"isPartOf\":{\"@id\":\"https:\/\/emikafashion.com\/et\/#website\"},\"primaryImageOfPage\":{\"@id\":\"https:\/\/emikafashion.com\/et\/product\/stylish-summer-linen-three-piece-set-230275\/#primaryimage\"},\"image\":{\"@id\":\"https:\/\/emikafashion.com\/et\/product\/stylish-summer-linen-three-piece-set-230275\/#primaryimage\"},\"thumbnailUrl\":\"https:\/\/emikafashion.com\/wp-content\/uploads\/2025\/06\/01-img_5620-susu.jpg\",\"datePublished\":\"2025-06-10T03:30:32+00:00\",\"dateModified\":\"2026-04-17T17:33:19+00:00\",\"breadcrumb\":{\"@id\":\"https:\/\/emikafashion.com\/et\/product\/stylish-summer-linen-three-piece-set-230275\/#breadcrumb\"},\"inLanguage\":\"et\",\"potentialAction\":[{\"@type\":\"ReadAction\",\"target\":[\"https:\/\/emikafashion.com\/et\/product\/stylish-summer-linen-three-piece-set-230275\/\"]}]},{\"@type\":\"ImageObject\",\"inLanguage\":\"et\",\"@id\":\"https:\/\/emikafashion.com\/et\/product\/stylish-summer-linen-three-piece-set-230275\/#primaryimage\",\"url\":\"https:\/\/emikafashion.com\/wp-content\/uploads\/2025\/06\/01-img_5620-susu.jpg\",\"contentUrl\":\"https:\/\/emikafashion.com\/wp-content\/uploads\/2025\/06\/01-img_5620-susu.jpg\",\"width\":800,\"height\":1421},{\"@type\":\"BreadcrumbList\",\"@id\":\"https:\/\/emikafashion.com\/et\/product\/stylish-summer-linen-three-piece-set-230275\/#breadcrumb\",\"itemListElement\":[{\"@type\":\"ListItem\",\"position\":1,\"name\":\"Home\",\"item\":\"https:\/\/emikafashion.com\/et\/\"},{\"@type\":\"ListItem\",\"position\":2,\"name\":\"Pood\",\"item\":\"https:\/\/emikafashion.com\/et\/pood\/\"},{\"@type\":\"ListItem\",\"position\":3,\"name\":\"Stylish Summer Linen Three-Piece Set\"}]},{\"@type\":\"WebSite\",\"@id\":\"https:\/\/emikafashion.com\/et\/#website\",\"url\":\"https:\/\/emikafashion.com\/et\/\",\"name\":\"Emika Fashion - Women's Clothes, Dresses, Evening Dresses, Cocktail Dresses, Party Dresses, Pantsuits, Skirts, Shorts, Corsets, Blouses | Europe |\",\"description\":\"Naiste riided | Naistemoe pood | Kleidid\",\"publisher\":{\"@id\":\"https:\/\/emikafashion.com\/et\/#organization\"},\"potentialAction\":[{\"@type\":\"SearchAction\",\"target\":{\"@type\":\"EntryPoint\",\"urlTemplate\":\"https:\/\/emikafashion.com\/et\/?s={search_term_string}\"},\"query-input\":{\"@type\":\"PropertyValueSpecification\",\"valueRequired\":true,\"valueName\":\"search_term_string\"}}],\"inLanguage\":\"et\"},{\"@type\":\"Organization\",\"@id\":\"https:\/\/emikafashion.com\/et\/#organization\",\"name\":\"Emika Fashion O\u00dc\",\"url\":\"https:\/\/emikafashion.com\/et\/\",\"logo\":{\"@type\":\"ImageObject\",\"inLanguage\":\"et\",\"@id\":\"https:\/\/emikafashion.com\/et\/#\/schema\/logo\/image\/\",\"url\":\"https:\/\/emikafashion.com\/wp-content\/uploads\/2023\/11\/emika-fashion_logo-flat.svg\",\"contentUrl\":\"https:\/\/emikafashion.com\/wp-content\/uploads\/2023\/11\/emika-fashion_logo-flat.svg\",\"width\":1,\"height\":1,\"caption\":\"Emika Fashion O\u00dc\"},\"image\":{\"@id\":\"https:\/\/emikafashion.com\/et\/#\/schema\/logo\/image\/\"},\"sameAs\":[\"https:\/\/www.facebook.com\/profile.php?id=100071972389525\",\"https:\/\/www.instagram.com\/emika_fashion_official\/\"]}]}<\/script>\n<!-- \/ Yoast SEO plugin. -->","yoast_head_json":{"title":"Stylish Summer Linen Three-Piece Set - Emika Fashion - naiste riided, kleidid, \u00f5htukleidid, kokteilikleidid, peokleidid, pidulikud kleidid, p\u00fckskost\u00fc\u00fcmid, seelikud, l\u00fchikesed p\u00fcksid, korsetid, pluusid | Eesti, Tallinn |","robots":{"index":"index","follow":"follow","max-snippet":"max-snippet:-1","max-image-preview":"max-image-preview:large","max-video-preview":"max-video-preview:-1"},"canonical":"https:\/\/emikafashion.com\/et\/product\/stylish-summer-linen-three-piece-set-230275\/","og_locale":"et_EE","og_type":"article","og_title":"Stylish Summer Linen Three-Piece Set - Emika Fashion - naiste riided, kleidid, \u00f5htukleidid, kokteilikleidid, peokleidid, pidulikud kleidid, p\u00fckskost\u00fc\u00fcmid, seelikud, l\u00fchikesed p\u00fcksid, korsetid, pluusid | Eesti, Tallinn |","og_description":"Elevate your wardrobe with this stylish three-piece set made from breathable natural linen. Featuring elegant mocha and chocolate tones, the set offers both comfort and sophistication \u2014 perfect for modern women who value effortless style. Set includes: \u2022 High-waisted wide-leg pants \u2022 Cropped top with soft, romantic draping \u2022 Oversized shirt Ideal for lounging at [...]","og_url":"https:\/\/emikafashion.com\/et\/product\/stylish-summer-linen-three-piece-set-230275\/","og_site_name":"Emika Fashion - naiste riided, kleidid, \u00f5htukleidid, kokteilikleidid, peokleidid, pidulikud kleidid, p\u00fckskost\u00fc\u00fcmid, seelikud, l\u00fchikesed p\u00fcksid, korsetid, pluusid | Eesti, Tallinn |","article_publisher":"https:\/\/www.facebook.com\/profile.php?id=100071972389525","article_modified_time":"2026-04-17T17:33:19+00:00","og_image":[{"width":800,"height":1421,"url":"https:\/\/emikafashion.com\/wp-content\/uploads\/2025\/06\/01-img_5620-susu.jpg","type":"image\/jpeg"}],"twitter_card":"summary_large_image","schema":{"@context":"https:\/\/schema.org","@graph":[{"@type":"WebPage","@id":"https:\/\/emikafashion.com\/et\/product\/stylish-summer-linen-three-piece-set-230275\/","url":"https:\/\/emikafashion.com\/et\/product\/stylish-summer-linen-three-piece-set-230275\/","name":"Stylish Summer Linen Three-Piece Set - Emika Fashion - naiste riided, kleidid, \u00f5htukleidid, kokteilikleidid, peokleidid, pidulikud kleidid, p\u00fckskost\u00fc\u00fcmid, seelikud, l\u00fchikesed p\u00fcksid, korsetid, pluusid | Eesti, Tallinn |","isPartOf":{"@id":"https:\/\/emikafashion.com\/et\/#website"},"primaryImageOfPage":{"@id":"https:\/\/emikafashion.com\/et\/product\/stylish-summer-linen-three-piece-set-230275\/#primaryimage"},"image":{"@id":"https:\/\/emikafashion.com\/et\/product\/stylish-summer-linen-three-piece-set-230275\/#primaryimage"},"thumbnailUrl":"https:\/\/emikafashion.com\/wp-content\/uploads\/2025\/06\/01-img_5620-susu.jpg","datePublished":"2025-06-10T03:30:32+00:00","dateModified":"2026-04-17T17:33:19+00:00","breadcrumb":{"@id":"https:\/\/emikafashion.com\/et\/product\/stylish-summer-linen-three-piece-set-230275\/#breadcrumb"},"inLanguage":"et","potentialAction":[{"@type":"ReadAction","target":["https:\/\/emikafashion.com\/et\/product\/stylish-summer-linen-three-piece-set-230275\/"]}]},{"@type":"ImageObject","inLanguage":"et","@id":"https:\/\/emikafashion.com\/et\/product\/stylish-summer-linen-three-piece-set-230275\/#primaryimage","url":"https:\/\/emikafashion.com\/wp-content\/uploads\/2025\/06\/01-img_5620-susu.jpg","contentUrl":"https:\/\/emikafashion.com\/wp-content\/uploads\/2025\/06\/01-img_5620-susu.jpg","width":800,"height":1421},{"@type":"BreadcrumbList","@id":"https:\/\/emikafashion.com\/et\/product\/stylish-summer-linen-three-piece-set-230275\/#breadcrumb","itemListElement":[{"@type":"ListItem","position":1,"name":"Home","item":"https:\/\/emikafashion.com\/et\/"},{"@type":"ListItem","position":2,"name":"Pood","item":"https:\/\/emikafashion.com\/et\/pood\/"},{"@type":"ListItem","position":3,"name":"Stylish Summer Linen Three-Piece Set"}]},{"@type":"WebSite","@id":"https:\/\/emikafashion.com\/et\/#website","url":"https:\/\/emikafashion.com\/et\/","name":"Emika Fashion - Women's Clothes, Dresses, Evening Dresses, Cocktail Dresses, Party Dresses, Pantsuits, Skirts, Shorts, Corsets, Blouses | Europe |","description":"Naiste riided | Naistemoe pood | Kleidid","publisher":{"@id":"https:\/\/emikafashion.com\/et\/#organization"},"potentialAction":[{"@type":"SearchAction","target":{"@type":"EntryPoint","urlTemplate":"https:\/\/emikafashion.com\/et\/?s={search_term_string}"},"query-input":{"@type":"PropertyValueSpecification","valueRequired":true,"valueName":"search_term_string"}}],"inLanguage":"et"},{"@type":"Organization","@id":"https:\/\/emikafashion.com\/et\/#organization","name":"Emika Fashion O\u00dc","url":"https:\/\/emikafashion.com\/et\/","logo":{"@type":"ImageObject","inLanguage":"et","@id":"https:\/\/emikafashion.com\/et\/#\/schema\/logo\/image\/","url":"https:\/\/emikafashion.com\/wp-content\/uploads\/2023\/11\/emika-fashion_logo-flat.svg","contentUrl":"https:\/\/emikafashion.com\/wp-content\/uploads\/2023\/11\/emika-fashion_logo-flat.svg","width":1,"height":1,"caption":"Emika Fashion O\u00dc"},"image":{"@id":"https:\/\/emikafashion.com\/et\/#\/schema\/logo\/image\/"},"sameAs":["https:\/\/www.facebook.com\/profile.php?id=100071972389525","https:\/\/www.instagram.com\/emika_fashion_official\/"]}]}},"_links":{"self":[{"href":"https:\/\/emikafashion.com\/et\/wp-json\/wp\/v2\/product\/71985","targetHints":{"allow":["GET"]}}],"collection":[{"href":"https:\/\/emikafashion.com\/et\/wp-json\/wp\/v2\/product"}],"about":[{"href":"https:\/\/emikafashion.com\/et\/wp-json\/wp\/v2\/types\/product"}],"wp:featuredmedia":[{"embeddable":true,"href":"https:\/\/emikafashion.com\/et\/wp-json\/wp\/v2\/media\/72531"}],"wp:attachment":[{"href":"https:\/\/emikafashion.com\/et\/wp-json\/wp\/v2\/media?parent=71985"}],"wp:term":[{"taxonomy":"product_brand","embeddable":true,"href":"https:\/\/emikafashion.com\/et\/wp-json\/wp\/v2\/product_brand?post=71985"},{"taxonomy":"product_cat","embeddable":true,"href":"https:\/\/emikafashion.com\/et\/wp-json\/wp\/v2\/product_cat?post=71985"},{"taxonomy":"product_tag","embeddable":true,"href":"https:\/\/emikafashion.com\/et\/wp-json\/wp\/v2\/product_tag?post=71985"}],"curies":[{"name":"wp","href":"https:\/\/api.w.org\/{rel}","templated":true}]}}