{"id":71615,"date":"2025-05-29T07:03:39","date_gmt":"2025-05-29T04:03:39","guid":{"rendered":"https:\/\/emikafashion.com\/?post_type=product&#038;p=71615"},"modified":"2026-04-18T11:26:57","modified_gmt":"2026-04-18T08:26:57","slug":"dress-with-olive-branch-print-220005-1","status":"publish","type":"product","link":"https:\/\/emikafashion.com\/et\/product\/dress-with-olive-branch-print-220005-1\/","title":{"rendered":"Dress with \u201cOlive Branch\u201d Print"},"content":{"rendered":"<p>A charming dress made from flowing, silky fabric, where every detail is designed to highlight femininity and style. The delicate decor gently draws attention to the neckline, while the high slit on the left leg adds a bold and sensual touch to the look.<\/p>\n<p>Color: Olive Branch print<br \/>\nA classic white base adorned with an elegant olive branch pattern \u2014 a symbol of harmony, tranquility, and natural beauty.<\/p>\n<p>Design Features:<br \/>\n\u2022 Lightweight, fluid silhouette<br \/>\n\u2022 Accented neckline and d\u00e9collet\u00e9<br \/>\n\u2022 Slit on the left leg adds confidence and creates a striking walk<br \/>\n\u2022 Versatile length \u2014 perfect for summer strolls, dates, or special occasions<\/p>\n<p>Composition:<br \/>\n\u2022 50% silk<br \/>\n\u2022 45% polyester<br \/>\n\u2022 5% elastane<br \/>\nSoft to the touch with a subtle sheen and gentle stretch \u2014 comfortable to wear and flattering to the figure.<\/p>\n<p>Sizes: XS\/S, S\/M, M\/L<\/p>\n","protected":false},"excerpt":{"rendered":"<p>A charming dress made from flowing, silky fabric, where every detail is designed to highlight femininity and style. The delicate decor gently draws attention to the neckline, while the high slit on the left leg adds a bold and sensual touch to the look. Color: Olive Branch print A classic white base adorned with an [&#8230;]\n","protected":false},"featured_media":72057,"template":"","meta":[],"product_brand":[],"product_cat":[701,656,724,415,240,619,586],"product_tag":[],"class_list":{"0":"post-71615","1":"product","2":"type-product","3":"status-publish","4":"has-post-thumbnail","6":"product_cat-luxury-outlet-collection","7":"product_cat-hot-deals-40-50","8":"product_cat-endless-summer-sale","9":"product_cat-summer-dresses","10":"product_cat-dresses","11":"product_cat-silk-dresses","12":"product_cat-available-only-online","14":"first","15":"instock","16":"sale","17":"taxable","18":"shipping-taxable","19":"purchasable","20":"product-type-variable"},"yoast_head":"<!-- This site is optimized with the Yoast SEO plugin v26.2 - https:\/\/yoast.com\/wordpress\/plugins\/seo\/ -->\n<title>Dress with \u201cOlive Branch\u201d Print - Emika Fashion - naiste riided, kleidid, \u00f5htukleidid, kokteilikleidid, peokleidid, pidulikud kleidid, p\u00fckskost\u00fc\u00fcmid, seelikud, l\u00fchikesed p\u00fcksid, korsetid, pluusid | Eesti, Tallinn |<\/title>\n<meta name=\"robots\" content=\"index, follow, max-snippet:-1, max-image-preview:large, max-video-preview:-1\" \/>\n<link rel=\"canonical\" href=\"https:\/\/emikafashion.com\/et\/product\/dress-with-olive-branch-print-220005-1\/\" \/>\n<meta property=\"og:locale\" content=\"et_EE\" \/>\n<meta property=\"og:type\" content=\"article\" \/>\n<meta property=\"og:title\" content=\"Dress with \u201cOlive Branch\u201d Print - Emika Fashion - naiste riided, kleidid, \u00f5htukleidid, kokteilikleidid, peokleidid, pidulikud kleidid, p\u00fckskost\u00fc\u00fcmid, seelikud, l\u00fchikesed p\u00fcksid, korsetid, pluusid | Eesti, Tallinn |\" \/>\n<meta property=\"og:description\" content=\"A charming dress made from flowing, silky fabric, where every detail is designed to highlight femininity and style. The delicate decor gently draws attention to the neckline, while the high slit on the left leg adds a bold and sensual touch to the look. Color: Olive Branch print A classic white base adorned with an [...]\" \/>\n<meta property=\"og:url\" content=\"https:\/\/emikafashion.com\/et\/product\/dress-with-olive-branch-print-220005-1\/\" \/>\n<meta property=\"og:site_name\" content=\"Emika Fashion - naiste riided, kleidid, \u00f5htukleidid, kokteilikleidid, peokleidid, pidulikud kleidid, p\u00fckskost\u00fc\u00fcmid, seelikud, l\u00fchikesed p\u00fcksid, korsetid, pluusid | Eesti, Tallinn |\" \/>\n<meta property=\"article:publisher\" content=\"https:\/\/www.facebook.com\/profile.php?id=100071972389525\" \/>\n<meta property=\"article:modified_time\" content=\"2026-04-18T08:26:57+00:00\" \/>\n<meta property=\"og:image\" content=\"https:\/\/emikafashion.com\/wp-content\/uploads\/2025\/05\/01-img_4687-sudr.jpg\" \/>\n\t<meta property=\"og:image:width\" content=\"800\" \/>\n\t<meta property=\"og:image:height\" content=\"1200\" \/>\n\t<meta property=\"og:image:type\" content=\"image\/jpeg\" \/>\n<meta name=\"twitter:card\" content=\"summary_large_image\" \/>\n<meta name=\"twitter:label1\" content=\"Est. reading time\" \/>\n\t<meta name=\"twitter:data1\" content=\"1 minut\" \/>\n<script type=\"application\/ld+json\" class=\"yoast-schema-graph\">{\"@context\":\"https:\/\/schema.org\",\"@graph\":[{\"@type\":\"WebPage\",\"@id\":\"https:\/\/emikafashion.com\/et\/product\/dress-with-olive-branch-print-220005-1\/\",\"url\":\"https:\/\/emikafashion.com\/et\/product\/dress-with-olive-branch-print-220005-1\/\",\"name\":\"Dress with \u201cOlive Branch\u201d Print - Emika Fashion - naiste riided, kleidid, \u00f5htukleidid, kokteilikleidid, peokleidid, pidulikud kleidid, p\u00fckskost\u00fc\u00fcmid, seelikud, l\u00fchikesed p\u00fcksid, korsetid, pluusid | Eesti, Tallinn |\",\"isPartOf\":{\"@id\":\"https:\/\/emikafashion.com\/et\/#website\"},\"primaryImageOfPage\":{\"@id\":\"https:\/\/emikafashion.com\/et\/product\/dress-with-olive-branch-print-220005-1\/#primaryimage\"},\"image\":{\"@id\":\"https:\/\/emikafashion.com\/et\/product\/dress-with-olive-branch-print-220005-1\/#primaryimage\"},\"thumbnailUrl\":\"https:\/\/emikafashion.com\/wp-content\/uploads\/2025\/05\/01-img_4687-sudr.jpg\",\"datePublished\":\"2025-05-29T04:03:39+00:00\",\"dateModified\":\"2026-04-18T08:26:57+00:00\",\"breadcrumb\":{\"@id\":\"https:\/\/emikafashion.com\/et\/product\/dress-with-olive-branch-print-220005-1\/#breadcrumb\"},\"inLanguage\":\"et\",\"potentialAction\":[{\"@type\":\"ReadAction\",\"target\":[\"https:\/\/emikafashion.com\/et\/product\/dress-with-olive-branch-print-220005-1\/\"]}]},{\"@type\":\"ImageObject\",\"inLanguage\":\"et\",\"@id\":\"https:\/\/emikafashion.com\/et\/product\/dress-with-olive-branch-print-220005-1\/#primaryimage\",\"url\":\"https:\/\/emikafashion.com\/wp-content\/uploads\/2025\/05\/01-img_4687-sudr.jpg\",\"contentUrl\":\"https:\/\/emikafashion.com\/wp-content\/uploads\/2025\/05\/01-img_4687-sudr.jpg\",\"width\":800,\"height\":1200},{\"@type\":\"BreadcrumbList\",\"@id\":\"https:\/\/emikafashion.com\/et\/product\/dress-with-olive-branch-print-220005-1\/#breadcrumb\",\"itemListElement\":[{\"@type\":\"ListItem\",\"position\":1,\"name\":\"Home\",\"item\":\"https:\/\/emikafashion.com\/et\/\"},{\"@type\":\"ListItem\",\"position\":2,\"name\":\"Pood\",\"item\":\"https:\/\/emikafashion.com\/et\/pood\/\"},{\"@type\":\"ListItem\",\"position\":3,\"name\":\"Dress with \u201cOlive Branch\u201d Print\"}]},{\"@type\":\"WebSite\",\"@id\":\"https:\/\/emikafashion.com\/et\/#website\",\"url\":\"https:\/\/emikafashion.com\/et\/\",\"name\":\"Emika Fashion - Women's Clothes, Dresses, Evening Dresses, Cocktail Dresses, Party Dresses, Pantsuits, Skirts, Shorts, Corsets, Blouses | Europe |\",\"description\":\"Naiste riided | Naistemoe pood | Kleidid\",\"publisher\":{\"@id\":\"https:\/\/emikafashion.com\/et\/#organization\"},\"potentialAction\":[{\"@type\":\"SearchAction\",\"target\":{\"@type\":\"EntryPoint\",\"urlTemplate\":\"https:\/\/emikafashion.com\/et\/?s={search_term_string}\"},\"query-input\":{\"@type\":\"PropertyValueSpecification\",\"valueRequired\":true,\"valueName\":\"search_term_string\"}}],\"inLanguage\":\"et\"},{\"@type\":\"Organization\",\"@id\":\"https:\/\/emikafashion.com\/et\/#organization\",\"name\":\"Emika Fashion O\u00dc\",\"url\":\"https:\/\/emikafashion.com\/et\/\",\"logo\":{\"@type\":\"ImageObject\",\"inLanguage\":\"et\",\"@id\":\"https:\/\/emikafashion.com\/et\/#\/schema\/logo\/image\/\",\"url\":\"https:\/\/emikafashion.com\/wp-content\/uploads\/2023\/11\/emika-fashion_logo-flat.svg\",\"contentUrl\":\"https:\/\/emikafashion.com\/wp-content\/uploads\/2023\/11\/emika-fashion_logo-flat.svg\",\"width\":1,\"height\":1,\"caption\":\"Emika Fashion O\u00dc\"},\"image\":{\"@id\":\"https:\/\/emikafashion.com\/et\/#\/schema\/logo\/image\/\"},\"sameAs\":[\"https:\/\/www.facebook.com\/profile.php?id=100071972389525\",\"https:\/\/www.instagram.com\/emika_fashion_official\/\"]}]}<\/script>\n<!-- \/ Yoast SEO plugin. -->","yoast_head_json":{"title":"Dress with \u201cOlive Branch\u201d Print - Emika Fashion - naiste riided, kleidid, \u00f5htukleidid, kokteilikleidid, peokleidid, pidulikud kleidid, p\u00fckskost\u00fc\u00fcmid, seelikud, l\u00fchikesed p\u00fcksid, korsetid, pluusid | Eesti, Tallinn |","robots":{"index":"index","follow":"follow","max-snippet":"max-snippet:-1","max-image-preview":"max-image-preview:large","max-video-preview":"max-video-preview:-1"},"canonical":"https:\/\/emikafashion.com\/et\/product\/dress-with-olive-branch-print-220005-1\/","og_locale":"et_EE","og_type":"article","og_title":"Dress with \u201cOlive Branch\u201d Print - Emika Fashion - naiste riided, kleidid, \u00f5htukleidid, kokteilikleidid, peokleidid, pidulikud kleidid, p\u00fckskost\u00fc\u00fcmid, seelikud, l\u00fchikesed p\u00fcksid, korsetid, pluusid | Eesti, Tallinn |","og_description":"A charming dress made from flowing, silky fabric, where every detail is designed to highlight femininity and style. The delicate decor gently draws attention to the neckline, while the high slit on the left leg adds a bold and sensual touch to the look. Color: Olive Branch print A classic white base adorned with an [...]","og_url":"https:\/\/emikafashion.com\/et\/product\/dress-with-olive-branch-print-220005-1\/","og_site_name":"Emika Fashion - naiste riided, kleidid, \u00f5htukleidid, kokteilikleidid, peokleidid, pidulikud kleidid, p\u00fckskost\u00fc\u00fcmid, seelikud, l\u00fchikesed p\u00fcksid, korsetid, pluusid | Eesti, Tallinn |","article_publisher":"https:\/\/www.facebook.com\/profile.php?id=100071972389525","article_modified_time":"2026-04-18T08:26:57+00:00","og_image":[{"width":800,"height":1200,"url":"https:\/\/emikafashion.com\/wp-content\/uploads\/2025\/05\/01-img_4687-sudr.jpg","type":"image\/jpeg"}],"twitter_card":"summary_large_image","twitter_misc":{"Est. reading time":"1 minut"},"schema":{"@context":"https:\/\/schema.org","@graph":[{"@type":"WebPage","@id":"https:\/\/emikafashion.com\/et\/product\/dress-with-olive-branch-print-220005-1\/","url":"https:\/\/emikafashion.com\/et\/product\/dress-with-olive-branch-print-220005-1\/","name":"Dress with \u201cOlive Branch\u201d Print - Emika Fashion - naiste riided, kleidid, \u00f5htukleidid, kokteilikleidid, peokleidid, pidulikud kleidid, p\u00fckskost\u00fc\u00fcmid, seelikud, l\u00fchikesed p\u00fcksid, korsetid, pluusid | Eesti, Tallinn |","isPartOf":{"@id":"https:\/\/emikafashion.com\/et\/#website"},"primaryImageOfPage":{"@id":"https:\/\/emikafashion.com\/et\/product\/dress-with-olive-branch-print-220005-1\/#primaryimage"},"image":{"@id":"https:\/\/emikafashion.com\/et\/product\/dress-with-olive-branch-print-220005-1\/#primaryimage"},"thumbnailUrl":"https:\/\/emikafashion.com\/wp-content\/uploads\/2025\/05\/01-img_4687-sudr.jpg","datePublished":"2025-05-29T04:03:39+00:00","dateModified":"2026-04-18T08:26:57+00:00","breadcrumb":{"@id":"https:\/\/emikafashion.com\/et\/product\/dress-with-olive-branch-print-220005-1\/#breadcrumb"},"inLanguage":"et","potentialAction":[{"@type":"ReadAction","target":["https:\/\/emikafashion.com\/et\/product\/dress-with-olive-branch-print-220005-1\/"]}]},{"@type":"ImageObject","inLanguage":"et","@id":"https:\/\/emikafashion.com\/et\/product\/dress-with-olive-branch-print-220005-1\/#primaryimage","url":"https:\/\/emikafashion.com\/wp-content\/uploads\/2025\/05\/01-img_4687-sudr.jpg","contentUrl":"https:\/\/emikafashion.com\/wp-content\/uploads\/2025\/05\/01-img_4687-sudr.jpg","width":800,"height":1200},{"@type":"BreadcrumbList","@id":"https:\/\/emikafashion.com\/et\/product\/dress-with-olive-branch-print-220005-1\/#breadcrumb","itemListElement":[{"@type":"ListItem","position":1,"name":"Home","item":"https:\/\/emikafashion.com\/et\/"},{"@type":"ListItem","position":2,"name":"Pood","item":"https:\/\/emikafashion.com\/et\/pood\/"},{"@type":"ListItem","position":3,"name":"Dress with \u201cOlive Branch\u201d Print"}]},{"@type":"WebSite","@id":"https:\/\/emikafashion.com\/et\/#website","url":"https:\/\/emikafashion.com\/et\/","name":"Emika Fashion - Women's Clothes, Dresses, Evening Dresses, Cocktail Dresses, Party Dresses, Pantsuits, Skirts, Shorts, Corsets, Blouses | Europe |","description":"Naiste riided | Naistemoe pood | Kleidid","publisher":{"@id":"https:\/\/emikafashion.com\/et\/#organization"},"potentialAction":[{"@type":"SearchAction","target":{"@type":"EntryPoint","urlTemplate":"https:\/\/emikafashion.com\/et\/?s={search_term_string}"},"query-input":{"@type":"PropertyValueSpecification","valueRequired":true,"valueName":"search_term_string"}}],"inLanguage":"et"},{"@type":"Organization","@id":"https:\/\/emikafashion.com\/et\/#organization","name":"Emika Fashion O\u00dc","url":"https:\/\/emikafashion.com\/et\/","logo":{"@type":"ImageObject","inLanguage":"et","@id":"https:\/\/emikafashion.com\/et\/#\/schema\/logo\/image\/","url":"https:\/\/emikafashion.com\/wp-content\/uploads\/2023\/11\/emika-fashion_logo-flat.svg","contentUrl":"https:\/\/emikafashion.com\/wp-content\/uploads\/2023\/11\/emika-fashion_logo-flat.svg","width":1,"height":1,"caption":"Emika Fashion O\u00dc"},"image":{"@id":"https:\/\/emikafashion.com\/et\/#\/schema\/logo\/image\/"},"sameAs":["https:\/\/www.facebook.com\/profile.php?id=100071972389525","https:\/\/www.instagram.com\/emika_fashion_official\/"]}]}},"_links":{"self":[{"href":"https:\/\/emikafashion.com\/et\/wp-json\/wp\/v2\/product\/71615","targetHints":{"allow":["GET"]}}],"collection":[{"href":"https:\/\/emikafashion.com\/et\/wp-json\/wp\/v2\/product"}],"about":[{"href":"https:\/\/emikafashion.com\/et\/wp-json\/wp\/v2\/types\/product"}],"wp:featuredmedia":[{"embeddable":true,"href":"https:\/\/emikafashion.com\/et\/wp-json\/wp\/v2\/media\/72057"}],"wp:attachment":[{"href":"https:\/\/emikafashion.com\/et\/wp-json\/wp\/v2\/media?parent=71615"}],"wp:term":[{"taxonomy":"product_brand","embeddable":true,"href":"https:\/\/emikafashion.com\/et\/wp-json\/wp\/v2\/product_brand?post=71615"},{"taxonomy":"product_cat","embeddable":true,"href":"https:\/\/emikafashion.com\/et\/wp-json\/wp\/v2\/product_cat?post=71615"},{"taxonomy":"product_tag","embeddable":true,"href":"https:\/\/emikafashion.com\/et\/wp-json\/wp\/v2\/product_tag?post=71615"}],"curies":[{"name":"wp","href":"https:\/\/api.w.org\/{rel}","templated":true}]}}