{"id":71187,"date":"2025-05-23T06:30:17","date_gmt":"2025-05-23T03:30:17","guid":{"rendered":"https:\/\/emikafashion.com\/?post_type=product&#038;p=71187"},"modified":"2026-04-21T12:54:08","modified_gmt":"2026-04-21T09:54:08","slug":"stylish-linen-set-shirt-and-shorts-230261","status":"publish","type":"product","link":"https:\/\/emikafashion.com\/et\/product\/stylish-linen-set-shirt-and-shorts-230261\/","title":{"rendered":"Stylish Linen Set \u2013 Shirt and Shorts"},"content":{"rendered":"<p>A stylish and comfortable summer outfit made from 100% linen in a delicate light blue shade. The perfect combination of breathability, lightness, and trendy design.<\/p>\n<p>The set includes:<br \/>\n\u2022 A loose-fit shirt with a classic collar and snap-button closure. The dropped shoulder line and relaxed cut create a laid-back, modern look. Can be worn on its own or paired with the shorts.<br \/>\n\u2022 High-waisted shorts with a wide elastic waistband. The relaxed fit and turned-up hems offer maximum comfort and a chic appearance.<\/p>\n<p>This set is an excellent choice for summer walks, vacations, resort getaways, or casual city looks. Pairs well with sneakers, sandals, heeled sandals, or mules.<\/p>\n<p>Composition: Linen with added viscose<br \/>\nColor: Light Blue<br \/>\nSize: XS\/S, M\/L<br \/>\nCare: Hand wash or gentle machine wash at up to 30\u00b0C<\/p>\n","protected":false},"excerpt":{"rendered":"<p>A stylish and comfortable summer outfit made from 100% linen in a delicate light blue shade. The perfect combination of breathability, lightness, and trendy design. The set includes: \u2022 A loose-fit shirt with a classic collar and snap-button closure. The dropped shoulder line and relaxed cut create a laid-back, modern look. Can be worn on [&#8230;]\n","protected":false},"featured_media":72198,"template":"","meta":[],"product_brand":[],"product_cat":[724,608,458,447,586],"product_tag":[],"class_list":{"0":"post-71187","1":"product","2":"type-product","3":"status-publish","4":"has-post-thumbnail","6":"product_cat-endless-summer-sale","7":"product_cat-summer-collection","8":"product_cat-summer-suits","9":"product_cat-summer-suits-with-shorts","10":"product_cat-available-only-online","12":"first","13":"instock","14":"sale","15":"taxable","16":"shipping-taxable","17":"purchasable","18":"product-type-variable"},"yoast_head":"<!-- This site is optimized with the Yoast SEO plugin v26.2 - https:\/\/yoast.com\/wordpress\/plugins\/seo\/ -->\n<title>Stylish Linen Set \u2013 Shirt and Shorts - Emika Fashion - naiste riided, kleidid, \u00f5htukleidid, kokteilikleidid, peokleidid, pidulikud kleidid, p\u00fckskost\u00fc\u00fcmid, seelikud, l\u00fchikesed p\u00fcksid, korsetid, pluusid | Eesti, Tallinn |<\/title>\n<meta name=\"robots\" content=\"index, follow, max-snippet:-1, max-image-preview:large, max-video-preview:-1\" \/>\n<link rel=\"canonical\" href=\"https:\/\/emikafashion.com\/et\/product\/stylish-linen-set-shirt-and-shorts-230261\/\" \/>\n<meta property=\"og:locale\" content=\"et_EE\" \/>\n<meta property=\"og:type\" content=\"article\" \/>\n<meta property=\"og:title\" content=\"Stylish Linen Set \u2013 Shirt and Shorts - Emika Fashion - naiste riided, kleidid, \u00f5htukleidid, kokteilikleidid, peokleidid, pidulikud kleidid, p\u00fckskost\u00fc\u00fcmid, seelikud, l\u00fchikesed p\u00fcksid, korsetid, pluusid | Eesti, Tallinn |\" \/>\n<meta property=\"og:description\" content=\"A stylish and comfortable summer outfit made from 100% linen in a delicate light blue shade. The perfect combination of breathability, lightness, and trendy design. The set includes: \u2022 A loose-fit shirt with a classic collar and snap-button closure. The dropped shoulder line and relaxed cut create a laid-back, modern look. Can be worn on [...]\" \/>\n<meta property=\"og:url\" content=\"https:\/\/emikafashion.com\/et\/product\/stylish-linen-set-shirt-and-shorts-230261\/\" \/>\n<meta property=\"og:site_name\" content=\"Emika Fashion - naiste riided, kleidid, \u00f5htukleidid, kokteilikleidid, peokleidid, pidulikud kleidid, p\u00fckskost\u00fc\u00fcmid, seelikud, l\u00fchikesed p\u00fcksid, korsetid, pluusid | Eesti, Tallinn |\" \/>\n<meta property=\"article:publisher\" content=\"https:\/\/www.facebook.com\/profile.php?id=100071972389525\" \/>\n<meta property=\"article:modified_time\" content=\"2026-04-21T09:54:08+00:00\" \/>\n<meta property=\"og:image\" content=\"https:\/\/emikafashion.com\/wp-content\/uploads\/2025\/06\/01-img_5062-susu.jpg\" \/>\n\t<meta property=\"og:image:width\" content=\"800\" \/>\n\t<meta property=\"og:image:height\" content=\"1413\" \/>\n\t<meta property=\"og:image:type\" content=\"image\/jpeg\" \/>\n<meta name=\"twitter:card\" content=\"summary_large_image\" \/>\n<meta name=\"twitter:label1\" content=\"Est. reading time\" \/>\n\t<meta name=\"twitter:data1\" content=\"1 minut\" \/>\n<script type=\"application\/ld+json\" class=\"yoast-schema-graph\">{\"@context\":\"https:\/\/schema.org\",\"@graph\":[{\"@type\":\"WebPage\",\"@id\":\"https:\/\/emikafashion.com\/et\/product\/stylish-linen-set-shirt-and-shorts-230261\/\",\"url\":\"https:\/\/emikafashion.com\/et\/product\/stylish-linen-set-shirt-and-shorts-230261\/\",\"name\":\"Stylish Linen Set \u2013 Shirt and Shorts - Emika Fashion - naiste riided, kleidid, \u00f5htukleidid, kokteilikleidid, peokleidid, pidulikud kleidid, p\u00fckskost\u00fc\u00fcmid, seelikud, l\u00fchikesed p\u00fcksid, korsetid, pluusid | Eesti, Tallinn |\",\"isPartOf\":{\"@id\":\"https:\/\/emikafashion.com\/et\/#website\"},\"primaryImageOfPage\":{\"@id\":\"https:\/\/emikafashion.com\/et\/product\/stylish-linen-set-shirt-and-shorts-230261\/#primaryimage\"},\"image\":{\"@id\":\"https:\/\/emikafashion.com\/et\/product\/stylish-linen-set-shirt-and-shorts-230261\/#primaryimage\"},\"thumbnailUrl\":\"https:\/\/emikafashion.com\/wp-content\/uploads\/2025\/06\/01-img_5062-susu.jpg\",\"datePublished\":\"2025-05-23T03:30:17+00:00\",\"dateModified\":\"2026-04-21T09:54:08+00:00\",\"breadcrumb\":{\"@id\":\"https:\/\/emikafashion.com\/et\/product\/stylish-linen-set-shirt-and-shorts-230261\/#breadcrumb\"},\"inLanguage\":\"et\",\"potentialAction\":[{\"@type\":\"ReadAction\",\"target\":[\"https:\/\/emikafashion.com\/et\/product\/stylish-linen-set-shirt-and-shorts-230261\/\"]}]},{\"@type\":\"ImageObject\",\"inLanguage\":\"et\",\"@id\":\"https:\/\/emikafashion.com\/et\/product\/stylish-linen-set-shirt-and-shorts-230261\/#primaryimage\",\"url\":\"https:\/\/emikafashion.com\/wp-content\/uploads\/2025\/06\/01-img_5062-susu.jpg\",\"contentUrl\":\"https:\/\/emikafashion.com\/wp-content\/uploads\/2025\/06\/01-img_5062-susu.jpg\",\"width\":800,\"height\":1413},{\"@type\":\"BreadcrumbList\",\"@id\":\"https:\/\/emikafashion.com\/et\/product\/stylish-linen-set-shirt-and-shorts-230261\/#breadcrumb\",\"itemListElement\":[{\"@type\":\"ListItem\",\"position\":1,\"name\":\"Home\",\"item\":\"https:\/\/emikafashion.com\/et\/\"},{\"@type\":\"ListItem\",\"position\":2,\"name\":\"Pood\",\"item\":\"https:\/\/emikafashion.com\/et\/pood\/\"},{\"@type\":\"ListItem\",\"position\":3,\"name\":\"Stylish Linen Set \u2013 Shirt and Shorts\"}]},{\"@type\":\"WebSite\",\"@id\":\"https:\/\/emikafashion.com\/et\/#website\",\"url\":\"https:\/\/emikafashion.com\/et\/\",\"name\":\"Emika Fashion - Women's Clothes, Dresses, Evening Dresses, Cocktail Dresses, Party Dresses, Pantsuits, Skirts, Shorts, Corsets, Blouses | Europe |\",\"description\":\"Naiste riided | Naistemoe pood | Kleidid\",\"publisher\":{\"@id\":\"https:\/\/emikafashion.com\/et\/#organization\"},\"potentialAction\":[{\"@type\":\"SearchAction\",\"target\":{\"@type\":\"EntryPoint\",\"urlTemplate\":\"https:\/\/emikafashion.com\/et\/?s={search_term_string}\"},\"query-input\":{\"@type\":\"PropertyValueSpecification\",\"valueRequired\":true,\"valueName\":\"search_term_string\"}}],\"inLanguage\":\"et\"},{\"@type\":\"Organization\",\"@id\":\"https:\/\/emikafashion.com\/et\/#organization\",\"name\":\"Emika Fashion O\u00dc\",\"url\":\"https:\/\/emikafashion.com\/et\/\",\"logo\":{\"@type\":\"ImageObject\",\"inLanguage\":\"et\",\"@id\":\"https:\/\/emikafashion.com\/et\/#\/schema\/logo\/image\/\",\"url\":\"https:\/\/emikafashion.com\/wp-content\/uploads\/2023\/11\/emika-fashion_logo-flat.svg\",\"contentUrl\":\"https:\/\/emikafashion.com\/wp-content\/uploads\/2023\/11\/emika-fashion_logo-flat.svg\",\"width\":1,\"height\":1,\"caption\":\"Emika Fashion O\u00dc\"},\"image\":{\"@id\":\"https:\/\/emikafashion.com\/et\/#\/schema\/logo\/image\/\"},\"sameAs\":[\"https:\/\/www.facebook.com\/profile.php?id=100071972389525\",\"https:\/\/www.instagram.com\/emika_fashion_official\/\"]}]}<\/script>\n<!-- \/ Yoast SEO plugin. -->","yoast_head_json":{"title":"Stylish Linen Set \u2013 Shirt and Shorts - Emika Fashion - naiste riided, kleidid, \u00f5htukleidid, kokteilikleidid, peokleidid, pidulikud kleidid, p\u00fckskost\u00fc\u00fcmid, seelikud, l\u00fchikesed p\u00fcksid, korsetid, pluusid | Eesti, Tallinn |","robots":{"index":"index","follow":"follow","max-snippet":"max-snippet:-1","max-image-preview":"max-image-preview:large","max-video-preview":"max-video-preview:-1"},"canonical":"https:\/\/emikafashion.com\/et\/product\/stylish-linen-set-shirt-and-shorts-230261\/","og_locale":"et_EE","og_type":"article","og_title":"Stylish Linen Set \u2013 Shirt and Shorts - Emika Fashion - naiste riided, kleidid, \u00f5htukleidid, kokteilikleidid, peokleidid, pidulikud kleidid, p\u00fckskost\u00fc\u00fcmid, seelikud, l\u00fchikesed p\u00fcksid, korsetid, pluusid | Eesti, Tallinn |","og_description":"A stylish and comfortable summer outfit made from 100% linen in a delicate light blue shade. The perfect combination of breathability, lightness, and trendy design. The set includes: \u2022 A loose-fit shirt with a classic collar and snap-button closure. The dropped shoulder line and relaxed cut create a laid-back, modern look. Can be worn on [...]","og_url":"https:\/\/emikafashion.com\/et\/product\/stylish-linen-set-shirt-and-shorts-230261\/","og_site_name":"Emika Fashion - naiste riided, kleidid, \u00f5htukleidid, kokteilikleidid, peokleidid, pidulikud kleidid, p\u00fckskost\u00fc\u00fcmid, seelikud, l\u00fchikesed p\u00fcksid, korsetid, pluusid | Eesti, Tallinn |","article_publisher":"https:\/\/www.facebook.com\/profile.php?id=100071972389525","article_modified_time":"2026-04-21T09:54:08+00:00","og_image":[{"width":800,"height":1413,"url":"https:\/\/emikafashion.com\/wp-content\/uploads\/2025\/06\/01-img_5062-susu.jpg","type":"image\/jpeg"}],"twitter_card":"summary_large_image","twitter_misc":{"Est. reading time":"1 minut"},"schema":{"@context":"https:\/\/schema.org","@graph":[{"@type":"WebPage","@id":"https:\/\/emikafashion.com\/et\/product\/stylish-linen-set-shirt-and-shorts-230261\/","url":"https:\/\/emikafashion.com\/et\/product\/stylish-linen-set-shirt-and-shorts-230261\/","name":"Stylish Linen Set \u2013 Shirt and Shorts - Emika Fashion - naiste riided, kleidid, \u00f5htukleidid, kokteilikleidid, peokleidid, pidulikud kleidid, p\u00fckskost\u00fc\u00fcmid, seelikud, l\u00fchikesed p\u00fcksid, korsetid, pluusid | Eesti, Tallinn |","isPartOf":{"@id":"https:\/\/emikafashion.com\/et\/#website"},"primaryImageOfPage":{"@id":"https:\/\/emikafashion.com\/et\/product\/stylish-linen-set-shirt-and-shorts-230261\/#primaryimage"},"image":{"@id":"https:\/\/emikafashion.com\/et\/product\/stylish-linen-set-shirt-and-shorts-230261\/#primaryimage"},"thumbnailUrl":"https:\/\/emikafashion.com\/wp-content\/uploads\/2025\/06\/01-img_5062-susu.jpg","datePublished":"2025-05-23T03:30:17+00:00","dateModified":"2026-04-21T09:54:08+00:00","breadcrumb":{"@id":"https:\/\/emikafashion.com\/et\/product\/stylish-linen-set-shirt-and-shorts-230261\/#breadcrumb"},"inLanguage":"et","potentialAction":[{"@type":"ReadAction","target":["https:\/\/emikafashion.com\/et\/product\/stylish-linen-set-shirt-and-shorts-230261\/"]}]},{"@type":"ImageObject","inLanguage":"et","@id":"https:\/\/emikafashion.com\/et\/product\/stylish-linen-set-shirt-and-shorts-230261\/#primaryimage","url":"https:\/\/emikafashion.com\/wp-content\/uploads\/2025\/06\/01-img_5062-susu.jpg","contentUrl":"https:\/\/emikafashion.com\/wp-content\/uploads\/2025\/06\/01-img_5062-susu.jpg","width":800,"height":1413},{"@type":"BreadcrumbList","@id":"https:\/\/emikafashion.com\/et\/product\/stylish-linen-set-shirt-and-shorts-230261\/#breadcrumb","itemListElement":[{"@type":"ListItem","position":1,"name":"Home","item":"https:\/\/emikafashion.com\/et\/"},{"@type":"ListItem","position":2,"name":"Pood","item":"https:\/\/emikafashion.com\/et\/pood\/"},{"@type":"ListItem","position":3,"name":"Stylish Linen Set \u2013 Shirt and Shorts"}]},{"@type":"WebSite","@id":"https:\/\/emikafashion.com\/et\/#website","url":"https:\/\/emikafashion.com\/et\/","name":"Emika Fashion - Women's Clothes, Dresses, Evening Dresses, Cocktail Dresses, Party Dresses, Pantsuits, Skirts, Shorts, Corsets, Blouses | Europe |","description":"Naiste riided | Naistemoe pood | Kleidid","publisher":{"@id":"https:\/\/emikafashion.com\/et\/#organization"},"potentialAction":[{"@type":"SearchAction","target":{"@type":"EntryPoint","urlTemplate":"https:\/\/emikafashion.com\/et\/?s={search_term_string}"},"query-input":{"@type":"PropertyValueSpecification","valueRequired":true,"valueName":"search_term_string"}}],"inLanguage":"et"},{"@type":"Organization","@id":"https:\/\/emikafashion.com\/et\/#organization","name":"Emika Fashion O\u00dc","url":"https:\/\/emikafashion.com\/et\/","logo":{"@type":"ImageObject","inLanguage":"et","@id":"https:\/\/emikafashion.com\/et\/#\/schema\/logo\/image\/","url":"https:\/\/emikafashion.com\/wp-content\/uploads\/2023\/11\/emika-fashion_logo-flat.svg","contentUrl":"https:\/\/emikafashion.com\/wp-content\/uploads\/2023\/11\/emika-fashion_logo-flat.svg","width":1,"height":1,"caption":"Emika Fashion O\u00dc"},"image":{"@id":"https:\/\/emikafashion.com\/et\/#\/schema\/logo\/image\/"},"sameAs":["https:\/\/www.facebook.com\/profile.php?id=100071972389525","https:\/\/www.instagram.com\/emika_fashion_official\/"]}]}},"_links":{"self":[{"href":"https:\/\/emikafashion.com\/et\/wp-json\/wp\/v2\/product\/71187","targetHints":{"allow":["GET"]}}],"collection":[{"href":"https:\/\/emikafashion.com\/et\/wp-json\/wp\/v2\/product"}],"about":[{"href":"https:\/\/emikafashion.com\/et\/wp-json\/wp\/v2\/types\/product"}],"wp:featuredmedia":[{"embeddable":true,"href":"https:\/\/emikafashion.com\/et\/wp-json\/wp\/v2\/media\/72198"}],"wp:attachment":[{"href":"https:\/\/emikafashion.com\/et\/wp-json\/wp\/v2\/media?parent=71187"}],"wp:term":[{"taxonomy":"product_brand","embeddable":true,"href":"https:\/\/emikafashion.com\/et\/wp-json\/wp\/v2\/product_brand?post=71187"},{"taxonomy":"product_cat","embeddable":true,"href":"https:\/\/emikafashion.com\/et\/wp-json\/wp\/v2\/product_cat?post=71187"},{"taxonomy":"product_tag","embeddable":true,"href":"https:\/\/emikafashion.com\/et\/wp-json\/wp\/v2\/product_tag?post=71187"}],"curies":[{"name":"wp","href":"https:\/\/api.w.org\/{rel}","templated":true}]}}