{"id":55973,"date":"2026-01-30T11:00:56","date_gmt":"2026-01-30T09:00:56","guid":{"rendered":"https:\/\/emikafashion.com\/?post_type=product&#038;p=55973"},"modified":"2026-04-17T20:33:04","modified_gmt":"2026-04-17T17:33:04","slug":"pantsuit-230080","status":"publish","type":"product","link":"https:\/\/emikafashion.com\/et\/product\/pantsuit-230080\/","title":{"rendered":"Three pieces Pant Suit"},"content":{"rendered":"<p>This suit is the perfect choice for women who appreciate a flawless appearance and confidence in every detail.<\/p>\n<p>The suit consists of three elements \u2013 classic straight trousers, a fitted blazer, and a slightly fitted vest.<br \/>\n&#8211; The palazzo trousers have a perfect fit that accentuates the silhouette, adding strictness and elegance to the look. They are ideal for formal events, business meetings, or any other occasion where you need to look your best.<br \/>\n&#8211; The fitted blazer offers a classic yet modern look. Its tailored silhouette emphasizes the waist, adding femininity to the figure. The blazer is equipped with a jacquard lining, providing additional comfort and an elegant appearance from the inside.<br \/>\n&#8211; The slightly fitted vest is an essential element that adds completeness and sophistication to the look. The vest pairs beautifully with the blazer, creating a harmonious ensemble that appears refined and appropriate in any situation.<\/p>\n<p>Material: 65% wool, 30% polyester, 5% lycra<br \/>\nCut and style: palazzo pants, fitted blazer, slightly fitted vest<br \/>\nColor: graphite, gray, milk<br \/>\nSizes: XS, S, M, L, XL<br \/>\nBlazer lining: jacquard<\/p>\n","protected":false},"excerpt":{"rendered":"<p>This suit is the perfect choice for women who appreciate a flawless appearance and confidence in every detail. The suit consists of three elements \u2013 classic straight trousers, a fitted blazer, and a slightly fitted vest. &#8211; The palazzo trousers have a perfect fit that accentuates the silhouette, adding strictness and elegance to the look. [&#8230;]\n","protected":false},"featured_media":83544,"template":"","meta":[],"product_brand":[],"product_cat":[369],"product_tag":[],"class_list":{"0":"post-55973","1":"product","2":"type-product","3":"status-publish","4":"has-post-thumbnail","6":"product_cat-pants-suits","8":"first","9":"instock","10":"taxable","11":"shipping-taxable","12":"purchasable","13":"product-type-variable"},"yoast_head":"<!-- This site is optimized with the Yoast SEO plugin v26.2 - https:\/\/yoast.com\/wordpress\/plugins\/seo\/ -->\n<title>Three pieces Pant Suit - Emika Fashion - naiste riided, kleidid, \u00f5htukleidid, kokteilikleidid, peokleidid, pidulikud kleidid, p\u00fckskost\u00fc\u00fcmid, seelikud, l\u00fchikesed p\u00fcksid, korsetid, pluusid | Eesti, Tallinn |<\/title>\n<meta name=\"robots\" content=\"index, follow, max-snippet:-1, max-image-preview:large, max-video-preview:-1\" \/>\n<link rel=\"canonical\" href=\"https:\/\/emikafashion.com\/et\/product\/pantsuit-230080\/\" \/>\n<meta property=\"og:locale\" content=\"et_EE\" \/>\n<meta property=\"og:type\" content=\"article\" \/>\n<meta property=\"og:title\" content=\"Three pieces Pant Suit - Emika Fashion - naiste riided, kleidid, \u00f5htukleidid, kokteilikleidid, peokleidid, pidulikud kleidid, p\u00fckskost\u00fc\u00fcmid, seelikud, l\u00fchikesed p\u00fcksid, korsetid, pluusid | Eesti, Tallinn |\" \/>\n<meta property=\"og:description\" content=\"This suit is the perfect choice for women who appreciate a flawless appearance and confidence in every detail. The suit consists of three elements \u2013 classic straight trousers, a fitted blazer, and a slightly fitted vest. &#8211; The palazzo trousers have a perfect fit that accentuates the silhouette, adding strictness and elegance to the look. [...]\" \/>\n<meta property=\"og:url\" content=\"https:\/\/emikafashion.com\/et\/product\/pantsuit-230080\/\" \/>\n<meta property=\"og:site_name\" content=\"Emika Fashion - naiste riided, kleidid, \u00f5htukleidid, kokteilikleidid, peokleidid, pidulikud kleidid, p\u00fckskost\u00fc\u00fcmid, seelikud, l\u00fchikesed p\u00fcksid, korsetid, pluusid | Eesti, Tallinn |\" \/>\n<meta property=\"article:publisher\" content=\"https:\/\/www.facebook.com\/profile.php?id=100071972389525\" \/>\n<meta property=\"article:modified_time\" content=\"2026-04-17T17:33:04+00:00\" \/>\n<meta property=\"og:image\" content=\"https:\/\/emikafashion.com\/wp-content\/uploads\/2025\/12\/01-img_2974-pasu.webp\" \/>\n\t<meta property=\"og:image:width\" content=\"800\" \/>\n\t<meta property=\"og:image:height\" content=\"1067\" \/>\n\t<meta property=\"og:image:type\" content=\"image\/webp\" \/>\n<meta name=\"twitter:card\" content=\"summary_large_image\" \/>\n<meta name=\"twitter:label1\" content=\"Est. reading time\" \/>\n\t<meta name=\"twitter:data1\" content=\"1 minut\" \/>\n<script type=\"application\/ld+json\" class=\"yoast-schema-graph\">{\"@context\":\"https:\/\/schema.org\",\"@graph\":[{\"@type\":\"WebPage\",\"@id\":\"https:\/\/emikafashion.com\/et\/product\/pantsuit-230080\/\",\"url\":\"https:\/\/emikafashion.com\/et\/product\/pantsuit-230080\/\",\"name\":\"Three pieces Pant Suit - Emika Fashion - naiste riided, kleidid, \u00f5htukleidid, kokteilikleidid, peokleidid, pidulikud kleidid, p\u00fckskost\u00fc\u00fcmid, seelikud, l\u00fchikesed p\u00fcksid, korsetid, pluusid | Eesti, Tallinn |\",\"isPartOf\":{\"@id\":\"https:\/\/emikafashion.com\/et\/#website\"},\"primaryImageOfPage\":{\"@id\":\"https:\/\/emikafashion.com\/et\/product\/pantsuit-230080\/#primaryimage\"},\"image\":{\"@id\":\"https:\/\/emikafashion.com\/et\/product\/pantsuit-230080\/#primaryimage\"},\"thumbnailUrl\":\"https:\/\/emikafashion.com\/wp-content\/uploads\/2025\/12\/01-img_2974-pasu.webp\",\"datePublished\":\"2026-01-30T09:00:56+00:00\",\"dateModified\":\"2026-04-17T17:33:04+00:00\",\"breadcrumb\":{\"@id\":\"https:\/\/emikafashion.com\/et\/product\/pantsuit-230080\/#breadcrumb\"},\"inLanguage\":\"et\",\"potentialAction\":[{\"@type\":\"ReadAction\",\"target\":[\"https:\/\/emikafashion.com\/et\/product\/pantsuit-230080\/\"]}]},{\"@type\":\"ImageObject\",\"inLanguage\":\"et\",\"@id\":\"https:\/\/emikafashion.com\/et\/product\/pantsuit-230080\/#primaryimage\",\"url\":\"https:\/\/emikafashion.com\/wp-content\/uploads\/2025\/12\/01-img_2974-pasu.webp\",\"contentUrl\":\"https:\/\/emikafashion.com\/wp-content\/uploads\/2025\/12\/01-img_2974-pasu.webp\",\"width\":800,\"height\":1067},{\"@type\":\"BreadcrumbList\",\"@id\":\"https:\/\/emikafashion.com\/et\/product\/pantsuit-230080\/#breadcrumb\",\"itemListElement\":[{\"@type\":\"ListItem\",\"position\":1,\"name\":\"Home\",\"item\":\"https:\/\/emikafashion.com\/et\/\"},{\"@type\":\"ListItem\",\"position\":2,\"name\":\"Pood\",\"item\":\"https:\/\/emikafashion.com\/et\/pood\/\"},{\"@type\":\"ListItem\",\"position\":3,\"name\":\"Three pieces Pant Suit\"}]},{\"@type\":\"WebSite\",\"@id\":\"https:\/\/emikafashion.com\/et\/#website\",\"url\":\"https:\/\/emikafashion.com\/et\/\",\"name\":\"Emika Fashion - Women's Clothes, Dresses, Evening Dresses, Cocktail Dresses, Party Dresses, Pantsuits, Skirts, Shorts, Corsets, Blouses | Europe |\",\"description\":\"Naiste riided | Naistemoe pood | Kleidid\",\"publisher\":{\"@id\":\"https:\/\/emikafashion.com\/et\/#organization\"},\"potentialAction\":[{\"@type\":\"SearchAction\",\"target\":{\"@type\":\"EntryPoint\",\"urlTemplate\":\"https:\/\/emikafashion.com\/et\/?s={search_term_string}\"},\"query-input\":{\"@type\":\"PropertyValueSpecification\",\"valueRequired\":true,\"valueName\":\"search_term_string\"}}],\"inLanguage\":\"et\"},{\"@type\":\"Organization\",\"@id\":\"https:\/\/emikafashion.com\/et\/#organization\",\"name\":\"Emika Fashion O\u00dc\",\"url\":\"https:\/\/emikafashion.com\/et\/\",\"logo\":{\"@type\":\"ImageObject\",\"inLanguage\":\"et\",\"@id\":\"https:\/\/emikafashion.com\/et\/#\/schema\/logo\/image\/\",\"url\":\"https:\/\/emikafashion.com\/wp-content\/uploads\/2023\/11\/emika-fashion_logo-flat.svg\",\"contentUrl\":\"https:\/\/emikafashion.com\/wp-content\/uploads\/2023\/11\/emika-fashion_logo-flat.svg\",\"width\":1,\"height\":1,\"caption\":\"Emika Fashion O\u00dc\"},\"image\":{\"@id\":\"https:\/\/emikafashion.com\/et\/#\/schema\/logo\/image\/\"},\"sameAs\":[\"https:\/\/www.facebook.com\/profile.php?id=100071972389525\",\"https:\/\/www.instagram.com\/emika_fashion_official\/\"]}]}<\/script>\n<!-- \/ Yoast SEO plugin. -->","yoast_head_json":{"title":"Three pieces Pant Suit - Emika Fashion - naiste riided, kleidid, \u00f5htukleidid, kokteilikleidid, peokleidid, pidulikud kleidid, p\u00fckskost\u00fc\u00fcmid, seelikud, l\u00fchikesed p\u00fcksid, korsetid, pluusid | Eesti, Tallinn |","robots":{"index":"index","follow":"follow","max-snippet":"max-snippet:-1","max-image-preview":"max-image-preview:large","max-video-preview":"max-video-preview:-1"},"canonical":"https:\/\/emikafashion.com\/et\/product\/pantsuit-230080\/","og_locale":"et_EE","og_type":"article","og_title":"Three pieces Pant Suit - Emika Fashion - naiste riided, kleidid, \u00f5htukleidid, kokteilikleidid, peokleidid, pidulikud kleidid, p\u00fckskost\u00fc\u00fcmid, seelikud, l\u00fchikesed p\u00fcksid, korsetid, pluusid | Eesti, Tallinn |","og_description":"This suit is the perfect choice for women who appreciate a flawless appearance and confidence in every detail. The suit consists of three elements \u2013 classic straight trousers, a fitted blazer, and a slightly fitted vest. &#8211; The palazzo trousers have a perfect fit that accentuates the silhouette, adding strictness and elegance to the look. [...]","og_url":"https:\/\/emikafashion.com\/et\/product\/pantsuit-230080\/","og_site_name":"Emika Fashion - naiste riided, kleidid, \u00f5htukleidid, kokteilikleidid, peokleidid, pidulikud kleidid, p\u00fckskost\u00fc\u00fcmid, seelikud, l\u00fchikesed p\u00fcksid, korsetid, pluusid | Eesti, Tallinn |","article_publisher":"https:\/\/www.facebook.com\/profile.php?id=100071972389525","article_modified_time":"2026-04-17T17:33:04+00:00","og_image":[{"width":800,"height":1067,"url":"https:\/\/emikafashion.com\/wp-content\/uploads\/2025\/12\/01-img_2974-pasu.webp","type":"image\/webp"}],"twitter_card":"summary_large_image","twitter_misc":{"Est. reading time":"1 minut"},"schema":{"@context":"https:\/\/schema.org","@graph":[{"@type":"WebPage","@id":"https:\/\/emikafashion.com\/et\/product\/pantsuit-230080\/","url":"https:\/\/emikafashion.com\/et\/product\/pantsuit-230080\/","name":"Three pieces Pant Suit - Emika Fashion - naiste riided, kleidid, \u00f5htukleidid, kokteilikleidid, peokleidid, pidulikud kleidid, p\u00fckskost\u00fc\u00fcmid, seelikud, l\u00fchikesed p\u00fcksid, korsetid, pluusid | Eesti, Tallinn |","isPartOf":{"@id":"https:\/\/emikafashion.com\/et\/#website"},"primaryImageOfPage":{"@id":"https:\/\/emikafashion.com\/et\/product\/pantsuit-230080\/#primaryimage"},"image":{"@id":"https:\/\/emikafashion.com\/et\/product\/pantsuit-230080\/#primaryimage"},"thumbnailUrl":"https:\/\/emikafashion.com\/wp-content\/uploads\/2025\/12\/01-img_2974-pasu.webp","datePublished":"2026-01-30T09:00:56+00:00","dateModified":"2026-04-17T17:33:04+00:00","breadcrumb":{"@id":"https:\/\/emikafashion.com\/et\/product\/pantsuit-230080\/#breadcrumb"},"inLanguage":"et","potentialAction":[{"@type":"ReadAction","target":["https:\/\/emikafashion.com\/et\/product\/pantsuit-230080\/"]}]},{"@type":"ImageObject","inLanguage":"et","@id":"https:\/\/emikafashion.com\/et\/product\/pantsuit-230080\/#primaryimage","url":"https:\/\/emikafashion.com\/wp-content\/uploads\/2025\/12\/01-img_2974-pasu.webp","contentUrl":"https:\/\/emikafashion.com\/wp-content\/uploads\/2025\/12\/01-img_2974-pasu.webp","width":800,"height":1067},{"@type":"BreadcrumbList","@id":"https:\/\/emikafashion.com\/et\/product\/pantsuit-230080\/#breadcrumb","itemListElement":[{"@type":"ListItem","position":1,"name":"Home","item":"https:\/\/emikafashion.com\/et\/"},{"@type":"ListItem","position":2,"name":"Pood","item":"https:\/\/emikafashion.com\/et\/pood\/"},{"@type":"ListItem","position":3,"name":"Three pieces Pant Suit"}]},{"@type":"WebSite","@id":"https:\/\/emikafashion.com\/et\/#website","url":"https:\/\/emikafashion.com\/et\/","name":"Emika Fashion - Women's Clothes, Dresses, Evening Dresses, Cocktail Dresses, Party Dresses, Pantsuits, Skirts, Shorts, Corsets, Blouses | Europe |","description":"Naiste riided | Naistemoe pood | Kleidid","publisher":{"@id":"https:\/\/emikafashion.com\/et\/#organization"},"potentialAction":[{"@type":"SearchAction","target":{"@type":"EntryPoint","urlTemplate":"https:\/\/emikafashion.com\/et\/?s={search_term_string}"},"query-input":{"@type":"PropertyValueSpecification","valueRequired":true,"valueName":"search_term_string"}}],"inLanguage":"et"},{"@type":"Organization","@id":"https:\/\/emikafashion.com\/et\/#organization","name":"Emika Fashion O\u00dc","url":"https:\/\/emikafashion.com\/et\/","logo":{"@type":"ImageObject","inLanguage":"et","@id":"https:\/\/emikafashion.com\/et\/#\/schema\/logo\/image\/","url":"https:\/\/emikafashion.com\/wp-content\/uploads\/2023\/11\/emika-fashion_logo-flat.svg","contentUrl":"https:\/\/emikafashion.com\/wp-content\/uploads\/2023\/11\/emika-fashion_logo-flat.svg","width":1,"height":1,"caption":"Emika Fashion O\u00dc"},"image":{"@id":"https:\/\/emikafashion.com\/et\/#\/schema\/logo\/image\/"},"sameAs":["https:\/\/www.facebook.com\/profile.php?id=100071972389525","https:\/\/www.instagram.com\/emika_fashion_official\/"]}]}},"_links":{"self":[{"href":"https:\/\/emikafashion.com\/et\/wp-json\/wp\/v2\/product\/55973","targetHints":{"allow":["GET"]}}],"collection":[{"href":"https:\/\/emikafashion.com\/et\/wp-json\/wp\/v2\/product"}],"about":[{"href":"https:\/\/emikafashion.com\/et\/wp-json\/wp\/v2\/types\/product"}],"wp:featuredmedia":[{"embeddable":true,"href":"https:\/\/emikafashion.com\/et\/wp-json\/wp\/v2\/media\/83544"}],"wp:attachment":[{"href":"https:\/\/emikafashion.com\/et\/wp-json\/wp\/v2\/media?parent=55973"}],"wp:term":[{"taxonomy":"product_brand","embeddable":true,"href":"https:\/\/emikafashion.com\/et\/wp-json\/wp\/v2\/product_brand?post=55973"},{"taxonomy":"product_cat","embeddable":true,"href":"https:\/\/emikafashion.com\/et\/wp-json\/wp\/v2\/product_cat?post=55973"},{"taxonomy":"product_tag","embeddable":true,"href":"https:\/\/emikafashion.com\/et\/wp-json\/wp\/v2\/product_tag?post=55973"}],"curies":[{"name":"wp","href":"https:\/\/api.w.org\/{rel}","templated":true}]}}