{"id":50054,"date":"2025-01-18T10:00:48","date_gmt":"2025-01-18T08:00:48","guid":{"rendered":"https:\/\/emikafashion.com\/shop\/uncategorized\/corset-xs-black\/"},"modified":"2026-04-20T13:18:44","modified_gmt":"2026-04-20T10:18:44","slug":"corset-perfect-waves-41235","status":"publish","type":"product","link":"https:\/\/emikafashion.com\/et\/product\/corset-perfect-waves-41235\/","title":{"rendered":"Corset Perfect Waves"},"content":{"rendered":"<p>This corset, crafted from dense satin, resembles a work of art, blending elegance and luxury. The glossy surface of the fabric caresses the skin, creating an illusion of light and shadow with every movement. Delicate details and refined tailoring accentuate feminine curves, adding a unique charm and sophistication to the ensemble. This corset serves as the perfect complement to your attire, designed to accentuate your confidence and allure, making you unforgettable.<\/p>\n<p>Fabric: Satin, 50% Viscose, 50% Polyester<\/p>\n","protected":false},"excerpt":{"rendered":"<p>This corset, crafted from dense satin, resembles a work of art, blending elegance and luxury. The glossy surface of the fabric caresses the skin, creating an illusion of light and shadow with every movement. Delicate details and refined tailoring accentuate feminine curves, adding a unique charm and sophistication to the ensemble. This corset serves as [&#8230;]\n","protected":false},"featured_media":77697,"template":"","meta":[],"product_brand":[],"product_cat":[354],"product_tag":[],"class_list":{"0":"post-50054","1":"product","2":"type-product","3":"status-publish","4":"has-post-thumbnail","6":"product_cat-corsets","8":"first","9":"instock","10":"taxable","11":"shipping-taxable","12":"purchasable","13":"product-type-variable"},"yoast_head":"<!-- This site is optimized with the Yoast SEO plugin v26.2 - https:\/\/yoast.com\/wordpress\/plugins\/seo\/ -->\n<title>Corset Perfect Waves - Emika Fashion - naiste riided, kleidid, \u00f5htukleidid, kokteilikleidid, peokleidid, pidulikud kleidid, p\u00fckskost\u00fc\u00fcmid, seelikud, l\u00fchikesed p\u00fcksid, korsetid, pluusid | Eesti, Tallinn |<\/title>\n<meta name=\"robots\" content=\"index, follow, max-snippet:-1, max-image-preview:large, max-video-preview:-1\" \/>\n<link rel=\"canonical\" href=\"https:\/\/emikafashion.com\/et\/product\/corset-perfect-waves-41235\/\" \/>\n<meta property=\"og:locale\" content=\"et_EE\" \/>\n<meta property=\"og:type\" content=\"article\" \/>\n<meta property=\"og:title\" content=\"Corset Perfect Waves - Emika Fashion - naiste riided, kleidid, \u00f5htukleidid, kokteilikleidid, peokleidid, pidulikud kleidid, p\u00fckskost\u00fc\u00fcmid, seelikud, l\u00fchikesed p\u00fcksid, korsetid, pluusid | Eesti, Tallinn |\" \/>\n<meta property=\"og:description\" content=\"This corset, crafted from dense satin, resembles a work of art, blending elegance and luxury. The glossy surface of the fabric caresses the skin, creating an illusion of light and shadow with every movement. Delicate details and refined tailoring accentuate feminine curves, adding a unique charm and sophistication to the ensemble. This corset serves as [...]\" \/>\n<meta property=\"og:url\" content=\"https:\/\/emikafashion.com\/et\/product\/corset-perfect-waves-41235\/\" \/>\n<meta property=\"og:site_name\" content=\"Emika Fashion - naiste riided, kleidid, \u00f5htukleidid, kokteilikleidid, peokleidid, pidulikud kleidid, p\u00fckskost\u00fc\u00fcmid, seelikud, l\u00fchikesed p\u00fcksid, korsetid, pluusid | Eesti, Tallinn |\" \/>\n<meta property=\"article:publisher\" content=\"https:\/\/www.facebook.com\/profile.php?id=100071972389525\" \/>\n<meta property=\"article:modified_time\" content=\"2026-04-20T10:18:44+00:00\" \/>\n<meta property=\"og:image\" content=\"https:\/\/emikafashion.com\/wp-content\/uploads\/2025\/01\/01-img_4403-coto.jpg\" \/>\n\t<meta property=\"og:image:width\" content=\"800\" \/>\n\t<meta property=\"og:image:height\" content=\"1067\" \/>\n\t<meta property=\"og:image:type\" content=\"image\/jpeg\" \/>\n<meta name=\"twitter:card\" content=\"summary_large_image\" \/>\n<script type=\"application\/ld+json\" class=\"yoast-schema-graph\">{\"@context\":\"https:\/\/schema.org\",\"@graph\":[{\"@type\":\"WebPage\",\"@id\":\"https:\/\/emikafashion.com\/et\/product\/corset-perfect-waves-41235\/\",\"url\":\"https:\/\/emikafashion.com\/et\/product\/corset-perfect-waves-41235\/\",\"name\":\"Corset Perfect Waves - Emika Fashion - naiste riided, kleidid, \u00f5htukleidid, kokteilikleidid, peokleidid, pidulikud kleidid, p\u00fckskost\u00fc\u00fcmid, seelikud, l\u00fchikesed p\u00fcksid, korsetid, pluusid | Eesti, Tallinn |\",\"isPartOf\":{\"@id\":\"https:\/\/emikafashion.com\/et\/#website\"},\"primaryImageOfPage\":{\"@id\":\"https:\/\/emikafashion.com\/et\/product\/corset-perfect-waves-41235\/#primaryimage\"},\"image\":{\"@id\":\"https:\/\/emikafashion.com\/et\/product\/corset-perfect-waves-41235\/#primaryimage\"},\"thumbnailUrl\":\"https:\/\/emikafashion.com\/wp-content\/uploads\/2025\/01\/01-img_4403-coto.jpg\",\"datePublished\":\"2025-01-18T08:00:48+00:00\",\"dateModified\":\"2026-04-20T10:18:44+00:00\",\"breadcrumb\":{\"@id\":\"https:\/\/emikafashion.com\/et\/product\/corset-perfect-waves-41235\/#breadcrumb\"},\"inLanguage\":\"et\",\"potentialAction\":[{\"@type\":\"ReadAction\",\"target\":[\"https:\/\/emikafashion.com\/et\/product\/corset-perfect-waves-41235\/\"]}]},{\"@type\":\"ImageObject\",\"inLanguage\":\"et\",\"@id\":\"https:\/\/emikafashion.com\/et\/product\/corset-perfect-waves-41235\/#primaryimage\",\"url\":\"https:\/\/emikafashion.com\/wp-content\/uploads\/2025\/01\/01-img_4403-coto.jpg\",\"contentUrl\":\"https:\/\/emikafashion.com\/wp-content\/uploads\/2025\/01\/01-img_4403-coto.jpg\",\"width\":800,\"height\":1067},{\"@type\":\"BreadcrumbList\",\"@id\":\"https:\/\/emikafashion.com\/et\/product\/corset-perfect-waves-41235\/#breadcrumb\",\"itemListElement\":[{\"@type\":\"ListItem\",\"position\":1,\"name\":\"Home\",\"item\":\"https:\/\/emikafashion.com\/et\/\"},{\"@type\":\"ListItem\",\"position\":2,\"name\":\"Pood\",\"item\":\"https:\/\/emikafashion.com\/et\/pood\/\"},{\"@type\":\"ListItem\",\"position\":3,\"name\":\"Corset Perfect Waves\"}]},{\"@type\":\"WebSite\",\"@id\":\"https:\/\/emikafashion.com\/et\/#website\",\"url\":\"https:\/\/emikafashion.com\/et\/\",\"name\":\"Emika Fashion - Women's Clothes, Dresses, Evening Dresses, Cocktail Dresses, Party Dresses, Pantsuits, Skirts, Shorts, Corsets, Blouses | Europe |\",\"description\":\"Naiste riided | Naistemoe pood | Kleidid\",\"publisher\":{\"@id\":\"https:\/\/emikafashion.com\/et\/#organization\"},\"potentialAction\":[{\"@type\":\"SearchAction\",\"target\":{\"@type\":\"EntryPoint\",\"urlTemplate\":\"https:\/\/emikafashion.com\/et\/?s={search_term_string}\"},\"query-input\":{\"@type\":\"PropertyValueSpecification\",\"valueRequired\":true,\"valueName\":\"search_term_string\"}}],\"inLanguage\":\"et\"},{\"@type\":\"Organization\",\"@id\":\"https:\/\/emikafashion.com\/et\/#organization\",\"name\":\"Emika Fashion O\u00dc\",\"url\":\"https:\/\/emikafashion.com\/et\/\",\"logo\":{\"@type\":\"ImageObject\",\"inLanguage\":\"et\",\"@id\":\"https:\/\/emikafashion.com\/et\/#\/schema\/logo\/image\/\",\"url\":\"https:\/\/emikafashion.com\/wp-content\/uploads\/2023\/11\/emika-fashion_logo-flat.svg\",\"contentUrl\":\"https:\/\/emikafashion.com\/wp-content\/uploads\/2023\/11\/emika-fashion_logo-flat.svg\",\"width\":1,\"height\":1,\"caption\":\"Emika Fashion O\u00dc\"},\"image\":{\"@id\":\"https:\/\/emikafashion.com\/et\/#\/schema\/logo\/image\/\"},\"sameAs\":[\"https:\/\/www.facebook.com\/profile.php?id=100071972389525\",\"https:\/\/www.instagram.com\/emika_fashion_official\/\"]}]}<\/script>\n<!-- \/ Yoast SEO plugin. -->","yoast_head_json":{"title":"Corset Perfect Waves - Emika Fashion - naiste riided, kleidid, \u00f5htukleidid, kokteilikleidid, peokleidid, pidulikud kleidid, p\u00fckskost\u00fc\u00fcmid, seelikud, l\u00fchikesed p\u00fcksid, korsetid, pluusid | Eesti, Tallinn |","robots":{"index":"index","follow":"follow","max-snippet":"max-snippet:-1","max-image-preview":"max-image-preview:large","max-video-preview":"max-video-preview:-1"},"canonical":"https:\/\/emikafashion.com\/et\/product\/corset-perfect-waves-41235\/","og_locale":"et_EE","og_type":"article","og_title":"Corset Perfect Waves - Emika Fashion - naiste riided, kleidid, \u00f5htukleidid, kokteilikleidid, peokleidid, pidulikud kleidid, p\u00fckskost\u00fc\u00fcmid, seelikud, l\u00fchikesed p\u00fcksid, korsetid, pluusid | Eesti, Tallinn |","og_description":"This corset, crafted from dense satin, resembles a work of art, blending elegance and luxury. The glossy surface of the fabric caresses the skin, creating an illusion of light and shadow with every movement. Delicate details and refined tailoring accentuate feminine curves, adding a unique charm and sophistication to the ensemble. This corset serves as [...]","og_url":"https:\/\/emikafashion.com\/et\/product\/corset-perfect-waves-41235\/","og_site_name":"Emika Fashion - naiste riided, kleidid, \u00f5htukleidid, kokteilikleidid, peokleidid, pidulikud kleidid, p\u00fckskost\u00fc\u00fcmid, seelikud, l\u00fchikesed p\u00fcksid, korsetid, pluusid | Eesti, Tallinn |","article_publisher":"https:\/\/www.facebook.com\/profile.php?id=100071972389525","article_modified_time":"2026-04-20T10:18:44+00:00","og_image":[{"width":800,"height":1067,"url":"https:\/\/emikafashion.com\/wp-content\/uploads\/2025\/01\/01-img_4403-coto.jpg","type":"image\/jpeg"}],"twitter_card":"summary_large_image","schema":{"@context":"https:\/\/schema.org","@graph":[{"@type":"WebPage","@id":"https:\/\/emikafashion.com\/et\/product\/corset-perfect-waves-41235\/","url":"https:\/\/emikafashion.com\/et\/product\/corset-perfect-waves-41235\/","name":"Corset Perfect Waves - Emika Fashion - naiste riided, kleidid, \u00f5htukleidid, kokteilikleidid, peokleidid, pidulikud kleidid, p\u00fckskost\u00fc\u00fcmid, seelikud, l\u00fchikesed p\u00fcksid, korsetid, pluusid | Eesti, Tallinn |","isPartOf":{"@id":"https:\/\/emikafashion.com\/et\/#website"},"primaryImageOfPage":{"@id":"https:\/\/emikafashion.com\/et\/product\/corset-perfect-waves-41235\/#primaryimage"},"image":{"@id":"https:\/\/emikafashion.com\/et\/product\/corset-perfect-waves-41235\/#primaryimage"},"thumbnailUrl":"https:\/\/emikafashion.com\/wp-content\/uploads\/2025\/01\/01-img_4403-coto.jpg","datePublished":"2025-01-18T08:00:48+00:00","dateModified":"2026-04-20T10:18:44+00:00","breadcrumb":{"@id":"https:\/\/emikafashion.com\/et\/product\/corset-perfect-waves-41235\/#breadcrumb"},"inLanguage":"et","potentialAction":[{"@type":"ReadAction","target":["https:\/\/emikafashion.com\/et\/product\/corset-perfect-waves-41235\/"]}]},{"@type":"ImageObject","inLanguage":"et","@id":"https:\/\/emikafashion.com\/et\/product\/corset-perfect-waves-41235\/#primaryimage","url":"https:\/\/emikafashion.com\/wp-content\/uploads\/2025\/01\/01-img_4403-coto.jpg","contentUrl":"https:\/\/emikafashion.com\/wp-content\/uploads\/2025\/01\/01-img_4403-coto.jpg","width":800,"height":1067},{"@type":"BreadcrumbList","@id":"https:\/\/emikafashion.com\/et\/product\/corset-perfect-waves-41235\/#breadcrumb","itemListElement":[{"@type":"ListItem","position":1,"name":"Home","item":"https:\/\/emikafashion.com\/et\/"},{"@type":"ListItem","position":2,"name":"Pood","item":"https:\/\/emikafashion.com\/et\/pood\/"},{"@type":"ListItem","position":3,"name":"Corset Perfect Waves"}]},{"@type":"WebSite","@id":"https:\/\/emikafashion.com\/et\/#website","url":"https:\/\/emikafashion.com\/et\/","name":"Emika Fashion - Women's Clothes, Dresses, Evening Dresses, Cocktail Dresses, Party Dresses, Pantsuits, Skirts, Shorts, Corsets, Blouses | Europe |","description":"Naiste riided | Naistemoe pood | Kleidid","publisher":{"@id":"https:\/\/emikafashion.com\/et\/#organization"},"potentialAction":[{"@type":"SearchAction","target":{"@type":"EntryPoint","urlTemplate":"https:\/\/emikafashion.com\/et\/?s={search_term_string}"},"query-input":{"@type":"PropertyValueSpecification","valueRequired":true,"valueName":"search_term_string"}}],"inLanguage":"et"},{"@type":"Organization","@id":"https:\/\/emikafashion.com\/et\/#organization","name":"Emika Fashion O\u00dc","url":"https:\/\/emikafashion.com\/et\/","logo":{"@type":"ImageObject","inLanguage":"et","@id":"https:\/\/emikafashion.com\/et\/#\/schema\/logo\/image\/","url":"https:\/\/emikafashion.com\/wp-content\/uploads\/2023\/11\/emika-fashion_logo-flat.svg","contentUrl":"https:\/\/emikafashion.com\/wp-content\/uploads\/2023\/11\/emika-fashion_logo-flat.svg","width":1,"height":1,"caption":"Emika Fashion O\u00dc"},"image":{"@id":"https:\/\/emikafashion.com\/et\/#\/schema\/logo\/image\/"},"sameAs":["https:\/\/www.facebook.com\/profile.php?id=100071972389525","https:\/\/www.instagram.com\/emika_fashion_official\/"]}]}},"_links":{"self":[{"href":"https:\/\/emikafashion.com\/et\/wp-json\/wp\/v2\/product\/50054","targetHints":{"allow":["GET"]}}],"collection":[{"href":"https:\/\/emikafashion.com\/et\/wp-json\/wp\/v2\/product"}],"about":[{"href":"https:\/\/emikafashion.com\/et\/wp-json\/wp\/v2\/types\/product"}],"wp:featuredmedia":[{"embeddable":true,"href":"https:\/\/emikafashion.com\/et\/wp-json\/wp\/v2\/media\/77697"}],"wp:attachment":[{"href":"https:\/\/emikafashion.com\/et\/wp-json\/wp\/v2\/media?parent=50054"}],"wp:term":[{"taxonomy":"product_brand","embeddable":true,"href":"https:\/\/emikafashion.com\/et\/wp-json\/wp\/v2\/product_brand?post=50054"},{"taxonomy":"product_cat","embeddable":true,"href":"https:\/\/emikafashion.com\/et\/wp-json\/wp\/v2\/product_cat?post=50054"},{"taxonomy":"product_tag","embeddable":true,"href":"https:\/\/emikafashion.com\/et\/wp-json\/wp\/v2\/product_tag?post=50054"}],"curies":[{"name":"wp","href":"https:\/\/api.w.org\/{rel}","templated":true}]}}