{"id":38616,"date":"2025-03-16T06:30:44","date_gmt":"2025-03-16T04:30:44","guid":{"rendered":"https:\/\/emikafashion.com\/shop\/uncategorized\/coat-l-black-2\/"},"modified":"2026-04-13T20:45:48","modified_gmt":"2026-04-13T17:45:48","slug":"cashmere-cropped-coat-1100081","status":"publish","type":"product","link":"https:\/\/emikafashion.com\/et\/product\/cashmere-cropped-coat-1100081\/","title":{"rendered":"Cashmere Cropped Coat"},"content":{"rendered":"<p>Material: Turkish cashmere.<br \/>\nLenght: 80 cm.<br \/>\nBelt included<\/p>\n<p>&nbsp;<\/p>\n<p>Composition:<br \/>\n55% wool<br \/>\n40% polyester<br \/>\n5% lycra<br \/>\n\n\t<section class=\"section\" id=\"section_722318273\">\n\t\t<div class=\"section-bg fill\" >\n\t\t\t\t\t\t\t\t\t\n\t\t\t\n\n\t\t<\/div>\n\n\t\t\n\n\t\t<div class=\"section-content relative\">\n\t\t\t\r\n\r\n<div class=\"row row-small steps-simple-headline\"  id=\"row-1313338303\">\r\n\r\n\n\t<div id=\"col-911270806\" class=\"col medium-4 small-12 large-12\"  >\n\t\t\t\t<div class=\"col-inner text-left\"  >\n\t\t\t\n\t\t\t\r\n\r\n\t<div id=\"text-1857009864\" class=\"text\">\n\t\t\r\n<h3>Care instructions:<\/h3>\r\n\t\t\n<style>\n#text-1857009864 {\n  font-size: 2rem;\n  text-align: left;\n}\n@media (min-width:550px) {\n  #text-1857009864 {\n    font-size: 1.5rem;\n  }\n}\n<\/style>\n\t<\/div>\n\t\r\n\r\n\t\t<\/div>\n\t\t\t\t\t<\/div>\n\n\t\r\n<div class=\"row row-small align-middle\"  id=\"row-1793063719\">\r\n\r\n\n\t<div id=\"col-1423137044\" class=\"col medium-3 small-12 large-1\"  >\n\t\t\t\t<div class=\"col-inner\"  >\n\t\t\t\n\t\t\t\r\n\r\n\t<div id=\"text-2232510363\" class=\"text\">\n\t\t\r\n\r\n<img loading=\"lazy\" decoding=\"async\" class=\"alignnone wp-image-5745 size-full\" src=\"https:\/\/emikafashion.com\/wp-content\/uploads\/2023\/10\/emika_dont-wash.png\" alt=\"\" width=\"56\" height=\"50\" \/>\r\n\t\t\n<style>\n#text-2232510363 {\n  text-align: center;\n}\n<\/style>\n\t<\/div>\n\t\r\n\r\n\t\t<\/div>\n\t\t\t\t\n<style>\n#col-1423137044 > .col-inner {\n  padding: 50px 0px 0px 0px;\n}\n<\/style>\n\t<\/div>\n\n\t\r\n\n\t<div id=\"col-866150483\" class=\"col medium-9 small-12 large-11\"  >\n\t\t\t\t<div class=\"col-inner\"  >\n\t\t\t\n\t\t\t\r\n\r\nDo not wash.\r\n\r\n\t\t<\/div>\n\t\t\t\t\t<\/div>\n\n\t\r\n\r\n<\/div>\r\n<div class=\"row row-small align-middle\"  id=\"row-880442815\">\r\n\r\n\n\t<div id=\"col-1629799364\" class=\"col medium-3 small-12 large-1\"  >\n\t\t\t\t<div class=\"col-inner\"  >\n\t\t\t\n\t\t\t\r\n\r\n\t<div id=\"text-2706918968\" class=\"text\">\n\t\t\r\n\r\n<img loading=\"lazy\" decoding=\"async\" class=\"alignnone wp-image-5746 size-full\" src=\"https:\/\/emikafashion.com\/wp-content\/uploads\/2023\/10\/emika_low-temp.png\" alt=\"\" width=\"57\" height=\"39\" \/>\r\n\t\t\n<style>\n#text-2706918968 {\n  text-align: center;\n}\n<\/style>\n\t<\/div>\n\t\r\n\r\n\t\t<\/div>\n\t\t\t\t\n<style>\n#col-1629799364 > .col-inner {\n  padding: 50px 0px 0px 0px;\n}\n<\/style>\n\t<\/div>\n\n\t\r\n\n\t<div id=\"col-2063788622\" class=\"col medium-9 small-12 large-11\"  >\n\t\t\t\t<div class=\"col-inner\"  >\n\t\t\t\n\t\t\t\r\n\r\nIron low heat.\r\n\r\n\t\t<\/div>\n\t\t\t\t\t<\/div>\n\n\t\r\n\r\n<\/div>\r\n<div class=\"row row-small align-middle\"  id=\"row-465167022\">\r\n\r\n\n\t<div id=\"col-873477512\" class=\"col medium-3 small-12 large-1\"  >\n\t\t\t\t<div class=\"col-inner\"  >\n\t\t\t\n\t\t\t\r\n\r\n\t<div id=\"text-2380180594\" class=\"text\">\n\t\t\r\n\r\n<img loading=\"lazy\" decoding=\"async\" class=\"alignnone wp-image-5747 size-full\" src=\"https:\/\/emikafashion.com\/wp-content\/uploads\/2023\/10\/p.png\" alt=\"\" width=\"57\" height=\"57\" \/>\r\n\t\t\n<style>\n#text-2380180594 {\n  text-align: center;\n}\n<\/style>\n\t<\/div>\n\t\r\n\r\n\t\t<\/div>\n\t\t\t\t\n<style>\n#col-873477512 > .col-inner {\n  padding: 50px 0px 0px 0px;\n}\n<\/style>\n\t<\/div>\n\n\t\r\n\n\t<div id=\"col-1133100723\" class=\"col medium-9 small-12 large-11\"  >\n\t\t\t\t<div class=\"col-inner\"  >\n\t\t\t\n\t\t\t\r\n\r\nDry clean any solvent except \u0003trichloroethylene.\r\n\r\n\t\t<\/div>\n\t\t\t\t\t<\/div>\n\n\t\r\n\r\n<\/div>\r\n<div class=\"row row-small align-middle\"  id=\"row-1085019553\">\r\n\r\n\n\t<div id=\"col-286175285\" class=\"col medium-3 small-12 large-1\"  >\n\t\t\t\t<div class=\"col-inner\"  >\n\t\t\t\n\t\t\t\r\n\r\n\t<div id=\"text-1912582312\" class=\"text\">\n\t\t\r\n\r\n<img loading=\"lazy\" decoding=\"async\" class=\"alignnone wp-image-5424 size-full\" src=\"https:\/\/emikafashion.com\/wp-content\/uploads\/2023\/09\/emika_donotdry.png\" alt=\"\" width=\"57\" height=\"42\" \/>\r\n\t\t\n<style>\n#text-1912582312 {\n  text-align: center;\n}\n<\/style>\n\t<\/div>\n\t\r\n\r\n\t\t<\/div>\n\t\t\t\t\n<style>\n#col-286175285 > .col-inner {\n  padding: 50px 0px 0px 0px;\n}\n<\/style>\n\t<\/div>\n\n\t\r\n\n\t<div id=\"col-1464522167\" class=\"col medium-9 small-12 large-11\"  >\n\t\t\t\t<div class=\"col-inner\"  >\n\t\t\t\n\t\t\t\r\n\r\nDo not tumble dry.\r\n\r\n\t\t<\/div>\n\t\t\t\t\t<\/div>\n\n\t\r\n\r\n<\/div>\r\n<div class=\"row row-small align-middle\"  id=\"row-1722791078\">\r\n\r\n\n\t<div id=\"col-1283564693\" class=\"col medium-3 small-12 large-1\"  >\n\t\t\t\t<div class=\"col-inner\"  >\n\t\t\t\n\t\t\t\r\n\r\n\t<div id=\"text-933092733\" class=\"text\">\n\t\t\r\n\r\n<img loading=\"lazy\" decoding=\"async\" class=\"alignnone wp-image-5748 size-full\" src=\"https:\/\/emikafashion.com\/wp-content\/uploads\/2023\/10\/dont-bleach.png\" alt=\"\" width=\"57\" height=\"56\" \/>\r\n\r\n\t\t\n<style>\n#text-933092733 {\n  text-align: center;\n}\n<\/style>\n\t<\/div>\n\t\r\n\r\n\t\t<\/div>\n\t\t\t\t\n<style>\n#col-1283564693 > .col-inner {\n  padding: 50px 0px 0px 0px;\n}\n<\/style>\n\t<\/div>\n\n\t\r\n\n\t<div id=\"col-137380160\" class=\"col medium-9 small-12 large-11\"  >\n\t\t\t\t<div class=\"col-inner\"  >\n\t\t\t\n\t\t\t\r\n\r\nDo not bleach.\r\n\r\n\t\t<\/div>\n\t\t\t\t\t<\/div>\n\n\t\r\n\r\n<\/div>\r\n\r\n<\/div>\r\n\r\n\t\t<\/div>\n\n\t\t\n<style>\n#section_722318273 {\n  padding-top: 0px;\n  padding-bottom: 0px;\n}\n@media (min-width:550px) {\n  #section_722318273 {\n    padding-top: 10px;\n    padding-bottom: 10px;\n  }\n}\n@media (min-width:850px) {\n  #section_722318273 {\n    padding-top: 60px;\n    padding-bottom: 60px;\n  }\n}\n<\/style>\n\t<\/section>\n\t\n","protected":false},"excerpt":{"rendered":"<p>Material: Turkish cashmere. Lenght: 80 cm. Belt included &nbsp; Composition: 55% wool 40% polyester 5% lycra<\/p>\n","protected":false},"featured_media":58564,"template":"","meta":[],"product_brand":[],"product_cat":[334],"product_tag":[],"class_list":{"0":"post-38616","1":"product","2":"type-product","3":"status-publish","4":"has-post-thumbnail","6":"product_cat-autumn-coats","8":"first","9":"outofstock","10":"taxable","11":"shipping-taxable","12":"purchasable","13":"product-type-variable"},"yoast_head":"<!-- This site is optimized with the Yoast SEO plugin v26.2 - https:\/\/yoast.com\/wordpress\/plugins\/seo\/ -->\n<title>Cashmere Cropped Coat - Emika Fashion - naiste riided, kleidid, \u00f5htukleidid, kokteilikleidid, peokleidid, pidulikud kleidid, p\u00fckskost\u00fc\u00fcmid, seelikud, l\u00fchikesed p\u00fcksid, korsetid, pluusid | Eesti, Tallinn |<\/title>\n<meta name=\"robots\" content=\"index, follow, max-snippet:-1, max-image-preview:large, max-video-preview:-1\" \/>\n<link rel=\"canonical\" href=\"https:\/\/emikafashion.com\/et\/product\/cashmere-cropped-coat-1100081\/\" \/>\n<meta property=\"og:locale\" content=\"et_EE\" \/>\n<meta property=\"og:type\" content=\"article\" \/>\n<meta property=\"og:title\" content=\"Cashmere Cropped Coat - Emika Fashion - naiste riided, kleidid, \u00f5htukleidid, kokteilikleidid, peokleidid, pidulikud kleidid, p\u00fckskost\u00fc\u00fcmid, seelikud, l\u00fchikesed p\u00fcksid, korsetid, pluusid | Eesti, Tallinn |\" \/>\n<meta property=\"og:description\" content=\"Material: Turkish cashmere. Lenght: 80 cm. Belt included &nbsp; Composition: 55% wool 40% polyester 5% lycra\" \/>\n<meta property=\"og:url\" content=\"https:\/\/emikafashion.com\/et\/product\/cashmere-cropped-coat-1100081\/\" \/>\n<meta property=\"og:site_name\" content=\"Emika Fashion - naiste riided, kleidid, \u00f5htukleidid, kokteilikleidid, peokleidid, pidulikud kleidid, p\u00fckskost\u00fc\u00fcmid, seelikud, l\u00fchikesed p\u00fcksid, korsetid, pluusid | Eesti, Tallinn |\" \/>\n<meta property=\"article:publisher\" content=\"https:\/\/www.facebook.com\/profile.php?id=100071972389525\" \/>\n<meta property=\"article:modified_time\" content=\"2026-04-13T17:45:48+00:00\" \/>\n<meta property=\"og:image\" content=\"https:\/\/emikafashion.com\/wp-content\/uploads\/2024\/10\/01-img_4796-saco.jpg\" \/>\n\t<meta property=\"og:image:width\" content=\"800\" \/>\n\t<meta property=\"og:image:height\" content=\"1067\" \/>\n\t<meta property=\"og:image:type\" content=\"image\/jpeg\" \/>\n<meta name=\"twitter:card\" content=\"summary_large_image\" \/>\n<script type=\"application\/ld+json\" class=\"yoast-schema-graph\">{\"@context\":\"https:\/\/schema.org\",\"@graph\":[{\"@type\":\"WebPage\",\"@id\":\"https:\/\/emikafashion.com\/et\/product\/cashmere-cropped-coat-1100081\/\",\"url\":\"https:\/\/emikafashion.com\/et\/product\/cashmere-cropped-coat-1100081\/\",\"name\":\"Cashmere Cropped Coat - Emika Fashion - naiste riided, kleidid, \u00f5htukleidid, kokteilikleidid, peokleidid, pidulikud kleidid, p\u00fckskost\u00fc\u00fcmid, seelikud, l\u00fchikesed p\u00fcksid, korsetid, pluusid | Eesti, Tallinn |\",\"isPartOf\":{\"@id\":\"https:\/\/emikafashion.com\/et\/#website\"},\"primaryImageOfPage\":{\"@id\":\"https:\/\/emikafashion.com\/et\/product\/cashmere-cropped-coat-1100081\/#primaryimage\"},\"image\":{\"@id\":\"https:\/\/emikafashion.com\/et\/product\/cashmere-cropped-coat-1100081\/#primaryimage\"},\"thumbnailUrl\":\"https:\/\/emikafashion.com\/wp-content\/uploads\/2024\/10\/01-img_4796-saco.jpg\",\"datePublished\":\"2025-03-16T04:30:44+00:00\",\"dateModified\":\"2026-04-13T17:45:48+00:00\",\"breadcrumb\":{\"@id\":\"https:\/\/emikafashion.com\/et\/product\/cashmere-cropped-coat-1100081\/#breadcrumb\"},\"inLanguage\":\"et\",\"potentialAction\":[{\"@type\":\"ReadAction\",\"target\":[\"https:\/\/emikafashion.com\/et\/product\/cashmere-cropped-coat-1100081\/\"]}]},{\"@type\":\"ImageObject\",\"inLanguage\":\"et\",\"@id\":\"https:\/\/emikafashion.com\/et\/product\/cashmere-cropped-coat-1100081\/#primaryimage\",\"url\":\"https:\/\/emikafashion.com\/wp-content\/uploads\/2024\/10\/01-img_4796-saco.jpg\",\"contentUrl\":\"https:\/\/emikafashion.com\/wp-content\/uploads\/2024\/10\/01-img_4796-saco.jpg\",\"width\":800,\"height\":1067},{\"@type\":\"BreadcrumbList\",\"@id\":\"https:\/\/emikafashion.com\/et\/product\/cashmere-cropped-coat-1100081\/#breadcrumb\",\"itemListElement\":[{\"@type\":\"ListItem\",\"position\":1,\"name\":\"Home\",\"item\":\"https:\/\/emikafashion.com\/et\/\"},{\"@type\":\"ListItem\",\"position\":2,\"name\":\"Pood\",\"item\":\"https:\/\/emikafashion.com\/et\/pood\/\"},{\"@type\":\"ListItem\",\"position\":3,\"name\":\"Cashmere Cropped Coat\"}]},{\"@type\":\"WebSite\",\"@id\":\"https:\/\/emikafashion.com\/et\/#website\",\"url\":\"https:\/\/emikafashion.com\/et\/\",\"name\":\"Emika Fashion - Women's Clothes, Dresses, Evening Dresses, Cocktail Dresses, Party Dresses, Pantsuits, Skirts, Shorts, Corsets, Blouses | Europe |\",\"description\":\"Naiste riided | Naistemoe pood | Kleidid\",\"publisher\":{\"@id\":\"https:\/\/emikafashion.com\/et\/#organization\"},\"potentialAction\":[{\"@type\":\"SearchAction\",\"target\":{\"@type\":\"EntryPoint\",\"urlTemplate\":\"https:\/\/emikafashion.com\/et\/?s={search_term_string}\"},\"query-input\":{\"@type\":\"PropertyValueSpecification\",\"valueRequired\":true,\"valueName\":\"search_term_string\"}}],\"inLanguage\":\"et\"},{\"@type\":\"Organization\",\"@id\":\"https:\/\/emikafashion.com\/et\/#organization\",\"name\":\"Emika Fashion O\u00dc\",\"url\":\"https:\/\/emikafashion.com\/et\/\",\"logo\":{\"@type\":\"ImageObject\",\"inLanguage\":\"et\",\"@id\":\"https:\/\/emikafashion.com\/et\/#\/schema\/logo\/image\/\",\"url\":\"https:\/\/emikafashion.com\/wp-content\/uploads\/2023\/11\/emika-fashion_logo-flat.svg\",\"contentUrl\":\"https:\/\/emikafashion.com\/wp-content\/uploads\/2023\/11\/emika-fashion_logo-flat.svg\",\"width\":1,\"height\":1,\"caption\":\"Emika Fashion O\u00dc\"},\"image\":{\"@id\":\"https:\/\/emikafashion.com\/et\/#\/schema\/logo\/image\/\"},\"sameAs\":[\"https:\/\/www.facebook.com\/profile.php?id=100071972389525\",\"https:\/\/www.instagram.com\/emika_fashion_official\/\"]}]}<\/script>\n<!-- \/ Yoast SEO plugin. -->","yoast_head_json":{"title":"Cashmere Cropped Coat - Emika Fashion - naiste riided, kleidid, \u00f5htukleidid, kokteilikleidid, peokleidid, pidulikud kleidid, p\u00fckskost\u00fc\u00fcmid, seelikud, l\u00fchikesed p\u00fcksid, korsetid, pluusid | Eesti, Tallinn |","robots":{"index":"index","follow":"follow","max-snippet":"max-snippet:-1","max-image-preview":"max-image-preview:large","max-video-preview":"max-video-preview:-1"},"canonical":"https:\/\/emikafashion.com\/et\/product\/cashmere-cropped-coat-1100081\/","og_locale":"et_EE","og_type":"article","og_title":"Cashmere Cropped Coat - Emika Fashion - naiste riided, kleidid, \u00f5htukleidid, kokteilikleidid, peokleidid, pidulikud kleidid, p\u00fckskost\u00fc\u00fcmid, seelikud, l\u00fchikesed p\u00fcksid, korsetid, pluusid | Eesti, Tallinn |","og_description":"Material: Turkish cashmere. Lenght: 80 cm. Belt included &nbsp; Composition: 55% wool 40% polyester 5% lycra","og_url":"https:\/\/emikafashion.com\/et\/product\/cashmere-cropped-coat-1100081\/","og_site_name":"Emika Fashion - naiste riided, kleidid, \u00f5htukleidid, kokteilikleidid, peokleidid, pidulikud kleidid, p\u00fckskost\u00fc\u00fcmid, seelikud, l\u00fchikesed p\u00fcksid, korsetid, pluusid | Eesti, Tallinn |","article_publisher":"https:\/\/www.facebook.com\/profile.php?id=100071972389525","article_modified_time":"2026-04-13T17:45:48+00:00","og_image":[{"width":800,"height":1067,"url":"https:\/\/emikafashion.com\/wp-content\/uploads\/2024\/10\/01-img_4796-saco.jpg","type":"image\/jpeg"}],"twitter_card":"summary_large_image","schema":{"@context":"https:\/\/schema.org","@graph":[{"@type":"WebPage","@id":"https:\/\/emikafashion.com\/et\/product\/cashmere-cropped-coat-1100081\/","url":"https:\/\/emikafashion.com\/et\/product\/cashmere-cropped-coat-1100081\/","name":"Cashmere Cropped Coat - Emika Fashion - naiste riided, kleidid, \u00f5htukleidid, kokteilikleidid, peokleidid, pidulikud kleidid, p\u00fckskost\u00fc\u00fcmid, seelikud, l\u00fchikesed p\u00fcksid, korsetid, pluusid | Eesti, Tallinn |","isPartOf":{"@id":"https:\/\/emikafashion.com\/et\/#website"},"primaryImageOfPage":{"@id":"https:\/\/emikafashion.com\/et\/product\/cashmere-cropped-coat-1100081\/#primaryimage"},"image":{"@id":"https:\/\/emikafashion.com\/et\/product\/cashmere-cropped-coat-1100081\/#primaryimage"},"thumbnailUrl":"https:\/\/emikafashion.com\/wp-content\/uploads\/2024\/10\/01-img_4796-saco.jpg","datePublished":"2025-03-16T04:30:44+00:00","dateModified":"2026-04-13T17:45:48+00:00","breadcrumb":{"@id":"https:\/\/emikafashion.com\/et\/product\/cashmere-cropped-coat-1100081\/#breadcrumb"},"inLanguage":"et","potentialAction":[{"@type":"ReadAction","target":["https:\/\/emikafashion.com\/et\/product\/cashmere-cropped-coat-1100081\/"]}]},{"@type":"ImageObject","inLanguage":"et","@id":"https:\/\/emikafashion.com\/et\/product\/cashmere-cropped-coat-1100081\/#primaryimage","url":"https:\/\/emikafashion.com\/wp-content\/uploads\/2024\/10\/01-img_4796-saco.jpg","contentUrl":"https:\/\/emikafashion.com\/wp-content\/uploads\/2024\/10\/01-img_4796-saco.jpg","width":800,"height":1067},{"@type":"BreadcrumbList","@id":"https:\/\/emikafashion.com\/et\/product\/cashmere-cropped-coat-1100081\/#breadcrumb","itemListElement":[{"@type":"ListItem","position":1,"name":"Home","item":"https:\/\/emikafashion.com\/et\/"},{"@type":"ListItem","position":2,"name":"Pood","item":"https:\/\/emikafashion.com\/et\/pood\/"},{"@type":"ListItem","position":3,"name":"Cashmere Cropped Coat"}]},{"@type":"WebSite","@id":"https:\/\/emikafashion.com\/et\/#website","url":"https:\/\/emikafashion.com\/et\/","name":"Emika Fashion - Women's Clothes, Dresses, Evening Dresses, Cocktail Dresses, Party Dresses, Pantsuits, Skirts, Shorts, Corsets, Blouses | Europe |","description":"Naiste riided | Naistemoe pood | Kleidid","publisher":{"@id":"https:\/\/emikafashion.com\/et\/#organization"},"potentialAction":[{"@type":"SearchAction","target":{"@type":"EntryPoint","urlTemplate":"https:\/\/emikafashion.com\/et\/?s={search_term_string}"},"query-input":{"@type":"PropertyValueSpecification","valueRequired":true,"valueName":"search_term_string"}}],"inLanguage":"et"},{"@type":"Organization","@id":"https:\/\/emikafashion.com\/et\/#organization","name":"Emika Fashion O\u00dc","url":"https:\/\/emikafashion.com\/et\/","logo":{"@type":"ImageObject","inLanguage":"et","@id":"https:\/\/emikafashion.com\/et\/#\/schema\/logo\/image\/","url":"https:\/\/emikafashion.com\/wp-content\/uploads\/2023\/11\/emika-fashion_logo-flat.svg","contentUrl":"https:\/\/emikafashion.com\/wp-content\/uploads\/2023\/11\/emika-fashion_logo-flat.svg","width":1,"height":1,"caption":"Emika Fashion O\u00dc"},"image":{"@id":"https:\/\/emikafashion.com\/et\/#\/schema\/logo\/image\/"},"sameAs":["https:\/\/www.facebook.com\/profile.php?id=100071972389525","https:\/\/www.instagram.com\/emika_fashion_official\/"]}]}},"_links":{"self":[{"href":"https:\/\/emikafashion.com\/et\/wp-json\/wp\/v2\/product\/38616","targetHints":{"allow":["GET"]}}],"collection":[{"href":"https:\/\/emikafashion.com\/et\/wp-json\/wp\/v2\/product"}],"about":[{"href":"https:\/\/emikafashion.com\/et\/wp-json\/wp\/v2\/types\/product"}],"wp:featuredmedia":[{"embeddable":true,"href":"https:\/\/emikafashion.com\/et\/wp-json\/wp\/v2\/media\/58564"}],"wp:attachment":[{"href":"https:\/\/emikafashion.com\/et\/wp-json\/wp\/v2\/media?parent=38616"}],"wp:term":[{"taxonomy":"product_brand","embeddable":true,"href":"https:\/\/emikafashion.com\/et\/wp-json\/wp\/v2\/product_brand?post=38616"},{"taxonomy":"product_cat","embeddable":true,"href":"https:\/\/emikafashion.com\/et\/wp-json\/wp\/v2\/product_cat?post=38616"},{"taxonomy":"product_tag","embeddable":true,"href":"https:\/\/emikafashion.com\/et\/wp-json\/wp\/v2\/product_tag?post=38616"}],"curies":[{"name":"wp","href":"https:\/\/api.w.org\/{rel}","templated":true}]}}