{"id":26035,"date":"2023-12-21T20:05:24","date_gmt":"2023-12-21T18:05:24","guid":{"rendered":"https:\/\/emikafashion.com\/?page_id=26035"},"modified":"2026-04-30T17:16:49","modified_gmt":"2026-04-30T14:16:49","slug":"kontakt","status":"publish","type":"page","link":"https:\/\/emikafashion.com\/et\/kontakt\/","title":{"rendered":"Kontakt"},"content":{"rendered":"<div class=\"row\"  id=\"row-851559327\">\n\n\n\t<div id=\"col-549407108\" class=\"col small-12 large-12\"  >\n\t\t\t\t<div class=\"col-inner\"  >\n\t\t\t\n\t\t\t\n\n\t<div id=\"text-1082222433\" class=\"text\">\n\t\t\n\n<h1 class=\"uppercase\">Kontaktandmed<\/h1>\n\t\t\n<style>\n#text-1082222433 {\n  text-align: center;\n}\n<\/style>\n\t<\/div>\n\t\n\n\t\t<\/div>\n\t\t\t\t\n<style>\n#col-549407108 > .col-inner {\n  margin: 40px 0px 40px 0px;\n}\n<\/style>\n\t<\/div>\n\n\t\n\n<\/div>\n<div class=\"row align-equal\"  id=\"row-1134635048\">\n\n\n\t<div id=\"col-727416799\" class=\"col medium-1 small-12 large-1\"  >\n\t\t\t\t<div class=\"col-inner\"  >\n\t\t\t\n\t\t\t\n\n\n\t\t<\/div>\n\t\t\t\t\t<\/div>\n\n\t\n\n\t<div id=\"col-1687167958\" class=\"col medium-5 small-12 large-5\"  >\n\t\t\t\t<div class=\"col-inner\"  >\n\t\t\t\n\t\t\t\n\n\n\t\t<div class=\"icon-box featured-box icon-box-top text-left is-large\"  >\n\t\t\t\t\t<div class=\"icon-box-img\" style=\"width: 40px\">\n\t\t\t\t<div class=\"icon\">\n\t\t\t\t\t<div class=\"icon-inner\" >\n\t\t\t\t\t\t<?xml version=\"1.0\" encoding=\"UTF-8\"?><svg id=\"Layer_2\" xmlns=\"http:\/\/www.w3.org\/2000\/svg\" viewBox=\"0 0 29.61 44.34\"><g id=\"Layer_2-2\"><g id=\"Layer_2-3\"><g id=\"Layer_1-2\"><path d=\"M14.8,44.34c-.33,0-.65-.17-.83-.45-.57-.88-13.97-21.24-13.97-29.08S6.63,0,14.81,0s14.81,6.63,14.81,14.81-13.4,28.22-14,29.08c-.18,.27-.48,.44-.81,.45ZM14.8,2.01c-7.06,.01-12.79,5.74-12.8,12.8,0,6.18,9.84,22,12.8,26.69,3-4.64,12.8-20.51,12.8-26.69-.01-7.06-5.74-12.79-12.8-12.8Z\"\/><path d=\"M14.8,23.19c-3.42,0-6.21-2.79-6.21-6.21s2.79-6.21,6.21-6.21,6.21,2.79,6.21,6.21-2.79,6.21-6.21,6.21Zm0-10.42c-2.32,0-4.21,1.89-4.21,4.21s1.89,4.21,4.21,4.21,4.21-1.89,4.21-4.21-1.89-4.21-4.21-4.21Z\"\/><\/g><\/g><\/g><\/svg>\t\t\t\t\t<\/div>\n\t\t\t\t<\/div>\n\t\t\t<\/div>\n\t\t\t\t<div class=\"icon-box-text last-reset\">\n\t\t\t\t\t\t\t\t\t\n\n<h3 class=\"uppercase\">aDRESS<\/h3>\n<p>Poordi 5, 1. korrus, Novotel Living Hotel,<br \/>Tallinn, Eesti, 10156<\/p>\n\t<div id=\"gap-1525907169\" class=\"gap-element clearfix\" style=\"display:block; height:auto;\">\n\t\t\n<style>\n#gap-1525907169 {\n  padding-top: 30px;\n}\n<\/style>\n\t<\/div>\n\t\n\n\n\t\t<\/div>\n\t<\/div>\n\t\n\t\n\n\t\t<div class=\"icon-box featured-box icon-box-top text-left is-large\"  >\n\t\t\t\t\t<div class=\"icon-box-img\" style=\"width: 55px\">\n\t\t\t\t<div class=\"icon\">\n\t\t\t\t\t<div class=\"icon-inner\" >\n\t\t\t\t\t\t<?xml version=\"1.0\" encoding=\"UTF-8\"?><svg id=\"Layer_2\" xmlns=\"http:\/\/www.w3.org\/2000\/svg\" viewBox=\"0 0 46 33\"><g id=\"Layer_2-2\"><g id=\"Layer_2-3\"><g id=\"Layer_1-2\"><path d=\"M46,1c0-.55-.45-1-1-1H1C.45,0,0,.45,0,1v31c0,.55,.45,1,1,1H45c.55,0,1-.45,1-1V1Zm-3.34,1L23.12,20.93,3.59,2H42.66ZM2,31V3.6L22.35,23.23c.2,.18,.46,.27,.72,.27,.25,0,.49-.1,.67-.27L44,3.6V31H2Z\"\/><\/g><\/g><\/g><\/svg>\t\t\t\t\t<\/div>\n\t\t\t\t<\/div>\n\t\t\t<\/div>\n\t\t\t\t<div class=\"icon-box-text last-reset\">\n\t\t\t\t\t\t\t\t\t\n\n<h3 class=\"uppercase\">E-Post<\/h3>\n<p><a href=\"mailto:store@emikafashion.com\">store@emikafashion.com<\/a><\/p>\n\n\t\t<\/div>\n\t<\/div>\n\t\n\t\n\t<div id=\"gap-1279059653\" class=\"gap-element clearfix\" style=\"display:block; height:auto;\">\n\t\t\n<style>\n#gap-1279059653 {\n  padding-top: 30px;\n}\n<\/style>\n\t<\/div>\n\t\n\n\n\t\t<div class=\"icon-box featured-box icon-box-top text-left is-large\"  >\n\t\t\t\t\t<div class=\"icon-box-img\" style=\"width: 55px\">\n\t\t\t\t<div class=\"icon\">\n\t\t\t\t\t<div class=\"icon-inner\" >\n\t\t\t\t\t\t<?xml version=\"1.0\" encoding=\"UTF-8\"?><svg id=\"Layer_2\" xmlns=\"http:\/\/www.w3.org\/2000\/svg\" viewBox=\"0 0 36.15 36.15\"><g id=\"Layer_2-2\"><path d=\"M26.29,36.15C11.79,36.15,0,24.36,0,9.86,0,4.88,3.73,.65,8.66,.02c1.11-.14,2.17,.48,2.59,1.5l3.73,8.71c.33,.76,.26,1.63-.19,2.33l-3.11,4.73c-.09,.14-.1,.32-.03,.47,1.43,2.94,3.84,5.35,6.78,6.77,.15,.07,.33,.06,.48-.04l4.65-3.11c.7-.47,1.59-.56,2.37-.22l8.7,3.74c1.01,.42,1.63,1.49,1.49,2.59-.63,4.94-4.86,8.66-9.84,8.66ZM8.98,2s-.04,0-.06,0c-3.94,.51-6.92,3.88-6.92,7.86,0,13.39,10.9,24.29,24.29,24.29,3.98,0,7.35-2.98,7.86-6.92,.03-.21-.09-.41-.29-.49l-8.71-3.74c-.16-.07-.32-.05-.46,.04l-4.65,3.11c-.72,.49-1.66,.56-2.45,.18-3.36-1.62-6.1-4.35-7.72-7.7h0c-.37-.78-.31-1.71,.16-2.43l3.11-4.73c.08-.13,.09-.3,.03-.45L9.42,2.3c-.08-.18-.25-.3-.44-.3Z\"\/><\/g><\/svg>\t\t\t\t\t<\/div>\n\t\t\t\t<\/div>\n\t\t\t<\/div>\n\t\t\t\t<div class=\"icon-box-text last-reset\">\n\t\t\t\t\t\t\t\t\t\n\n<h3 class=\"uppercase\">telefoninumber<\/h3>\n<p>+372 5682 6577<\/p>\n\n\t\t<\/div>\n\t<\/div>\n\t\n\t\n\n\t\t<\/div>\n\t\t\t\t\t<\/div>\n\n\t\n\n\t<div id=\"col-856070061\" class=\"col medium-5 small-12 large-5\"  >\n\t\t\t\t<div class=\"col-inner\"  >\n\t\t\t\n\t\t\t\n\n\n\t\t<div class=\"icon-box featured-box icon-box-top text-left is-large\"  >\n\t\t\t\t\t<div class=\"icon-box-img\" style=\"width: 55px\">\n\t\t\t\t<div class=\"icon\">\n\t\t\t\t\t<div class=\"icon-inner\" >\n\t\t\t\t\t\t<?xml version=\"1.0\" encoding=\"UTF-8\"?><svg id=\"Layer_2\" xmlns=\"http:\/\/www.w3.org\/2000\/svg\" viewBox=\"0 0 40.05 40.05\"><g id=\"Layer_2-2\"><path d=\"M20.03,0C8.97,0,0,8.97,0,20.03s8.97,20.03,20.03,20.03,20.03-8.97,20.03-20.03S31.09,0,20.03,0Zm0,37.55c-9.68,0-17.52-7.85-17.52-17.52S10.35,2.5,20.03,2.5s17.52,7.85,17.52,17.52-7.85,17.52-17.52,17.52Zm10.99-17.37c0,.55-.45,1-1,1h-9.99c-.55,0-1-.45-1-1V7.13c0-.55,.45-1,1-1s1,.45,1,1v12.05h8.99c.55,0,1,.45,1,1Z\"\/><\/g><\/svg>\t\t\t\t\t<\/div>\n\t\t\t\t<\/div>\n\t\t\t<\/div>\n\t\t\t\t<div class=\"icon-box-text last-reset\">\n\t\t\t\t\t\t\t\t\t\n\n<h3 class=\"uppercase\">Oleme avatud<\/h3>\n<p>Esmasp\u00e4ev: Eelneval kokkuleppel<br \/>Teisip\u00e4ev: 12:00\u201320:00<br \/>Kolmap\u00e4ev: 12:00\u201320:00<br \/>Neljap\u00e4ev: 12:00\u201320:00<br \/>Reede: 12:00\u201320:00<br \/>Laup\u00e4ev: 12:00\u201319:00<br \/>P\u00fchap\u00e4ev: 12:00\u201318:00<\/p>\n<p>Privaatse aja broneerimiseks palume meiega eelnevalt \u00fchendust v\u00f5tta.<\/p>\n\n\t\t<\/div>\n\t<\/div>\n\t\n\t\n\t<div id=\"gap-1646343833\" class=\"gap-element clearfix\" style=\"display:block; height:auto;\">\n\t\t\n<style>\n#gap-1646343833 {\n  padding-top: 30px;\n}\n<\/style>\n\t<\/div>\n\t\n\n\n\n\t\t<\/div>\n\t\t\t\t\t<\/div>\n\n\t\n\n\t<div id=\"col-661948508\" class=\"col medium-1 small-12 large-1\"  >\n\t\t\t\t<div class=\"col-inner\"  >\n\t\t\t\n\t\t\t\n\n\n\t\t<\/div>\n\t\t\t\t\t<\/div>\n\n\t\n\n<\/div>","protected":false},"excerpt":{"rendered":"","protected":false},"author":1,"featured_media":0,"parent":0,"menu_order":0,"comment_status":"closed","ping_status":"closed","template":"","meta":{"footnotes":""},"class_list":["post-26035","page","type-page","status-publish","hentry"],"yoast_head":"<!-- This site is optimized with the Yoast SEO plugin v26.2 - https:\/\/yoast.com\/wordpress\/plugins\/seo\/ -->\n<title>Kontakt - Emika Fashion - naiste riided, kleidid, \u00f5htukleidid, kokteilikleidid, peokleidid, pidulikud kleidid, p\u00fckskost\u00fc\u00fcmid, seelikud, l\u00fchikesed p\u00fcksid, korsetid, pluusid | Eesti, Tallinn | V\u00f5ta meiega \u00fchendust - Kontaktid Emika Fashion<\/title>\n<meta name=\"description\" content=\"Kontaktid Emika Fashion. Oleme valmis aitama teil luua stiilse v\u00e4limuse. Helista v\u00f5i kirjuta meile juba t\u00e4na!\" \/>\n<meta name=\"robots\" content=\"index, follow, max-snippet:-1, max-image-preview:large, max-video-preview:-1\" \/>\n<link rel=\"canonical\" href=\"https:\/\/emikafashion.com\/et\/kontakt\/\" \/>\n<meta property=\"og:locale\" content=\"et_EE\" \/>\n<meta property=\"og:type\" content=\"article\" \/>\n<meta property=\"og:title\" content=\"Kontakt - Emika Fashion - naiste riided, kleidid, \u00f5htukleidid, kokteilikleidid, peokleidid, pidulikud kleidid, p\u00fckskost\u00fc\u00fcmid, seelikud, l\u00fchikesed p\u00fcksid, korsetid, pluusid | Eesti, Tallinn | V\u00f5ta meiega \u00fchendust - Kontaktid Emika Fashion\" \/>\n<meta property=\"og:description\" content=\"Kontaktid Emika Fashion. Oleme valmis aitama teil luua stiilse v\u00e4limuse. Helista v\u00f5i kirjuta meile juba t\u00e4na!\" \/>\n<meta property=\"og:url\" content=\"https:\/\/emikafashion.com\/et\/kontakt\/\" \/>\n<meta property=\"og:site_name\" content=\"Emika Fashion - naiste riided, kleidid, \u00f5htukleidid, kokteilikleidid, peokleidid, pidulikud kleidid, p\u00fckskost\u00fc\u00fcmid, seelikud, l\u00fchikesed p\u00fcksid, korsetid, pluusid | Eesti, Tallinn |\" \/>\n<meta property=\"article:publisher\" content=\"https:\/\/www.facebook.com\/profile.php?id=100071972389525\" \/>\n<meta property=\"article:modified_time\" content=\"2026-04-30T14:16:49+00:00\" \/>\n<meta property=\"og:image\" content=\"https:\/\/emikafashion.com\/wp-content\/uploads\/2023\/11\/emika-fashion_site-image.png\" \/>\n\t<meta property=\"og:image:width\" content=\"1200\" \/>\n\t<meta property=\"og:image:height\" content=\"675\" \/>\n\t<meta property=\"og:image:type\" content=\"image\/png\" \/>\n<meta name=\"twitter:card\" content=\"summary_large_image\" \/>\n<meta name=\"twitter:label1\" content=\"Est. reading time\" \/>\n\t<meta name=\"twitter:data1\" content=\"1 minut\" \/>\n<script type=\"application\/ld+json\" class=\"yoast-schema-graph\">{\"@context\":\"https:\/\/schema.org\",\"@graph\":[{\"@type\":\"WebPage\",\"@id\":\"https:\/\/emikafashion.com\/et\/kontakt\/\",\"url\":\"https:\/\/emikafashion.com\/et\/kontakt\/\",\"name\":\"Kontakt - Emika Fashion - naiste riided, kleidid, \u00f5htukleidid, kokteilikleidid, peokleidid, pidulikud kleidid, p\u00fckskost\u00fc\u00fcmid, seelikud, l\u00fchikesed p\u00fcksid, korsetid, pluusid | Eesti, Tallinn | V\u00f5ta meiega \u00fchendust - Kontaktid Emika Fashion\",\"isPartOf\":{\"@id\":\"https:\/\/emikafashion.com\/et\/#website\"},\"datePublished\":\"2023-12-21T18:05:24+00:00\",\"dateModified\":\"2026-04-30T14:16:49+00:00\",\"description\":\"Kontaktid Emika Fashion. Oleme valmis aitama teil luua stiilse v\u00e4limuse. Helista v\u00f5i kirjuta meile juba t\u00e4na!\",\"breadcrumb\":{\"@id\":\"https:\/\/emikafashion.com\/et\/kontakt\/#breadcrumb\"},\"inLanguage\":\"et\",\"potentialAction\":[{\"@type\":\"ReadAction\",\"target\":[\"https:\/\/emikafashion.com\/et\/kontakt\/\"]}]},{\"@type\":\"BreadcrumbList\",\"@id\":\"https:\/\/emikafashion.com\/et\/kontakt\/#breadcrumb\",\"itemListElement\":[{\"@type\":\"ListItem\",\"position\":1,\"name\":\"Home\",\"item\":\"https:\/\/emikafashion.com\/et\/\"},{\"@type\":\"ListItem\",\"position\":2,\"name\":\"Kontakt\"}]},{\"@type\":\"WebSite\",\"@id\":\"https:\/\/emikafashion.com\/et\/#website\",\"url\":\"https:\/\/emikafashion.com\/et\/\",\"name\":\"Emika Fashion - Women's Clothes, Dresses, Evening Dresses, Cocktail Dresses, Party Dresses, Pantsuits, Skirts, Shorts, Corsets, Blouses | Europe |\",\"description\":\"Naiste riided | Naistemoe pood | Kleidid\",\"publisher\":{\"@id\":\"https:\/\/emikafashion.com\/et\/#organization\"},\"potentialAction\":[{\"@type\":\"SearchAction\",\"target\":{\"@type\":\"EntryPoint\",\"urlTemplate\":\"https:\/\/emikafashion.com\/et\/?s={search_term_string}\"},\"query-input\":{\"@type\":\"PropertyValueSpecification\",\"valueRequired\":true,\"valueName\":\"search_term_string\"}}],\"inLanguage\":\"et\"},{\"@type\":\"Organization\",\"@id\":\"https:\/\/emikafashion.com\/et\/#organization\",\"name\":\"Emika Fashion O\u00dc\",\"url\":\"https:\/\/emikafashion.com\/et\/\",\"logo\":{\"@type\":\"ImageObject\",\"inLanguage\":\"et\",\"@id\":\"https:\/\/emikafashion.com\/et\/#\/schema\/logo\/image\/\",\"url\":\"https:\/\/emikafashion.com\/wp-content\/uploads\/2023\/11\/emika-fashion_logo-flat.svg\",\"contentUrl\":\"https:\/\/emikafashion.com\/wp-content\/uploads\/2023\/11\/emika-fashion_logo-flat.svg\",\"width\":1,\"height\":1,\"caption\":\"Emika Fashion O\u00dc\"},\"image\":{\"@id\":\"https:\/\/emikafashion.com\/et\/#\/schema\/logo\/image\/\"},\"sameAs\":[\"https:\/\/www.facebook.com\/profile.php?id=100071972389525\",\"https:\/\/www.instagram.com\/emika_fashion_official\/\"]}]}<\/script>\n<!-- \/ Yoast SEO plugin. -->","yoast_head_json":{"title":"Kontakt - Emika Fashion - naiste riided, kleidid, \u00f5htukleidid, kokteilikleidid, peokleidid, pidulikud kleidid, p\u00fckskost\u00fc\u00fcmid, seelikud, l\u00fchikesed p\u00fcksid, korsetid, pluusid | Eesti, Tallinn | V\u00f5ta meiega \u00fchendust - Kontaktid Emika Fashion","description":"Kontaktid Emika Fashion. Oleme valmis aitama teil luua stiilse v\u00e4limuse. Helista v\u00f5i kirjuta meile juba t\u00e4na!","robots":{"index":"index","follow":"follow","max-snippet":"max-snippet:-1","max-image-preview":"max-image-preview:large","max-video-preview":"max-video-preview:-1"},"canonical":"https:\/\/emikafashion.com\/et\/kontakt\/","og_locale":"et_EE","og_type":"article","og_title":"Kontakt - Emika Fashion - naiste riided, kleidid, \u00f5htukleidid, kokteilikleidid, peokleidid, pidulikud kleidid, p\u00fckskost\u00fc\u00fcmid, seelikud, l\u00fchikesed p\u00fcksid, korsetid, pluusid | Eesti, Tallinn | V\u00f5ta meiega \u00fchendust - Kontaktid Emika Fashion","og_description":"Kontaktid Emika Fashion. Oleme valmis aitama teil luua stiilse v\u00e4limuse. Helista v\u00f5i kirjuta meile juba t\u00e4na!","og_url":"https:\/\/emikafashion.com\/et\/kontakt\/","og_site_name":"Emika Fashion - naiste riided, kleidid, \u00f5htukleidid, kokteilikleidid, peokleidid, pidulikud kleidid, p\u00fckskost\u00fc\u00fcmid, seelikud, l\u00fchikesed p\u00fcksid, korsetid, pluusid | Eesti, Tallinn |","article_publisher":"https:\/\/www.facebook.com\/profile.php?id=100071972389525","article_modified_time":"2026-04-30T14:16:49+00:00","og_image":[{"width":1200,"height":675,"url":"https:\/\/emikafashion.com\/wp-content\/uploads\/2023\/11\/emika-fashion_site-image.png","type":"image\/png"}],"twitter_card":"summary_large_image","twitter_misc":{"Est. reading time":"1 minut"},"schema":{"@context":"https:\/\/schema.org","@graph":[{"@type":"WebPage","@id":"https:\/\/emikafashion.com\/et\/kontakt\/","url":"https:\/\/emikafashion.com\/et\/kontakt\/","name":"Kontakt - Emika Fashion - naiste riided, kleidid, \u00f5htukleidid, kokteilikleidid, peokleidid, pidulikud kleidid, p\u00fckskost\u00fc\u00fcmid, seelikud, l\u00fchikesed p\u00fcksid, korsetid, pluusid | Eesti, Tallinn | V\u00f5ta meiega \u00fchendust - Kontaktid Emika Fashion","isPartOf":{"@id":"https:\/\/emikafashion.com\/et\/#website"},"datePublished":"2023-12-21T18:05:24+00:00","dateModified":"2026-04-30T14:16:49+00:00","description":"Kontaktid Emika Fashion. Oleme valmis aitama teil luua stiilse v\u00e4limuse. Helista v\u00f5i kirjuta meile juba t\u00e4na!","breadcrumb":{"@id":"https:\/\/emikafashion.com\/et\/kontakt\/#breadcrumb"},"inLanguage":"et","potentialAction":[{"@type":"ReadAction","target":["https:\/\/emikafashion.com\/et\/kontakt\/"]}]},{"@type":"BreadcrumbList","@id":"https:\/\/emikafashion.com\/et\/kontakt\/#breadcrumb","itemListElement":[{"@type":"ListItem","position":1,"name":"Home","item":"https:\/\/emikafashion.com\/et\/"},{"@type":"ListItem","position":2,"name":"Kontakt"}]},{"@type":"WebSite","@id":"https:\/\/emikafashion.com\/et\/#website","url":"https:\/\/emikafashion.com\/et\/","name":"Emika Fashion - Women's Clothes, Dresses, Evening Dresses, Cocktail Dresses, Party Dresses, Pantsuits, Skirts, Shorts, Corsets, Blouses | Europe |","description":"Naiste riided | Naistemoe pood | Kleidid","publisher":{"@id":"https:\/\/emikafashion.com\/et\/#organization"},"potentialAction":[{"@type":"SearchAction","target":{"@type":"EntryPoint","urlTemplate":"https:\/\/emikafashion.com\/et\/?s={search_term_string}"},"query-input":{"@type":"PropertyValueSpecification","valueRequired":true,"valueName":"search_term_string"}}],"inLanguage":"et"},{"@type":"Organization","@id":"https:\/\/emikafashion.com\/et\/#organization","name":"Emika Fashion O\u00dc","url":"https:\/\/emikafashion.com\/et\/","logo":{"@type":"ImageObject","inLanguage":"et","@id":"https:\/\/emikafashion.com\/et\/#\/schema\/logo\/image\/","url":"https:\/\/emikafashion.com\/wp-content\/uploads\/2023\/11\/emika-fashion_logo-flat.svg","contentUrl":"https:\/\/emikafashion.com\/wp-content\/uploads\/2023\/11\/emika-fashion_logo-flat.svg","width":1,"height":1,"caption":"Emika Fashion O\u00dc"},"image":{"@id":"https:\/\/emikafashion.com\/et\/#\/schema\/logo\/image\/"},"sameAs":["https:\/\/www.facebook.com\/profile.php?id=100071972389525","https:\/\/www.instagram.com\/emika_fashion_official\/"]}]}},"_links":{"self":[{"href":"https:\/\/emikafashion.com\/et\/wp-json\/wp\/v2\/pages\/26035","targetHints":{"allow":["GET"]}}],"collection":[{"href":"https:\/\/emikafashion.com\/et\/wp-json\/wp\/v2\/pages"}],"about":[{"href":"https:\/\/emikafashion.com\/et\/wp-json\/wp\/v2\/types\/page"}],"author":[{"embeddable":true,"href":"https:\/\/emikafashion.com\/et\/wp-json\/wp\/v2\/users\/1"}],"replies":[{"embeddable":true,"href":"https:\/\/emikafashion.com\/et\/wp-json\/wp\/v2\/comments?post=26035"}],"version-history":[{"count":42,"href":"https:\/\/emikafashion.com\/et\/wp-json\/wp\/v2\/pages\/26035\/revisions"}],"predecessor-version":[{"id":88647,"href":"https:\/\/emikafashion.com\/et\/wp-json\/wp\/v2\/pages\/26035\/revisions\/88647"}],"wp:attachment":[{"href":"https:\/\/emikafashion.com\/et\/wp-json\/wp\/v2\/media?parent=26035"}],"curies":[{"name":"wp","href":"https:\/\/api.w.org\/{rel}","templated":true}]}}