{"id":19711,"date":"2023-09-26T12:08:19","date_gmt":"2023-09-26T09:08:19","guid":{"rendered":"https:\/\/emikafashion.com\/?page_id=19711"},"modified":"2024-01-25T14:24:32","modified_gmt":"2024-01-25T12:24:32","slug":"ettevottest","status":"publish","type":"page","link":"https:\/\/emikafashion.com\/et\/ettevottest\/","title":{"rendered":"Ettev\u00f5ttest"},"content":{"rendered":"<div class=\"row\"  id=\"row-1982599543\">\n\n\n\t<div id=\"col-1111449365\" class=\"col medium-1 small-12 large-1\"  >\n\t\t\t\t<div class=\"col-inner\"  >\n\t\t\t\n\t\t\t\n\n\n\t\t<\/div>\n\t\t\t\t\t<\/div>\n\n\t\n\n\t<div id=\"col-1355855505\" class=\"col medium-5 small-12 large-5\"  >\n\t\t\t\t<div class=\"col-inner\"  >\n\t\t\t\n\t\t\t\n\n<h3>Ettev\u00f5ttest<\/h3>\n<p>KS Boutique kaubam\u00e4rk asutati 2017. aastal ning samal aastal avati kauplus Kesklinnas. Aja jooksul on ettev\u00f5te m\u00e4rkimisv\u00e4\u00e4rselt laienenud ning oleme tuntud mitte ainult Baltikumis, vaid \u00fcle kogu Euroopa, kuna tarnime oma tooteid \u00fcle Euroopa. 2023. aastal alustasime ettev\u00f5tte \u00fcmberbr\u00e4ndimist ning n\u00fc\u00fcd kannab see nime Emika Fashion.<\/p>\n<p><br>Nagu paljud on m\u00e4rganud, on muutunud mitte ainult ettev\u00f5tte nimi, vaid ka selle kontseptsioon. Nimi on patenteeritud ja oleme kasutusele v\u00f5tnud oma \u00f5mblustehnika.<br>Oleme samuti loonud oma tootmise, mis t\u00e4hendab, et n\u00fc\u00fcd on Emika Fashion valmis oma ainulaadsuse ja stiili sisestama igasse detaili.<\/p>\n<p><br>Emika Fashioni kauplus on tuntud oma laia valiku poolest, pakkudes kvaliteetseid r\u00f5ivakollektsioone naistele. Meie poest leiab igasuguseid r\u00f5ivaid alates pidulikest s\u00fcndmustest kuni vaba aja veetmiseni. Inimesed soovivad kanda r\u00f5ivaid, mis k\u00f5netavad nende identiteeti ja lasevad neil tunda end iseendana. Usume, et meie lai valik annab meie poele selles osas m\u00e4rkimisv\u00e4\u00e4rse eelise, kuna iga loodu peegeldab kellegi isiksust v\u00f5i iseloomu.<br>Meie eesm\u00e4rk on r\u00f5\u00f5mustada kliente, pakkudes neile unustamatuid moekogemusi ja suurep\u00e4rast isikup\u00e4rastatud teenindust, muutes kogu ostuprotsessi v\u00f5imalikult lihtsaks ja mugavaks.<\/p>\n<p><br>Ootame teid r\u00f5\u00f5muga meie poes k\u00fclla!<\/p>\n\n\t\t<\/div>\n\t\t\t\t\t<\/div>\n\n\t\n\n\t<div id=\"col-2077732970\" class=\"col medium-5 small-12 large-5\"  >\n\t\t\t\t<div class=\"col-inner\"  >\n\t\t\t\n\t\t\t\n\n\t<div class=\"img has-hover x md-x lg-x y md-y lg-y\" id=\"image_956929306\">\n\t\t\t\t\t\t\t\t<div class=\"img-inner dark\" >\n\t\t\t<img loading=\"lazy\" decoding=\"async\" width=\"1708\" height=\"2560\" src=\"https:\/\/emikafashion.com\/wp-content\/uploads\/2023\/09\/img_4198-scaled.jpg\" class=\"attachment-original size-original\" alt=\"\" \/>\t\t\t\t\t\t\n\t\t\t\t\t<\/div>\n\t\t\t\t\t\t\t\t\n<style>\n#image_956929306 {\n  width: 100%;\n}\n<\/style>\n\t<\/div>\n\t\n\n\n\t\t<\/div>\n\t\t\t\t\t<\/div>\n\n\t\n\n\t<div id=\"col-1516386962\" class=\"col medium-1 small-12 large-1\"  >\n\t\t\t\t<div class=\"col-inner\"  >\n\t\t\t\n\t\t\t\n\n\n\t\t<\/div>\n\t\t\t\t\t<\/div>\n\n\t\n\n<\/div>","protected":false},"excerpt":{"rendered":"","protected":false},"author":1,"featured_media":0,"parent":0,"menu_order":0,"comment_status":"closed","ping_status":"open","template":"","meta":{"footnotes":""},"class_list":["post-19711","page","type-page","status-publish","hentry"],"yoast_head":"<!-- This site is optimized with the Yoast SEO plugin v26.2 - https:\/\/yoast.com\/wordpress\/plugins\/seo\/ -->\n<title>Ettev\u00f5ttest - Emika Fashion - naiste riided, kleidid, \u00f5htukleidid, kokteilikleidid, peokleidid, pidulikud kleidid, p\u00fckskost\u00fc\u00fcmid, seelikud, l\u00fchikesed p\u00fcksid, korsetid, pluusid | Eesti, Tallinn | Unikaalsed naiste riided<\/title>\n<meta name=\"description\" content=\"Emika Fashion pakub ainulaadseid r\u00f5ivakollektsioone naistele. Meie pood pakub kvaliteetseid ja stiilseid valikuid.\" \/>\n<meta name=\"robots\" content=\"index, follow, max-snippet:-1, max-image-preview:large, max-video-preview:-1\" \/>\n<link rel=\"canonical\" href=\"https:\/\/emikafashion.com\/et\/ettevottest\/\" \/>\n<meta property=\"og:locale\" content=\"et_EE\" \/>\n<meta property=\"og:type\" content=\"article\" \/>\n<meta property=\"og:title\" content=\"Ettev\u00f5ttest - Emika Fashion - naiste riided, kleidid, \u00f5htukleidid, kokteilikleidid, peokleidid, pidulikud kleidid, p\u00fckskost\u00fc\u00fcmid, seelikud, l\u00fchikesed p\u00fcksid, korsetid, pluusid | Eesti, Tallinn | Unikaalsed naiste riided\" \/>\n<meta property=\"og:description\" content=\"Emika Fashion pakub ainulaadseid r\u00f5ivakollektsioone naistele. Meie pood pakub kvaliteetseid ja stiilseid valikuid.\" \/>\n<meta property=\"og:url\" content=\"https:\/\/emikafashion.com\/et\/ettevottest\/\" \/>\n<meta property=\"og:site_name\" content=\"Emika Fashion - naiste riided, kleidid, \u00f5htukleidid, kokteilikleidid, peokleidid, pidulikud kleidid, p\u00fckskost\u00fc\u00fcmid, seelikud, l\u00fchikesed p\u00fcksid, korsetid, pluusid | Eesti, Tallinn |\" \/>\n<meta property=\"article:publisher\" content=\"https:\/\/www.facebook.com\/profile.php?id=100071972389525\" \/>\n<meta property=\"article:modified_time\" content=\"2024-01-25T12:24:32+00:00\" \/>\n<meta property=\"og:image\" content=\"https:\/\/emikafashion.com\/wp-content\/uploads\/2023\/11\/emika-fashion_site-image.png\" \/>\n\t<meta property=\"og:image:width\" content=\"1200\" \/>\n\t<meta property=\"og:image:height\" content=\"675\" \/>\n\t<meta property=\"og:image:type\" content=\"image\/png\" \/>\n<meta name=\"twitter:card\" content=\"summary_large_image\" \/>\n<meta name=\"twitter:label1\" content=\"Est. reading time\" \/>\n\t<meta name=\"twitter:data1\" content=\"1 minut\" \/>\n<script type=\"application\/ld+json\" class=\"yoast-schema-graph\">{\"@context\":\"https:\/\/schema.org\",\"@graph\":[{\"@type\":\"WebPage\",\"@id\":\"https:\/\/emikafashion.com\/et\/ettevottest\/\",\"url\":\"https:\/\/emikafashion.com\/et\/ettevottest\/\",\"name\":\"Ettev\u00f5ttest - Emika Fashion - naiste riided, kleidid, \u00f5htukleidid, kokteilikleidid, peokleidid, pidulikud kleidid, p\u00fckskost\u00fc\u00fcmid, seelikud, l\u00fchikesed p\u00fcksid, korsetid, pluusid | Eesti, Tallinn | Unikaalsed naiste riided\",\"isPartOf\":{\"@id\":\"https:\/\/emikafashion.com\/et\/#website\"},\"datePublished\":\"2023-09-26T09:08:19+00:00\",\"dateModified\":\"2024-01-25T12:24:32+00:00\",\"description\":\"Emika Fashion pakub ainulaadseid r\u00f5ivakollektsioone naistele. Meie pood pakub kvaliteetseid ja stiilseid valikuid.\",\"breadcrumb\":{\"@id\":\"https:\/\/emikafashion.com\/et\/ettevottest\/#breadcrumb\"},\"inLanguage\":\"et\",\"potentialAction\":[{\"@type\":\"ReadAction\",\"target\":[\"https:\/\/emikafashion.com\/et\/ettevottest\/\"]}]},{\"@type\":\"BreadcrumbList\",\"@id\":\"https:\/\/emikafashion.com\/et\/ettevottest\/#breadcrumb\",\"itemListElement\":[{\"@type\":\"ListItem\",\"position\":1,\"name\":\"Home\",\"item\":\"https:\/\/emikafashion.com\/et\/\"},{\"@type\":\"ListItem\",\"position\":2,\"name\":\"Ettev\u00f5ttest\"}]},{\"@type\":\"WebSite\",\"@id\":\"https:\/\/emikafashion.com\/et\/#website\",\"url\":\"https:\/\/emikafashion.com\/et\/\",\"name\":\"Emika Fashion - Women's Clothes, Dresses, Evening Dresses, Cocktail Dresses, Party Dresses, Pantsuits, Skirts, Shorts, Corsets, Blouses | Europe |\",\"description\":\"Naiste riided | Naistemoe pood | Kleidid\",\"publisher\":{\"@id\":\"https:\/\/emikafashion.com\/et\/#organization\"},\"potentialAction\":[{\"@type\":\"SearchAction\",\"target\":{\"@type\":\"EntryPoint\",\"urlTemplate\":\"https:\/\/emikafashion.com\/et\/?s={search_term_string}\"},\"query-input\":{\"@type\":\"PropertyValueSpecification\",\"valueRequired\":true,\"valueName\":\"search_term_string\"}}],\"inLanguage\":\"et\"},{\"@type\":\"Organization\",\"@id\":\"https:\/\/emikafashion.com\/et\/#organization\",\"name\":\"Emika Fashion O\u00dc\",\"url\":\"https:\/\/emikafashion.com\/et\/\",\"logo\":{\"@type\":\"ImageObject\",\"inLanguage\":\"et\",\"@id\":\"https:\/\/emikafashion.com\/et\/#\/schema\/logo\/image\/\",\"url\":\"https:\/\/emikafashion.com\/wp-content\/uploads\/2023\/11\/emika-fashion_logo-flat.svg\",\"contentUrl\":\"https:\/\/emikafashion.com\/wp-content\/uploads\/2023\/11\/emika-fashion_logo-flat.svg\",\"width\":1,\"height\":1,\"caption\":\"Emika Fashion O\u00dc\"},\"image\":{\"@id\":\"https:\/\/emikafashion.com\/et\/#\/schema\/logo\/image\/\"},\"sameAs\":[\"https:\/\/www.facebook.com\/profile.php?id=100071972389525\",\"https:\/\/www.instagram.com\/emika_fashion_official\/\"]}]}<\/script>\n<!-- \/ Yoast SEO plugin. -->","yoast_head_json":{"title":"Ettev\u00f5ttest - Emika Fashion - naiste riided, kleidid, \u00f5htukleidid, kokteilikleidid, peokleidid, pidulikud kleidid, p\u00fckskost\u00fc\u00fcmid, seelikud, l\u00fchikesed p\u00fcksid, korsetid, pluusid | Eesti, Tallinn | Unikaalsed naiste riided","description":"Emika Fashion pakub ainulaadseid r\u00f5ivakollektsioone naistele. Meie pood pakub kvaliteetseid ja stiilseid valikuid.","robots":{"index":"index","follow":"follow","max-snippet":"max-snippet:-1","max-image-preview":"max-image-preview:large","max-video-preview":"max-video-preview:-1"},"canonical":"https:\/\/emikafashion.com\/et\/ettevottest\/","og_locale":"et_EE","og_type":"article","og_title":"Ettev\u00f5ttest - Emika Fashion - naiste riided, kleidid, \u00f5htukleidid, kokteilikleidid, peokleidid, pidulikud kleidid, p\u00fckskost\u00fc\u00fcmid, seelikud, l\u00fchikesed p\u00fcksid, korsetid, pluusid | Eesti, Tallinn | Unikaalsed naiste riided","og_description":"Emika Fashion pakub ainulaadseid r\u00f5ivakollektsioone naistele. Meie pood pakub kvaliteetseid ja stiilseid valikuid.","og_url":"https:\/\/emikafashion.com\/et\/ettevottest\/","og_site_name":"Emika Fashion - naiste riided, kleidid, \u00f5htukleidid, kokteilikleidid, peokleidid, pidulikud kleidid, p\u00fckskost\u00fc\u00fcmid, seelikud, l\u00fchikesed p\u00fcksid, korsetid, pluusid | Eesti, Tallinn |","article_publisher":"https:\/\/www.facebook.com\/profile.php?id=100071972389525","article_modified_time":"2024-01-25T12:24:32+00:00","og_image":[{"width":1200,"height":675,"url":"https:\/\/emikafashion.com\/wp-content\/uploads\/2023\/11\/emika-fashion_site-image.png","type":"image\/png"}],"twitter_card":"summary_large_image","twitter_misc":{"Est. reading time":"1 minut"},"schema":{"@context":"https:\/\/schema.org","@graph":[{"@type":"WebPage","@id":"https:\/\/emikafashion.com\/et\/ettevottest\/","url":"https:\/\/emikafashion.com\/et\/ettevottest\/","name":"Ettev\u00f5ttest - Emika Fashion - naiste riided, kleidid, \u00f5htukleidid, kokteilikleidid, peokleidid, pidulikud kleidid, p\u00fckskost\u00fc\u00fcmid, seelikud, l\u00fchikesed p\u00fcksid, korsetid, pluusid | Eesti, Tallinn | Unikaalsed naiste riided","isPartOf":{"@id":"https:\/\/emikafashion.com\/et\/#website"},"datePublished":"2023-09-26T09:08:19+00:00","dateModified":"2024-01-25T12:24:32+00:00","description":"Emika Fashion pakub ainulaadseid r\u00f5ivakollektsioone naistele. Meie pood pakub kvaliteetseid ja stiilseid valikuid.","breadcrumb":{"@id":"https:\/\/emikafashion.com\/et\/ettevottest\/#breadcrumb"},"inLanguage":"et","potentialAction":[{"@type":"ReadAction","target":["https:\/\/emikafashion.com\/et\/ettevottest\/"]}]},{"@type":"BreadcrumbList","@id":"https:\/\/emikafashion.com\/et\/ettevottest\/#breadcrumb","itemListElement":[{"@type":"ListItem","position":1,"name":"Home","item":"https:\/\/emikafashion.com\/et\/"},{"@type":"ListItem","position":2,"name":"Ettev\u00f5ttest"}]},{"@type":"WebSite","@id":"https:\/\/emikafashion.com\/et\/#website","url":"https:\/\/emikafashion.com\/et\/","name":"Emika Fashion - Women's Clothes, Dresses, Evening Dresses, Cocktail Dresses, Party Dresses, Pantsuits, Skirts, Shorts, Corsets, Blouses | Europe |","description":"Naiste riided | Naistemoe pood | Kleidid","publisher":{"@id":"https:\/\/emikafashion.com\/et\/#organization"},"potentialAction":[{"@type":"SearchAction","target":{"@type":"EntryPoint","urlTemplate":"https:\/\/emikafashion.com\/et\/?s={search_term_string}"},"query-input":{"@type":"PropertyValueSpecification","valueRequired":true,"valueName":"search_term_string"}}],"inLanguage":"et"},{"@type":"Organization","@id":"https:\/\/emikafashion.com\/et\/#organization","name":"Emika Fashion O\u00dc","url":"https:\/\/emikafashion.com\/et\/","logo":{"@type":"ImageObject","inLanguage":"et","@id":"https:\/\/emikafashion.com\/et\/#\/schema\/logo\/image\/","url":"https:\/\/emikafashion.com\/wp-content\/uploads\/2023\/11\/emika-fashion_logo-flat.svg","contentUrl":"https:\/\/emikafashion.com\/wp-content\/uploads\/2023\/11\/emika-fashion_logo-flat.svg","width":1,"height":1,"caption":"Emika Fashion O\u00dc"},"image":{"@id":"https:\/\/emikafashion.com\/et\/#\/schema\/logo\/image\/"},"sameAs":["https:\/\/www.facebook.com\/profile.php?id=100071972389525","https:\/\/www.instagram.com\/emika_fashion_official\/"]}]}},"_links":{"self":[{"href":"https:\/\/emikafashion.com\/et\/wp-json\/wp\/v2\/pages\/19711","targetHints":{"allow":["GET"]}}],"collection":[{"href":"https:\/\/emikafashion.com\/et\/wp-json\/wp\/v2\/pages"}],"about":[{"href":"https:\/\/emikafashion.com\/et\/wp-json\/wp\/v2\/types\/page"}],"author":[{"embeddable":true,"href":"https:\/\/emikafashion.com\/et\/wp-json\/wp\/v2\/users\/1"}],"replies":[{"embeddable":true,"href":"https:\/\/emikafashion.com\/et\/wp-json\/wp\/v2\/comments?post=19711"}],"version-history":[{"count":3,"href":"https:\/\/emikafashion.com\/et\/wp-json\/wp\/v2\/pages\/19711\/revisions"}],"predecessor-version":[{"id":19714,"href":"https:\/\/emikafashion.com\/et\/wp-json\/wp\/v2\/pages\/19711\/revisions\/19714"}],"wp:attachment":[{"href":"https:\/\/emikafashion.com\/et\/wp-json\/wp\/v2\/media?parent=19711"}],"curies":[{"name":"wp","href":"https:\/\/api.w.org\/{rel}","templated":true}]}}