{"id":13914,"date":"2023-09-26T12:08:19","date_gmt":"2023-09-26T09:08:19","guid":{"rendered":"https:\/\/emikafashion.com\/?page_id=13914"},"modified":"2025-12-28T00:10:09","modified_gmt":"2025-12-27T22:10:09","slug":"tarne","status":"publish","type":"page","link":"https:\/\/emikafashion.com\/et\/tarne\/","title":{"rendered":"TARNE"},"content":{"rendered":"<div class=\"row\"  id=\"row-719292741\">\n\n\n\t<div id=\"col-238201945\" class=\"col medium-2 small-12 large-2\"  >\n\t\t\t\t<div class=\"col-inner\"  >\n\t\t\t\n\t\t\t\n\n\n\t\t<\/div>\n\t\t\t\t\t<\/div>\n\n\t\n\n\t<div id=\"col-2061024899\" class=\"col medium-8 small-12 large-8\"  >\n\t\t\t\t<div class=\"col-inner\"  >\n\t\t\t\n\t\t\t\n\n<div class=\"row swimwear-notice\"  id=\"row-1441700664\">\r\n\r\n\n\t<div id=\"col-496231209\" class=\"col small-12 large-12\"  >\n\t\t\t\t<div class=\"col-inner text-left\" style=\"background-color:rgb(242, 231, 215);\" >\n\t\t\t\n\t\t\t\r\n\r\n\n\t\t<div class=\"icon-box featured-box icon-box-left text-left\"  >\n\t\t\t\t\t<div class=\"icon-box-img\" style=\"width: 20px\">\n\t\t\t\t<div class=\"icon\">\n\t\t\t\t\t<div class=\"icon-inner\" style=\"color:rgb(0, 0, 0);\">\n\t\t\t\t\t\t<?xml version=\"1.0\" encoding=\"UTF-8\"?><svg id=\"Layer_2\" xmlns=\"http:\/\/www.w3.org\/2000\/svg\" viewBox=\"0 0 40 40\"><defs><style>.cls-1{fill:#930217;}<\/style><\/defs><g id=\"Layer_1-2\"><path class=\"cls-1\" d=\"M18,30h4v-12h-4v12ZM20,0C8.95,0,0,8.95,0,20s8.95,20,20,20,20-8.95,20-20S31.05,0,20,0Zm0,36c-8.82,0-16-7.18-16-16S11.18,4,20,4s16,7.18,16,16-7.18,16-16,16Zm-2-22h4v-4h-4v4Z\"\/><\/g><\/svg>\t\t\t\t\t<\/div>\n\t\t\t\t<\/div>\n\t\t\t<\/div>\n\t\t\t\t<div class=\"icon-box-text last-reset\">\n\t\t\t\t\t\t\t\t\t\r\n\r\n\t<div id=\"text-883397981\" class=\"text\">\n\t\t\r\n\r\nTellimused saadetakse 1-3 t\u00f6\u00f6p\u00e4eva jooksul. N\u00e4dalavahetustel ja riigip\u00fchadel tellimusi ei saadeta.\r\n\t\t\n<style>\n#text-883397981 {\n  line-height: 1.4;\n  color: rgb(0, 0, 0);\n}\n#text-883397981 > * {\n  color: rgb(0, 0, 0);\n}\n<\/style>\n\t<\/div>\n\t\r\n\r\n\t\t<\/div>\n\t<\/div>\n\t\n\t\r\n\r\n\t\t<\/div>\n\t\t\t\t\n<style>\n#col-496231209 > .col-inner {\n  padding: 20px 20px 20px 20px;\n  margin: 20px 0px 20px 0px;\n  border-radius: 5px;\n}\n<\/style>\n\t<\/div>\n\n\t\r\n\r\n<\/div>\n\n\n\t\t<\/div>\n\t\t\t\t\t<\/div>\n\n\t\n\n\t<div id=\"col-436261710\" class=\"col medium-2 small-12 large-2\"  >\n\t\t\t\t<div class=\"col-inner\"  >\n\t\t\t\n\t\t\t\n\n\n\t\t<\/div>\n\t\t\t\t\t<\/div>\n\n\t\n\n<\/div>\n<div class=\"row\"  id=\"row-1466582597\">\n\n\n\t<div id=\"col-1633540477\" class=\"col medium-2 small-12 large-2\"  >\n\t\t\t\t<div class=\"col-inner\"  >\n\t\t\t\n\t\t\t\n\n\n\t\t<\/div>\n\t\t\t\t\t<\/div>\n\n\t\n\n\t<div id=\"col-1394066982\" class=\"col medium-8 small-12 large-8\"  >\n\t\t\t\t<div class=\"col-inner\"  >\n\t\t\t\n\t\t\t\n\n<h3>TARNE<\/h3>\n<p>Emika Fashioni veebipoes saate tellida toodete kohaletoimetamise \u00fcle Eesti ja Balti riikide. Pakume ka rahvusvahelist saatmist.<\/p>\n<p>Tarnekulu arvutatakse ja kuvatakse tellimuse vormistamisel.<\/p>\n<p><strong>Tarne Eestis<\/strong><\/p>\n<p>Toote ostmisel meie veebipoest saate valida mitme erineva kohaletoimetamisviisi vahel:<\/p>\n<p>Unisend pakiautomaat \u2013 2\u20ac (Tasuta tarne \u00fcle 300\u20ac tellimustele)<\/p>\n<p>Omniva pakiautomaat &#8211; 3\u20ac (Tasuta tarne \u00fcle 300\u20ac tellimustele)<br \/>\u2022 toode j\u00f5uab teie valitud Omniva pakiautomaati 1-5 t\u00f6\u00f6p\u00e4eva jooksul alates tellimuse kinnitamisest. Kui toode on pakiautomaati toimetatud, saate SMS-i, milles on m\u00e4rgitud uksekood, pakiautomaadi asukoht, tagastuskood ja s\u00e4ilitamise t\u00e4htaeg. Automaadid on avatud \u00f6\u00f6p\u00e4evaringselt ning asuvad tavaliselt kaubanduskeskuse peaukse l\u00e4heduses.<\/p>\n<p>SmartPOST pakiautomaat \u2013 4\u20ac (Tasuta tarne \u00fcle 300\u20ac tellimustele)<br \/>\u2022 toode j\u00f5uab teie valitud SmartPOST pakiautomaati 1-5 t\u00f6\u00f6p\u00e4eva jooksul alates tellimuse kinnitamisest. Kui toode on pakiautomaati toimetatud, saate SMS-i, milles on m\u00e4rgitud uksekood ja pakiautomaadi asukoht.<\/p>\n<p>DPD pakiautomaat &#8211; 3\u20ac (Tasuta tarne \u00fcle 300\u20ac tellimustele)<br \/>\u2022 toode j\u00f5uab teie valitud DPD pakiautomaati 1-5 t\u00f6\u00f6p\u00e4eva jooksul alates tellimuse kinnitamisest. Kui toode on pakiautomaati toimetatud, saate SMS-i, milles on m\u00e4rgitud uksekood ja pakiautomaadi asukoht. Automaadid on avatud \u00f6\u00f6p\u00e4evaringselt ning asuvad tavaliselt kaubanduskeskuse peaukse l\u00e4heduses.<\/p>\n<p>Omniva kuller &#8211; 7\u20ac<br \/>Kuller toimetab toote teie poolt m\u00e4\u00e4ratud aadressile 1-5 t\u00f6\u00f6p\u00e4eva jooksul alates tellimuse kinnitamisest. Kuller v\u00f5tab teiega telefoni teel \u00fchendust ja lepib kokku sobiva tarneaja.<br \/>NB! Palume arvestada, et allahindluste perioodil v\u00f5ib tarneaeg olla paar p\u00e4eva pikem.<\/p>\n<p>Omniva postkontor \u2013 5\u20ac<\/p>\n<p>Itella kuller &#8211; 7\u20ac<br \/>Kuller toimetab toote teie poolt m\u00e4\u00e4ratud aadressile 1-5 t\u00f6\u00f6p\u00e4eva jooksul alates tellimuse kinnitamisest. Kuller v\u00f5tab teiega telefoni teel \u00fchendust ja lepib kokku sobiva tarneaja.<\/p>\n<p>DPD kuller &#8211; 7\u20ac<br \/>Kuller toimetab toote teie poolt m\u00e4\u00e4ratud aadressile 1-5 t\u00f6\u00f6p\u00e4eva jooksul alates tellimuse kinnitamisest. Kuller v\u00f5tab teiega telefoni teel \u00fchendust ja lepib kokku sobiva tarneaja.<\/p>\n<p>\u00a0<\/p>\n<p><strong>Tarne L\u00e4tis<\/strong> <br \/>Toote ostmisel meie veebipoest saate valida mitme erineva kohaletoimetamisviisi vahel:<\/p>\n<p>Unisend pakiautomaat \u2013 3\u20ac (Tasuta tarne \u00fcle 300\u20ac tellimustele)<\/p>\n<p>Omniva pakiautomaat &#8211; 5\u20ac (Tasuta tarne \u00fcle 300\u20ac tellimustele)<br \/>\u2022 toode j\u00f5uab teie valitud Omniva pakiautomaati 1-5 t\u00f6\u00f6p\u00e4eva jooksul alates tellimuse kinnitamisest. Kui toode on pakiautomaati toimetatud, saate SMS-i, milles on m\u00e4rgitud uksekood, pakiautomaadi asukoht, tagastuskood ja s\u00e4ilitamise t\u00e4htaeg. Automaadid on avatud \u00f6\u00f6p\u00e4evaringselt ning asuvad tavaliselt kaubanduskeskuse peaukse l\u00e4heduses.<\/p>\n<p>DPD pakiautomaat &#8211; 5\u20ac (Tasuta tarne \u00fcle 300\u20ac tellimustele)<br \/>\u2022 toode j\u00f5uab teie valitud DPD pakiautomaati 1-5 t\u00f6\u00f6p\u00e4eva jooksul alates tellimuse kinnitamisest. Kui toode on pakiautomaati toimetatud, saate SMS-i, milles on m\u00e4rgitud uksekood ja pakiautomaadi asukoht. Automaadid on avatud \u00f6\u00f6p\u00e4evaringselt ning asuvad tavaliselt kaubanduskeskuse peaukse l\u00e4heduses.<\/p>\n<p>Omniva kuller &#8211; 10 \u20ac<br \/>Kuller toimetab toote teie poolt m\u00e4\u00e4ratud aadressile 1-5 t\u00f6\u00f6p\u00e4eva jooksul alates tellimuse kinnitamisest. Kuller v\u00f5tab teiega telefoni teel \u00fchendust ja lepib kokku sobiva tarneaja.<\/p>\n<p>DPD kuller &#8211; 10\u20ac<br \/>Kuller toimetab toote teie poolt m\u00e4\u00e4ratud aadressile 1-5 t\u00f6\u00f6p\u00e4eva jooksul alates tellimuse kinnitamisest. Kuller v\u00f5tab teiega telefoni teel \u00fchendust ja lepib kokku sobiva tarneaja.<\/p>\n<p><strong>Tarne Leedus<\/strong> <br \/>Tooteid ostes meie veebipoest saate valida mitme erineva kohaletoimetamisviisi vahel:<\/p>\n<p>Unisend pakiautomaat \u2013 3\u20ac (Tasuta tarne \u00fcle 300\u20ac tellimustele)<\/p>\n<p>Omniva pakiautomaat &#8211; 5\u20ac (Tasuta tarne \u00fcle 300\u20ac tellimustele)<br \/>\u2022 toode j\u00f5uab teie valitud Omniva pakiautomaati 1-5 t\u00f6\u00f6p\u00e4eva jooksul alates tellimuse kinnitamisest. Kui toode on pakiautomaati toimetatud, saate SMS-i, milles on m\u00e4rgitud uksekood, pakiautomaadi asukoht, tagastuskood ja s\u00e4ilitamise t\u00e4htaeg. Automaadid on avatud \u00f6\u00f6p\u00e4evaringselt ning asuvad tavaliselt kaubanduskeskuse peaukse l\u00e4heduses.<\/p>\n<p>DPD pakiautomaat &#8211; 5\u20ac (Tasuta tarne \u00fcle 300\u20ac tellimustele)<br \/>\u2022 toode j\u00f5uab teie valitud DPD pakiautomaati 1-5 t\u00f6\u00f6p\u00e4eva jooksul alates tellimuse kinnitamisest. Kui toode on pakiautomaati toimetatud, saate SMS-i, milles on m\u00e4rgitud uksekood ja pakiautomaadi asukoht. Automaadid on avatud \u00f6\u00f6p\u00e4evaringselt ning asuvad tavaliselt kaubanduskeskuse peaukse l\u00e4heduses.<\/p>\n<p>Omniva kuller &#8211; 12\u20ac<br \/>Kuller toimetab toote teie poolt m\u00e4\u00e4ratud aadressile 1-5 t\u00f6\u00f6p\u00e4eva jooksul alates tellimuse kinnitamisest. Kuller v\u00f5tab teiega telefoni teel \u00fchendust ja lepib kokku sobiva tarneaja.<\/p>\n<p>DPD kuller &#8211; 12\u20ac<br \/>Kuller toimetab toote teie poolt m\u00e4\u00e4ratud aadressile 1-5 t\u00f6\u00f6p\u00e4eva jooksul alates tellimuse kinnitamisest. Kuller v\u00f5tab teiega telefoni teel \u00fchendust ja lepib kokku sobiva tarneaja.<\/p>\n<p><strong>Soome toimetamine<\/strong><br \/>Tooteid ostes meie veebipoest saate valida mitme erineva kohaletoimetamisviisi vahel:<\/p>\n<p>DPD pakiautomaat &#8211; 9\u20ac<br \/>\u2022 toode j\u00f5uab teie valitud DPD pakiautomaati 1-5 t\u00f6\u00f6p\u00e4eva jooksul alates tellimuse kinnitamisest. Kui toode on pakiautomaati toimetatud, saate SMS-i, milles on m\u00e4rgitud uksekood ja pakiautomaadi asukoht. Automaadid on avatud \u00f6\u00f6p\u00e4evaringselt ning asuvad tavaliselt kaubanduskeskuse peaukse l\u00e4heduses.<\/p>\n<p>SmartPOST pakiautomaat &#8211; 13\u20ac<br \/>\u2022 toode j\u00f5uab teie valitud SmartPOST pakiautomaati 3-5 t\u00f6\u00f6p\u00e4eva jooksul alates tellimuse kinnitamisest. Kui toode on pakiautomaati toimetatud, saate SMS-i, milles on m\u00e4rgitud uksekood ja pakiautomaadi asukoht.<\/p>\n<p>SmartPOST postkontor \u2013 16\u20ac<\/p>\n<p>Omniva pakiautomaat &#8211; 15\u20ac<br \/>\u2022 toode j\u00f5uab teie valitud Omniva pakiautomaati 1-5 t\u00f6\u00f6p\u00e4eva jooksul alates tellimuse kinnitamisest. Kui toode on pakiautomaati toimetatud, saate SMS-i, milles on m\u00e4rgitud uksekood, pakiautomaadi asukoht, tagastuskood ja s\u00e4ilitamise t\u00e4htaeg. Automaadid on avatud \u00f6\u00f6p\u00e4evaringselt ning asuvad tavaliselt kaubanduskeskuse peaukse l\u00e4heduses.<\/p>\n<p>\u00a0<\/p>\n<p>TAGASTAMISPROTSEDUUR<\/p>\n<p>Tagastamine ostja kulul.<\/p>\n<p>Tagastamine ja vahetus<\/p>\n<p>Toote tagastamiseks v\u00f5i vahetamiseks peab m\u00fc\u00fcjale esitama tootega seotud tagastamisavalduse 14 p\u00e4eva jooksul alates toote k\u00e4ttesaamisest. Tagastamisavalduse esitamiseks on j\u00e4rgmised v\u00f5imalused:<br \/>\u2022 Saates m\u00fc\u00fcjale tagastamise vormi koos tagastatava tootega.<br \/>\u2022 T\u00e4ites ja saatmismise aadressile store@emikafashion.com <a href=\"https:\/\/emikafashion.com\/wp-content\/uploads\/2024\/02\/et_emika-fashion_return-form-2.pdf\">tagastamise vormi<\/a>, mis on k\u00e4ttesaadav kodulehek\u00fcljel. M\u00fc\u00fcja aktsepteerib tagastust ainult t\u00e4idetud tagastamisvormi v\u00f5i tagastusavaldusega.<\/p>\n<p>Tagastamiseks on saadaval j\u00e4rgmised tasulised v\u00f5imalused:<br \/><strong>1. Tagastamine pakiautomaadi kaudu:<\/strong><br \/>Asetage t\u00e4idetud tagastusleht pakki ja pakkige tagastatav pakk nii, et seda ei saaks avada, kahjustamata pakki. Eemaldage vana aadressikaart.<\/p>\n<p><strong>Tagastamise andmed:<\/strong><\/p>\n<p><strong>Omniva\/Smartpost\/DPD\/Unisend <\/strong><br \/><strong>Sikupilli Keskus <\/strong><br \/><strong>Tartu mnt 87, Tallinn 10112<\/strong><br \/><strong>Telefoni number: +372 5682 6577<\/strong><\/p>\n<p>Tagastus j\u00f5uab veebipoodi 3-5 t\u00f6\u00f6p\u00e4eva jooksul. M\u00fc\u00fcja tagastab ostusumma ostjale 14 p\u00e4eva jooksul alates tagastuse saamisest, arvestades postikulusid. Tagastamine toimub samale pangakontole, millelt klient tegi algselt makse.<\/p>\n<p><strong>2. Tagastamine meie kaupluse kaudu:<\/strong><br \/>Lisage tagastatava paki juurde t\u00e4idetud tagastusleht. Klienditeeninduse konsultandid saadavad tagastatava toote internetipoesse, kus toimub vahetus- v\u00f5i tagastusprotsess. Pakk j\u00f5uab internetipoodi 5 t\u00f6\u00f6p\u00e4eva jooksul. Palun olge teadlik, et tavalistes kauplustes raha ei tagastata. Toote vahetamise v\u00f5i tagastamise protsess toimub ainult internetipoes Emika Fashion.<\/p>\n<p>Toote raha tagastamisel kantakse summa tagasi samale pangakontole, millelt oli algselt tellimus makstud, 14 p\u00e4eva jooksul p\u00e4rast tagastusavalduse esitamist. Saadame teile e-kirja aadressile, kus kinnitame tagastatud toodete vastuv\u00f5tmise. Tavalistes kauplustes ei saa te vahetustoodet valida.<\/p>\n<p>Toodet saab vahetada ainult samas suuruses teise sama toote vastu. Vahetuse korral saadame teile uue toote kohe p\u00e4rast tagastatava toote vastuv\u00f5tmist.<\/p>\n<p><strong>Toote tagastamisel kannab klient tagasisaatmise kulud. Osalise tagastuse korral kannab klient samuti tagasisaatmise kulud.<\/strong><\/p>\n<p>Tootel, mida klient soovib vahetada v\u00f5i tagastada, ei tohi olla kahjustusi ega kandmise j\u00e4lgi. See peab olema originaalpakendis ja sel peavad olema k\u00f5ik originaaletiketid. Pesu ja ujumisriided ei kuulu tagastamisele.<\/p>\n<p>Palun avage alati ettevaatlikult toote pakend, et seda mitte kahjustada. Kui pakendit ei saa kahjustamata avada, ei tohi tagastatav toode olla originaalpakendis.<\/p>\n\n\t\t<\/div>\n\t\t\t\t\t<\/div>\n\n\t\n\n\t<div id=\"col-1227745722\" class=\"col medium-2 small-12 large-2\"  >\n\t\t\t\t<div class=\"col-inner\"  >\n\t\t\t\n\t\t\t\n\n\n\t\t<\/div>\n\t\t\t\t\t<\/div>\n\n\t\n\n<\/div>","protected":false},"excerpt":{"rendered":"","protected":false},"author":1,"featured_media":0,"parent":0,"menu_order":0,"comment_status":"closed","ping_status":"open","template":"","meta":{"footnotes":""},"class_list":["post-13914","page","type-page","status-publish","hentry"],"yoast_head":"<!-- This site is optimized with the Yoast SEO plugin v26.2 - https:\/\/yoast.com\/wordpress\/plugins\/seo\/ -->\n<title>TARNE - Emika Fashion - naiste riided, kleidid, \u00f5htukleidid, kokteilikleidid, peokleidid, pidulikud kleidid, p\u00fckskost\u00fc\u00fcmid, seelikud, l\u00fchikesed p\u00fcksid, korsetid, pluusid | Eesti, Tallinn | kiire ja usaldusv\u00e4\u00e4rne kohaletoimetamine<\/title>\n<meta name=\"description\" content=\"Tutvuge meie tarnetingimustega. Emika Fashion garanteerib kiire ja usaldusv\u00e4\u00e4rse kohaletoimetamise. Tellige julgelt stiilseid komplekte!\" \/>\n<meta name=\"robots\" content=\"index, follow, max-snippet:-1, max-image-preview:large, max-video-preview:-1\" \/>\n<link rel=\"canonical\" href=\"https:\/\/emikafashion.com\/et\/tarne\/\" \/>\n<meta property=\"og:locale\" content=\"et_EE\" \/>\n<meta property=\"og:type\" content=\"article\" \/>\n<meta property=\"og:title\" content=\"TARNE - Emika Fashion - naiste riided, kleidid, \u00f5htukleidid, kokteilikleidid, peokleidid, pidulikud kleidid, p\u00fckskost\u00fc\u00fcmid, seelikud, l\u00fchikesed p\u00fcksid, korsetid, pluusid | Eesti, Tallinn | kiire ja usaldusv\u00e4\u00e4rne kohaletoimetamine\" \/>\n<meta property=\"og:description\" content=\"Tutvuge meie tarnetingimustega. Emika Fashion garanteerib kiire ja usaldusv\u00e4\u00e4rse kohaletoimetamise. Tellige julgelt stiilseid komplekte!\" \/>\n<meta property=\"og:url\" content=\"https:\/\/emikafashion.com\/et\/tarne\/\" \/>\n<meta property=\"og:site_name\" content=\"Emika Fashion - naiste riided, kleidid, \u00f5htukleidid, kokteilikleidid, peokleidid, pidulikud kleidid, p\u00fckskost\u00fc\u00fcmid, seelikud, l\u00fchikesed p\u00fcksid, korsetid, pluusid | Eesti, Tallinn |\" \/>\n<meta property=\"article:publisher\" content=\"https:\/\/www.facebook.com\/profile.php?id=100071972389525\" \/>\n<meta property=\"article:modified_time\" content=\"2025-12-27T22:10:09+00:00\" \/>\n<meta property=\"og:image\" content=\"https:\/\/emikafashion.com\/wp-content\/uploads\/2023\/11\/emika-fashion_site-image.png\" \/>\n\t<meta property=\"og:image:width\" content=\"1200\" \/>\n\t<meta property=\"og:image:height\" content=\"675\" \/>\n\t<meta property=\"og:image:type\" content=\"image\/png\" \/>\n<meta name=\"twitter:card\" content=\"summary_large_image\" \/>\n<meta name=\"twitter:label1\" content=\"Est. reading time\" \/>\n\t<meta name=\"twitter:data1\" content=\"5 minutit\" \/>\n<script type=\"application\/ld+json\" class=\"yoast-schema-graph\">{\"@context\":\"https:\/\/schema.org\",\"@graph\":[{\"@type\":\"WebPage\",\"@id\":\"https:\/\/emikafashion.com\/et\/tarne\/\",\"url\":\"https:\/\/emikafashion.com\/et\/tarne\/\",\"name\":\"TARNE - Emika Fashion - naiste riided, kleidid, \u00f5htukleidid, kokteilikleidid, peokleidid, pidulikud kleidid, p\u00fckskost\u00fc\u00fcmid, seelikud, l\u00fchikesed p\u00fcksid, korsetid, pluusid | Eesti, Tallinn | kiire ja usaldusv\u00e4\u00e4rne kohaletoimetamine\",\"isPartOf\":{\"@id\":\"https:\/\/emikafashion.com\/et\/#website\"},\"datePublished\":\"2023-09-26T09:08:19+00:00\",\"dateModified\":\"2025-12-27T22:10:09+00:00\",\"description\":\"Tutvuge meie tarnetingimustega. Emika Fashion garanteerib kiire ja usaldusv\u00e4\u00e4rse kohaletoimetamise. Tellige julgelt stiilseid komplekte!\",\"breadcrumb\":{\"@id\":\"https:\/\/emikafashion.com\/et\/tarne\/#breadcrumb\"},\"inLanguage\":\"et\",\"potentialAction\":[{\"@type\":\"ReadAction\",\"target\":[\"https:\/\/emikafashion.com\/et\/tarne\/\"]}]},{\"@type\":\"BreadcrumbList\",\"@id\":\"https:\/\/emikafashion.com\/et\/tarne\/#breadcrumb\",\"itemListElement\":[{\"@type\":\"ListItem\",\"position\":1,\"name\":\"Home\",\"item\":\"https:\/\/emikafashion.com\/et\/\"},{\"@type\":\"ListItem\",\"position\":2,\"name\":\"TARNE\"}]},{\"@type\":\"WebSite\",\"@id\":\"https:\/\/emikafashion.com\/et\/#website\",\"url\":\"https:\/\/emikafashion.com\/et\/\",\"name\":\"Emika Fashion - Women's Clothes, Dresses, Evening Dresses, Cocktail Dresses, Party Dresses, Pantsuits, Skirts, Shorts, Corsets, Blouses | Europe |\",\"description\":\"Naiste riided | Naistemoe pood | Kleidid\",\"publisher\":{\"@id\":\"https:\/\/emikafashion.com\/et\/#organization\"},\"potentialAction\":[{\"@type\":\"SearchAction\",\"target\":{\"@type\":\"EntryPoint\",\"urlTemplate\":\"https:\/\/emikafashion.com\/et\/?s={search_term_string}\"},\"query-input\":{\"@type\":\"PropertyValueSpecification\",\"valueRequired\":true,\"valueName\":\"search_term_string\"}}],\"inLanguage\":\"et\"},{\"@type\":\"Organization\",\"@id\":\"https:\/\/emikafashion.com\/et\/#organization\",\"name\":\"Emika Fashion O\u00dc\",\"url\":\"https:\/\/emikafashion.com\/et\/\",\"logo\":{\"@type\":\"ImageObject\",\"inLanguage\":\"et\",\"@id\":\"https:\/\/emikafashion.com\/et\/#\/schema\/logo\/image\/\",\"url\":\"https:\/\/emikafashion.com\/wp-content\/uploads\/2023\/11\/emika-fashion_logo-flat.svg\",\"contentUrl\":\"https:\/\/emikafashion.com\/wp-content\/uploads\/2023\/11\/emika-fashion_logo-flat.svg\",\"width\":1,\"height\":1,\"caption\":\"Emika Fashion O\u00dc\"},\"image\":{\"@id\":\"https:\/\/emikafashion.com\/et\/#\/schema\/logo\/image\/\"},\"sameAs\":[\"https:\/\/www.facebook.com\/profile.php?id=100071972389525\",\"https:\/\/www.instagram.com\/emika_fashion_official\/\"]}]}<\/script>\n<!-- \/ Yoast SEO plugin. -->","yoast_head_json":{"title":"TARNE - Emika Fashion - naiste riided, kleidid, \u00f5htukleidid, kokteilikleidid, peokleidid, pidulikud kleidid, p\u00fckskost\u00fc\u00fcmid, seelikud, l\u00fchikesed p\u00fcksid, korsetid, pluusid | Eesti, Tallinn | kiire ja usaldusv\u00e4\u00e4rne kohaletoimetamine","description":"Tutvuge meie tarnetingimustega. Emika Fashion garanteerib kiire ja usaldusv\u00e4\u00e4rse kohaletoimetamise. Tellige julgelt stiilseid komplekte!","robots":{"index":"index","follow":"follow","max-snippet":"max-snippet:-1","max-image-preview":"max-image-preview:large","max-video-preview":"max-video-preview:-1"},"canonical":"https:\/\/emikafashion.com\/et\/tarne\/","og_locale":"et_EE","og_type":"article","og_title":"TARNE - Emika Fashion - naiste riided, kleidid, \u00f5htukleidid, kokteilikleidid, peokleidid, pidulikud kleidid, p\u00fckskost\u00fc\u00fcmid, seelikud, l\u00fchikesed p\u00fcksid, korsetid, pluusid | Eesti, Tallinn | kiire ja usaldusv\u00e4\u00e4rne kohaletoimetamine","og_description":"Tutvuge meie tarnetingimustega. Emika Fashion garanteerib kiire ja usaldusv\u00e4\u00e4rse kohaletoimetamise. Tellige julgelt stiilseid komplekte!","og_url":"https:\/\/emikafashion.com\/et\/tarne\/","og_site_name":"Emika Fashion - naiste riided, kleidid, \u00f5htukleidid, kokteilikleidid, peokleidid, pidulikud kleidid, p\u00fckskost\u00fc\u00fcmid, seelikud, l\u00fchikesed p\u00fcksid, korsetid, pluusid | Eesti, Tallinn |","article_publisher":"https:\/\/www.facebook.com\/profile.php?id=100071972389525","article_modified_time":"2025-12-27T22:10:09+00:00","og_image":[{"width":1200,"height":675,"url":"https:\/\/emikafashion.com\/wp-content\/uploads\/2023\/11\/emika-fashion_site-image.png","type":"image\/png"}],"twitter_card":"summary_large_image","twitter_misc":{"Est. reading time":"5 minutit"},"schema":{"@context":"https:\/\/schema.org","@graph":[{"@type":"WebPage","@id":"https:\/\/emikafashion.com\/et\/tarne\/","url":"https:\/\/emikafashion.com\/et\/tarne\/","name":"TARNE - Emika Fashion - naiste riided, kleidid, \u00f5htukleidid, kokteilikleidid, peokleidid, pidulikud kleidid, p\u00fckskost\u00fc\u00fcmid, seelikud, l\u00fchikesed p\u00fcksid, korsetid, pluusid | Eesti, Tallinn | kiire ja usaldusv\u00e4\u00e4rne kohaletoimetamine","isPartOf":{"@id":"https:\/\/emikafashion.com\/et\/#website"},"datePublished":"2023-09-26T09:08:19+00:00","dateModified":"2025-12-27T22:10:09+00:00","description":"Tutvuge meie tarnetingimustega. Emika Fashion garanteerib kiire ja usaldusv\u00e4\u00e4rse kohaletoimetamise. Tellige julgelt stiilseid komplekte!","breadcrumb":{"@id":"https:\/\/emikafashion.com\/et\/tarne\/#breadcrumb"},"inLanguage":"et","potentialAction":[{"@type":"ReadAction","target":["https:\/\/emikafashion.com\/et\/tarne\/"]}]},{"@type":"BreadcrumbList","@id":"https:\/\/emikafashion.com\/et\/tarne\/#breadcrumb","itemListElement":[{"@type":"ListItem","position":1,"name":"Home","item":"https:\/\/emikafashion.com\/et\/"},{"@type":"ListItem","position":2,"name":"TARNE"}]},{"@type":"WebSite","@id":"https:\/\/emikafashion.com\/et\/#website","url":"https:\/\/emikafashion.com\/et\/","name":"Emika Fashion - Women's Clothes, Dresses, Evening Dresses, Cocktail Dresses, Party Dresses, Pantsuits, Skirts, Shorts, Corsets, Blouses | Europe |","description":"Naiste riided | Naistemoe pood | Kleidid","publisher":{"@id":"https:\/\/emikafashion.com\/et\/#organization"},"potentialAction":[{"@type":"SearchAction","target":{"@type":"EntryPoint","urlTemplate":"https:\/\/emikafashion.com\/et\/?s={search_term_string}"},"query-input":{"@type":"PropertyValueSpecification","valueRequired":true,"valueName":"search_term_string"}}],"inLanguage":"et"},{"@type":"Organization","@id":"https:\/\/emikafashion.com\/et\/#organization","name":"Emika Fashion O\u00dc","url":"https:\/\/emikafashion.com\/et\/","logo":{"@type":"ImageObject","inLanguage":"et","@id":"https:\/\/emikafashion.com\/et\/#\/schema\/logo\/image\/","url":"https:\/\/emikafashion.com\/wp-content\/uploads\/2023\/11\/emika-fashion_logo-flat.svg","contentUrl":"https:\/\/emikafashion.com\/wp-content\/uploads\/2023\/11\/emika-fashion_logo-flat.svg","width":1,"height":1,"caption":"Emika Fashion O\u00dc"},"image":{"@id":"https:\/\/emikafashion.com\/et\/#\/schema\/logo\/image\/"},"sameAs":["https:\/\/www.facebook.com\/profile.php?id=100071972389525","https:\/\/www.instagram.com\/emika_fashion_official\/"]}]}},"_links":{"self":[{"href":"https:\/\/emikafashion.com\/et\/wp-json\/wp\/v2\/pages\/13914","targetHints":{"allow":["GET"]}}],"collection":[{"href":"https:\/\/emikafashion.com\/et\/wp-json\/wp\/v2\/pages"}],"about":[{"href":"https:\/\/emikafashion.com\/et\/wp-json\/wp\/v2\/types\/page"}],"author":[{"embeddable":true,"href":"https:\/\/emikafashion.com\/et\/wp-json\/wp\/v2\/users\/1"}],"replies":[{"embeddable":true,"href":"https:\/\/emikafashion.com\/et\/wp-json\/wp\/v2\/comments?post=13914"}],"version-history":[{"count":27,"href":"https:\/\/emikafashion.com\/et\/wp-json\/wp\/v2\/pages\/13914\/revisions"}],"predecessor-version":[{"id":82752,"href":"https:\/\/emikafashion.com\/et\/wp-json\/wp\/v2\/pages\/13914\/revisions\/82752"}],"wp:attachment":[{"href":"https:\/\/emikafashion.com\/et\/wp-json\/wp\/v2\/media?parent=13914"}],"curies":[{"name":"wp","href":"https:\/\/api.w.org\/{rel}","templated":true}]}}